{"id":3219,"date":"2016-09-11T17:11:42","date_gmt":"2016-09-11T15:11:42","guid":{"rendered":"https:\/\/www.gwgl-hamburg.de\/?page_id=51"},"modified":"2026-04-13T10:50:29","modified_gmt":"2026-04-13T08:50:29","slug":"geschaeftsfuehrer-beratung","status":"publish","type":"page","link":"https:\/\/gwgl-hamburg.de\/en\/rechtsgebiete\/gesellschaftsrecht\/geschaeftsfuehrer-beratung\/","title":{"rendered":"Managing Director Consultancy"},"content":{"rendered":"<h1>Managing Director Consultancy<\/h1>\n<h2 class=\"title\">Beratung f\u00fcr Gesch\u00e4ftsf\u00fchrer<\/h2>\n<p>Gesch\u00e4ftsf\u00fchrer zu sein ist eine <strong>verantwortungsvolle Position.<\/strong> Sie repr\u00e4sentieren das Unternehmen nach au\u00dfen. Zugleich gestalten und lenken Sie die Prozesse im Inneren. Doch Ansehen und Einfluss haben Ihren Preis: Sie stehen gegen\u00fcber den Gesellschaftern, dem Gesetzgeber, den Lieferanten und Kunden <strong>in der Pflicht und haften bei Nichterf\u00fcllung<\/strong> \u2013 potentiell auch mit Ihrem Privatverm\u00f6gen.<\/p>\n<p>Wir sind Ihre Lotsen \u2013 und navigieren Sie sicher durch alle Untiefen.<\/p>\n<h2 class=\"title\">Haftungsrisiken vermeiden<\/h2>\n<p>Der Gesetzgeber und die Rechtsprechung legen dem Gesch\u00e4ftsf\u00fchrer viele Pflichten auf. Die oft dramatischen Folgen einer Missachtung solcher Pflichten sind <a href=\"https:\/\/gwgl-hamburg.de\/en\/wofuer-hafte-ich-als-geschaeftsfuehrer-ein-ueberblick\/\">hier<\/a> n\u00e4her beschrieben.<\/p>\n<p>Wir helfen Ihnen dabei, die Gesch\u00e4ftsf\u00fchrerpflichten zu identifizieren und im Gesamtgef\u00fcge der verschiedenen Interessenlagen umzusetzen.<\/p>\n<p><b>Haftungsf\u00e4lle heilen und Folgen mildern<\/b><\/p>\n<p>Wo gehobelt wird, fallen Sp\u00e4ne. Wenn Sie also doch einmal mit Pflichtverst\u00f6\u00dfen konfrontiert sein sollten: Wir erarbeiten gemeinsam L\u00f6sungskonzepte, um die Folgen solcher Verst\u00f6\u00dfe auf ein Minimum zu reduzieren.<\/p>\n<h2 class=\"title\">Verh\u00e4ltnis zu (Mit)Gesellschaftern optimal gestalten<\/h2>\n<p>Als Gesch\u00e4ftsf\u00fchrer stehen Sie in einem naturgegebenen Spannungsfeld zu Ihren (Mit)Gesellschaftern. Doch Meinungsverschiedenheiten k\u00f6nnen durchaus konstruktiv sein, wenn damit professionell umgegangen wird.<\/p>\n<p>Durch eine vorausschauende gesellschaftsrechtliche Gestaltung k\u00f6nnen Kompetenzen klar geregelt werden. So mancher Streit l\u00e4sst sich dadurch vermeiden.<\/p>\n<p>Leider kommt es immer wieder vor, dass pers\u00f6nliche Befindlichkeiten das Handeln beeinflussen und rationale L\u00f6sungen in weite Ferne r\u00fccken. Hier ist dann auf das geeignete gesellschaftsrechtliche Instrumentarium zur\u00fcckzugreifen, um weiter auf Kurs zu bleiben.<\/p>\n<h2 class=\"title\">Gesellschafterversammlungen und Beschl\u00fcsse organisieren<\/h2>\n<p>Zu den Aufgaben der Gesch\u00e4ftsf\u00fchrung geh\u00f6rt die Vorbereitung von Gesellschafterversammlungen und Gesellschafterbeschl\u00fcssen. Insbesondere gilt es bestimmte Formalien einzuhalten, deren Missachtung schlimmstenfalls zur Nichtigkeit von Beschl\u00fcssen f\u00fchren k\u00f6nnte. N\u00e4here Informationen hierzu haben wir <a href=\"https:\/\/gwgl-hamburg.de\/en\/nichts-fuer-die-leichte-schulter-gesellschafterbeschluesse-in-einer-gmbh-ug-oder-gmbh-co-kg\/\">hier <\/a>zusammengefasst. Gern unterst\u00fctzen wir Sie darin, Gesellschafterversammlungen und Gesellschafterbeschl\u00fcsse fehlerfrei vorzubereiten.<\/p>\n<h2 class=\"title\">M&amp;A, MBO, MBI \u2013 Unternehmen oder Beteiligungen kaufen und verkaufen<\/h2>\n<p>Bei Unternehmenstransaktionen sind Gesch\u00e4ftsf\u00fchrer besonders exponiert. Das gilt selbstredend f\u00fcr die F\u00e4lle, in denen Sie als Gesch\u00e4ftsf\u00fchrer das eigene Unternehmen \u00fcbernehmen wollen (MBO) oder sich ein fremdes Unternehmen einkaufen (MBI). Wir pr\u00fcfen und strukturieren die Transaktion, damit Sie gesellschaftsrechtliche und steuerliche Fallstricke vermeiden.<\/p>\n<p>Auch Unternehmenstransaktionen, bei denen Dritte das Unternehmen erwerben oder sich daran beteiligen, sind f\u00fcr den Gesch\u00e4ftsf\u00fchrer bedeutsam. Sie sind als Gesch\u00e4ftsf\u00fchrer am besten \u00fcber die Situation in der Gesellschaft informiert. Deshalb werden von Ihnen in der Regel Garantien abverlangt, f\u00fcr die Sie mit Ihrem Privatverm\u00f6gen haften. Lassen Sie sich durch uns beraten, um derartige Garantien zu verhandeln \u2013 und das Haftungspotenzial in \u00fcberschaubare Bahnen zu lenken.<\/p>","protected":false},"excerpt":{"rendered":"<p>Gesch\u00e4ftsf\u00fchrer-Beratung Beratung f\u00fcr Gesch\u00e4ftsf\u00fchrer Gesch\u00e4ftsf\u00fchrer zu sein ist eine verantwortungsvolle Position. Sie repr\u00e4sentieren das Unternehmen nach au\u00dfen. Zugleich gestalten und lenken Sie die Prozesse im Inneren. Doch Ansehen und Einfluss haben Ihren Preis: Sie stehen gegen\u00fcber den Gesellschaftern, dem Gesetzgeber, den Lieferanten und Kunden in der Pflicht und haften bei Nichterf\u00fcllung \u2013 potentiell auch mit [&hellip;]<\/p>\n","protected":false},"author":3,"featured_media":0,"parent":3231,"menu_order":0,"comment_status":"closed","ping_status":"closed","template":"","meta":{"_acf_changed":false,"footnotes":""},"class_list":["post-3219","page","type-page","status-publish","hentry"],"acf":[],"_links":{"self":[{"href":"https:\/\/gwgl-hamburg.de\/en\/wp-json\/wp\/v2\/pages\/3219","targetHints":{"allow":["GET"]}}],"collection":[{"href":"https:\/\/gwgl-hamburg.de\/en\/wp-json\/wp\/v2\/pages"}],"about":[{"href":"https:\/\/gwgl-hamburg.de\/en\/wp-json\/wp\/v2\/types\/page"}],"author":[{"embeddable":true,"href":"https:\/\/gwgl-hamburg.de\/en\/wp-json\/wp\/v2\/users\/3"}],"replies":[{"embeddable":true,"href":"https:\/\/gwgl-hamburg.de\/en\/wp-json\/wp\/v2\/comments?post=3219"}],"version-history":[{"count":7,"href":"https:\/\/gwgl-hamburg.de\/en\/wp-json\/wp\/v2\/pages\/3219\/revisions"}],"predecessor-version":[{"id":5010,"href":"https:\/\/gwgl-hamburg.de\/en\/wp-json\/wp\/v2\/pages\/3219\/revisions\/5010"}],"up":[{"embeddable":true,"href":"https:\/\/gwgl-hamburg.de\/en\/wp-json\/wp\/v2\/pages\/3231"}],"wp:attachment":[{"href":"https:\/\/gwgl-hamburg.de\/en\/wp-json\/wp\/v2\/media?parent=3219"}],"curies":[{"name":"wp","href":"https:\/\/api.w.org\/{rel}","templated":true}]}}