{"id":3229,"date":"2016-10-01T19:18:50","date_gmt":"2016-10-01T17:18:50","guid":{"rendered":"https:\/\/www.gwgl-hamburg.de\/?page_id=408"},"modified":"2026-03-18T12:34:00","modified_gmt":"2026-03-18T11:34:00","slug":"erbrecht-nachfolge","status":"publish","type":"page","link":"https:\/\/gwgl-hamburg.de\/en\/rechtsgebiete\/erbrecht-nachfolge\/","title":{"rendered":"Inheritance law &amp; succession"},"content":{"rendered":"<h1 class=\"title\">Inheritance law &amp; succession<\/h1>\n<p>Das weite Feld des <strong>Erbrechts<\/strong> umfasst nicht nur das, was nach einem Erbfall passiert, sondern gerade auch den Zeitraum vor einem Erbfall. Nur vor dem Erbfall kann man gestalten, nach dem Erbfall kann man h\u00f6chstens reparieren. Ein Erbfall aber ist nicht selten die gr\u00f6\u00dfte Gefahr f\u00fcr geschaffenes Verm\u00f6gen. Die Belastung mit Erbschaftsteuer kann bei mangelhafter oder gar keiner Nachlassplanung gro\u00dfe Werte vernichten und Liquidit\u00e4tsl\u00fccken schaffen. Ein Erbstreit wiederum kann dazu f\u00fchren, dass der Zugriff auf Verm\u00f6genswerte blockiert wird. Auch hier k\u00f6nnen Verm\u00f6genswerte reduziert werden. Wir als Rechtsanw\u00e4lte, Fachanw\u00e4lte, Steuerberater und Fachberater f\u00fcr Unternehmensnachfolge in Hamburg beraten Sie gern bei der Nachlassplanung. Auch bei allen Auseinandersetzungen im Zusammenhang mit dem Erbfall und dem Erbrecht stehen wir Ihnen zur Seite.<\/p>\n<p>Vertrauen Sie auf unsere Spezialisierung im Erbrecht und unsere jahrelange Erfahrung.<\/p>\n<p>Wir sind \u2013 unter anderem \u2013 in diesen F\u00e4llen f\u00fcr Sie da:<\/p>\n<h2>Vor dem Erbfall:<\/h2>\n<ul>\n<li>Sie m\u00f6chten Ihren <a title=\"Informationen und Rechtsberatung bei der Nachlassabwicklung\" href=\"https:\/\/gwgl-hamburg.de\/en\/areas-of-law\/erbrecht-nachfolge\/nachlassabwicklung\/\">Nachlass planen<\/a> und Ihr <a title=\"Informationen und Rechtsberatung bei der Testamentsgestaltung\" href=\"https:\/\/gwgl-hamburg.de\/en\/areas-of-law\/erbrecht-nachfolge\/testamentsgestaltung-und-vorsorge\/\">Testament gestalten<\/a>.<\/li>\n<li>Sie m\u00f6chten schon zu Lebzeiten Ihr Verm\u00f6gen auf andere \u00fcbertragen.<\/li>\n<li>Sie sind Unternehmer und m\u00f6chten die <a title=\"Informationen und Rechtsberatung bei der Nachfolgeregelung bei Unternehmen\" href=\"https:\/\/gwgl-hamburg.de\/en\/areas-of-law\/erbrecht-nachfolge\/unternehmens-vermoegensnachfolge\/\">Nachfolge regeln<\/a>.<\/li>\n<li>Sie sind Landwirt und m\u00f6chten die <a title=\"Informationen und Rechtsberatung bei der landwirtschaftlichen Nachfolge\" href=\"https:\/\/gwgl-hamburg.de\/en\/areas-of-law\/corporate-law\/landwirtschaftliche-nachfolge\/\">Nachfolge f\u00fcr Ihren Betrieb<\/a> gestalten.<\/li>\n<li>Sie m\u00f6chten eine\/n <a title=\"Informationen und Rechtsberatung bei der Testamentsvollstreckung\" href=\"https:\/\/gwgl-hamburg.de\/en\/areas-of-law\/erbrecht-nachfolge\/testamentsvollstreckung\/\">Testamentsvollstrecker<\/a>\/in einsetzen.<\/li>\n<li>Sie m\u00f6chten vorsorgen, was im ernsten Krankheitsfall mit Ihnen geschehen soll \u2013 Stichwort Patientenverf\u00fcgung, Vorsorgevollmacht, Betreuungsverf\u00fcgung.<\/li>\n<\/ul>\n<h2>Nach einem Erbfall:<\/h2>\n<ul>\n<li>Sie m\u00f6chten <a title=\"Informationen und Rechtsberatung bei Erbstreitigkeiten\" href=\"https:\/\/gwgl-hamburg.de\/en\/areas-of-law\/erbrecht-nachfolge\/erbstreitigkeit\/\">Erbstreitigkeiten<\/a> bestm\u00f6glich beilegen.<\/li>\n<li>Sie m\u00f6chten Ihren <a title=\"Pflichtteil im Erbfall durchsetzen\" href=\"https:\/\/gwgl-hamburg.de\/en\/areas-of-law\/erbrecht-nachfolge\/pflichtteil\/\">Pflichtteilsanspruch durchsetzen<\/a>.<\/li>\n<li>Sie m\u00f6chten <a href=\"https:\/\/gwgl-hamburg.de\/en\/areas-of-law\/erbrecht-nachfolge\/pflichtteil\/\">Pflichtteilsanspr\u00fcche von anderen abwehren oder reduzieren<\/a>.<\/li>\n<li>Sie sind <a href=\"https:\/\/gwgl-hamburg.de\/en\/areas-of-law\/erbrecht-nachfolge\/testamentsvollstreckung\/\">Testamentsvollstrecker\/in<\/a> und brauchen Rat und Hilfe.<\/li>\n<li>Sie brauchen Hilfe bei der <a href=\"https:\/\/gwgl-hamburg.de\/en\/areas-of-law\/erbrecht-nachfolge\/nachlassabwicklung\/\">Abwicklung des Nachlasses<\/a>.<\/li>\n<\/ul>","protected":false},"excerpt":{"rendered":"<p>Erbrecht &amp; Nachfolge Das weite Feld des Erbrechts umfasst nicht nur das, was nach einem Erbfall passiert, sondern gerade auch den Zeitraum vor einem Erbfall. Nur vor dem Erbfall kann man gestalten, nach dem Erbfall kann man h\u00f6chstens reparieren. Ein Erbfall aber ist nicht selten die gr\u00f6\u00dfte Gefahr f\u00fcr geschaffenes Verm\u00f6gen. Die Belastung mit Erbschaftsteuer [&hellip;]<\/p>\n","protected":false},"author":7,"featured_media":0,"parent":355,"menu_order":0,"comment_status":"closed","ping_status":"closed","template":"","meta":{"_acf_changed":false,"footnotes":""},"class_list":["post-3229","page","type-page","status-publish","hentry"],"acf":[],"_links":{"self":[{"href":"https:\/\/gwgl-hamburg.de\/en\/wp-json\/wp\/v2\/pages\/3229","targetHints":{"allow":["GET"]}}],"collection":[{"href":"https:\/\/gwgl-hamburg.de\/en\/wp-json\/wp\/v2\/pages"}],"about":[{"href":"https:\/\/gwgl-hamburg.de\/en\/wp-json\/wp\/v2\/types\/page"}],"author":[{"embeddable":true,"href":"https:\/\/gwgl-hamburg.de\/en\/wp-json\/wp\/v2\/users\/7"}],"replies":[{"embeddable":true,"href":"https:\/\/gwgl-hamburg.de\/en\/wp-json\/wp\/v2\/comments?post=3229"}],"version-history":[{"count":10,"href":"https:\/\/gwgl-hamburg.de\/en\/wp-json\/wp\/v2\/pages\/3229\/revisions"}],"predecessor-version":[{"id":4442,"href":"https:\/\/gwgl-hamburg.de\/en\/wp-json\/wp\/v2\/pages\/3229\/revisions\/4442"}],"up":[{"embeddable":true,"href":"https:\/\/gwgl-hamburg.de\/en\/wp-json\/wp\/v2\/pages\/355"}],"wp:attachment":[{"href":"https:\/\/gwgl-hamburg.de\/en\/wp-json\/wp\/v2\/media?parent=3229"}],"curies":[{"name":"wp","href":"https:\/\/api.w.org\/{rel}","templated":true}]}}