{"id":3230,"date":"2016-10-01T19:47:55","date_gmt":"2016-10-01T17:47:55","guid":{"rendered":"https:\/\/www.gwgl-hamburg.de\/?page_id=415"},"modified":"2026-03-18T12:38:10","modified_gmt":"2026-03-18T11:38:10","slug":"steuern","status":"publish","type":"page","link":"https:\/\/gwgl-hamburg.de\/en\/rechtsgebiete\/steuern\/","title":{"rendered":"Taxes"},"content":{"rendered":"<h1 class=\"title\">Steuern: Steuerberatung und Steuerrechtsberatung<\/h1>\n<p>Steuerberatung und Steuerrechtsberatung &#8211; wir <strong>unterst\u00fctzen Sie<\/strong> in allem, was mit <strong>Taxes<\/strong> zu tun hat, dazu geh\u00f6ren:<\/p>\n<ul>\n<li>Unterst\u00fctzung und Vertretung im <a title=\"Rechtsberatung beim Steuerstreit mit dem Finanzamt\" href=\"https:\/\/gwgl-hamburg.de\/en\/areas-of-law\/steuern\/steuerstreit\/\">Steuerstreit mit dem Finanzamt<\/a> und in <a title=\"Rechtsberatung im Steuerstrafrecht\" href=\"https:\/\/gwgl-hamburg.de\/en\/areas-of-law\/steuern\/steuerstrafrecht\/\">steuerstrafrechtlichen F\u00e4llen<\/a><\/li>\n<li><a title=\"Rechtsberatung bei der Verm\u00f6gens\u00fcbertragung und Nachfolge\" href=\"https:\/\/gwgl-hamburg.de\/en\/areas-of-law\/erbrecht-nachfolge\/unternehmens-vermoegensnachfolge\/\">Verm\u00f6gens\u00fcbertragungen und Nachfolge<\/a><\/li>\n<li><a title=\"Rechtsberatung bei Nachfolgeregelungen in Unternehmen\" href=\"https:\/\/gwgl-hamburg.de\/en\/areas-of-law\/steuern\/steuerberatung-fuer-unternehmen\/\">Nachfolgeregelungen in Unternehmen<\/a><\/li>\n<li><a title=\"Umf\u00e4ngliche kompetente Steuerberatung f\u00fcr Unternehmen\" href=\"https:\/\/gwgl-hamburg.de\/en\/areas-of-law\/steuern\/steuerberatung-fuer-unternehmen\/\">Tax advice for companies<\/a> und Privatpersonen, inklusive Finanzbuchhaltung und Vorbereitung aller Abschl\u00fcsse<\/li>\n<li>Steuerliche Gestaltungsfragen f\u00fcr Privatpersonen und Unternehmen<\/li>\n<\/ul>\n<p>Unsere Kanzlei ist auf <strong>Wirtschafts- und Steuerrecht spezialisiert<\/strong> \u2013 Sie haben also eine Anlaufstelle f\u00fcr <a title=\"Team GWGL - Steuerberater und Rechtsanw\u00e4lte in Hamburg\" href=\"https:\/\/gwgl-hamburg.de\/en\/team\/\">Steuerberater und Anw\u00e4lte<\/a> und profitieren von unserem umfangreichen, da vernetzten Wissen. Auch auf internationalem Parkett.<\/p>\n<h2 class=\"title\">Wir unterst\u00fctzen unter anderem bei folgenden steuerlichen Belangen:<\/h2>\n<ul>\n<li>Strategische Beratung im Steuer-, <a title=\"Rechtsberatung in der Erbschaft und Nachfolge\" href=\"https:\/\/gwgl-hamburg.de\/en\/areas-of-law\/erbrecht-nachfolge\/\">Erbschafts-<\/a> and <a title=\"Rechtsberatung im Gesellschaftsrecht\" href=\"https:\/\/gwgl-hamburg.de\/en\/areas-of-law\/corporate-law\/\">Company law<\/a><\/li>\n<li><a title=\"Begleitung bei Betriebspr\u00fcfungen\" href=\"https:\/\/gwgl-hamburg.de\/en\/areas-of-law\/steuern\/begleitung-bei-betriebspruefungen\/\">Begleitung von Betriebspr\u00fcfungen<\/a><\/li>\n<li>Pr\u00fcfung steuerlicher Einzelfragen f\u00fcr Kapitalgesellschaften Personengesellschaften, Einzelunternehmen und Privatpersonen<\/li>\n<li>Begleitung von Gr\u00fcndungen, Umstrukturierungen und <a title=\"Rechtsberatung beim Kauf und Verkauf von Unternehmen\" href=\"https:\/\/gwgl-hamburg.de\/en\/areas-of-law\/corporate-law\/unternehmen-kaufen-und-verkaufen\/\">K\u00e4ufen\/Verk\u00e4ufen von Unternehmen<\/a><\/li>\n<li><a title=\"Kommunikation mit dem Finanzamt\" href=\"https:\/\/gwgl-hamburg.de\/en\/areas-of-law\/steuern\/kommunikation-mit-dem-finanzamt\/\">Kommunikation mit dem Finanzamt<\/a><\/li>\n<li><a title=\"Einholen verbindlicher Ausk\u00fcnfte im Steuerstreit\" href=\"https:\/\/gwgl-hamburg.de\/en\/areas-of-law\/steuern\/verbindliche-auskunft\/\">Einholen verbindlichener Ausk\u00fcnfte<\/a><\/li>\n<li>Vorbereitung und Beratung bei allen Steuer-Erkl\u00e4rungen und Jahresabschl\u00fcssen<\/li>\n<li><a title=\"Laufende Finanz- und Lohnbuchhaltung\" href=\"https:\/\/gwgl-hamburg.de\/en\/areas-of-law\/steuern\/steuerberatung-fuer-unternehmen\/\">Laufende Finanz- und Lohnbuchhaltung<\/a><\/li>\n<\/ul>","protected":false},"excerpt":{"rendered":"<p>Steuern: Steuerberatung und Steuerrechtsberatung Steuerberatung und Steuerrechtsberatung &#8211; wir unterst\u00fctzen Sie in allem, was mit Steuern zu tun hat, dazu geh\u00f6ren: Unterst\u00fctzung und Vertretung im Steuerstreit mit dem Finanzamt und in steuerstrafrechtlichen F\u00e4llen Verm\u00f6gens\u00fcbertragungen und Nachfolge Nachfolgeregelungen in Unternehmen Steuerberatung f\u00fcr Unternehmen und Privatpersonen, inklusive Finanzbuchhaltung und Vorbereitung aller Abschl\u00fcsse Steuerliche Gestaltungsfragen f\u00fcr Privatpersonen und [&hellip;]<\/p>\n","protected":false},"author":6,"featured_media":0,"parent":355,"menu_order":0,"comment_status":"closed","ping_status":"closed","template":"","meta":{"_acf_changed":false,"footnotes":""},"class_list":["post-3230","page","type-page","status-publish","hentry"],"acf":[],"_links":{"self":[{"href":"https:\/\/gwgl-hamburg.de\/en\/wp-json\/wp\/v2\/pages\/3230","targetHints":{"allow":["GET"]}}],"collection":[{"href":"https:\/\/gwgl-hamburg.de\/en\/wp-json\/wp\/v2\/pages"}],"about":[{"href":"https:\/\/gwgl-hamburg.de\/en\/wp-json\/wp\/v2\/types\/page"}],"author":[{"embeddable":true,"href":"https:\/\/gwgl-hamburg.de\/en\/wp-json\/wp\/v2\/users\/6"}],"replies":[{"embeddable":true,"href":"https:\/\/gwgl-hamburg.de\/en\/wp-json\/wp\/v2\/comments?post=3230"}],"version-history":[{"count":5,"href":"https:\/\/gwgl-hamburg.de\/en\/wp-json\/wp\/v2\/pages\/3230\/revisions"}],"predecessor-version":[{"id":4444,"href":"https:\/\/gwgl-hamburg.de\/en\/wp-json\/wp\/v2\/pages\/3230\/revisions\/4444"}],"up":[{"embeddable":true,"href":"https:\/\/gwgl-hamburg.de\/en\/wp-json\/wp\/v2\/pages\/355"}],"wp:attachment":[{"href":"https:\/\/gwgl-hamburg.de\/en\/wp-json\/wp\/v2\/media?parent=3230"}],"curies":[{"name":"wp","href":"https:\/\/api.w.org\/{rel}","templated":true}]}}