{"id":3231,"date":"2016-10-01T19:49:07","date_gmt":"2016-10-01T17:49:07","guid":{"rendered":"https:\/\/www.gwgl-hamburg.de\/?page_id=417"},"modified":"2026-03-18T12:40:11","modified_gmt":"2026-03-18T11:40:11","slug":"corporate-law","status":"publish","type":"page","link":"https:\/\/gwgl-hamburg.de\/en\/rechtsgebiete\/gesellschaftsrecht\/","title":{"rendered":"Company law"},"content":{"rendered":"<h1 class=\"title\">Company law: legal advice for shareholders, managing directors and companies<\/h1>\n<p>We advise you on all questions of <strong>Company law<\/strong>, however simple or complex they may be. Our clients include shareholders, managing directors or the companies themselves.<\/p>\n<p>We will work with you to structure your project, naturally also taking into account the tax implications.<\/p>\n<p>We draft contracts that are pending in a company and advise you on strategic and financial issues relating to your company or your position as a shareholder or managing director.<\/p>\n<p><strong>Our expertise covers all areas of a company's life:<\/strong> From the foundation to financing, entering into any co-operations, changes in the shareholder structure or the management to the sale of the company or liquidation. And if there is ever a dispute, we try to find a solution objectively.<\/p>\n<h2>Frequent concerns include<\/h2>\n<ul>\n<li>You want a <a title=\"Legal advice on the purchase and\/or sale of a company\" href=\"https:\/\/gwgl-hamburg.de\/en\/areas-of-law\/corporate-law\/unternehmen-kaufen-und-verkaufen\/\">Acquire or sell companies<\/a>.<\/li>\n<li>You are or will be <a title=\"Legal advice for managing directors\" href=\"https:\/\/gwgl-hamburg.de\/en\/areas-of-law\/corporate-law\/geschaeftsfuehrer-beratung\/\">Managing Director<\/a> and want to minimise your liability and have legally secure contracts.<\/li>\n<li>You want to conclude contracts with employees, suppliers, customers and other parties that are in your interests.<\/li>\n<li>You are planning a <a title=\"Legal advice on joint ventures and co-operation agreements\" href=\"https:\/\/gwgl-hamburg.de\/en\/areas-of-law\/corporate-law\/kooperationsvertraege-joint-ventures\/\">Joint venture or co-operation<\/a>, and the tasks and remuneration should be precisely defined.<\/li>\n<li>You think of the <a title=\"Legal advice on company succession\" href=\"https:\/\/gwgl-hamburg.de\/en\/areas-of-law\/erbrecht-nachfolge\/unternehmens-vermoegensnachfolge\/\">Company succession<\/a> and would like to be supported in your decisions.<\/li>\n<li>You are a <a title=\"Legal advice for start-ups - from founding to financing\" href=\"https:\/\/gwgl-hamburg.de\/en\/areas-of-law\/corporate-law\/startups\/\">StartUp<\/a> and a start-up or a financing round is imminent<\/li>\n<li>You are a start-up and would like to offer employees <a title=\"Contract from the lawyer for virtual employee participation (VSOP)\" href=\"https:\/\/gwgl-hamburg.de\/en\/areas-of-law\/corporate-law\/vsop-virtuelle-mitarbeiterbeteiligung\/\">Virtual participation<\/a> offer (VSOP)<\/li>\n<li>There are <a title=\"Legal advice in shareholder disputes\" href=\"https:\/\/gwgl-hamburg.de\/en\/areas-of-law\/corporate-law\/gesellschafterstreit\/\">Dispute among the shareholders<\/a> and it comes to a \u201edivorce\u201c.<\/li>\n<\/ul>","protected":false},"excerpt":{"rendered":"<p>Gesellschaftsrecht: Rechtsberatung f\u00fcr Gesellschafter, Gesch\u00e4ftsf\u00fchrer und Unternehmen Wir beraten Sie in allen Fragen des Gesellschaftsrechts, so einfach oder komplex sie auch sein m\u00f6gen. Zu unseren Mandanten z\u00e4hlen Gesellschafter, Gesch\u00e4ftsf\u00fchrer oder die Unternehmen selbst. Gemeinsam mit Ihnen strukturieren wir Ihr Vorhaben, dabei ber\u00fccksichtigen wir selbstverst\u00e4ndlich auch die steuerlichen Auswirkungen. Wir gestalten Vertr\u00e4ge, die in einem Unternehmen [&hellip;]<\/p>\n","protected":false},"author":3,"featured_media":0,"parent":355,"menu_order":0,"comment_status":"closed","ping_status":"closed","template":"","meta":{"_acf_changed":false,"footnotes":""},"class_list":["post-3231","page","type-page","status-publish","hentry"],"acf":[],"_links":{"self":[{"href":"https:\/\/gwgl-hamburg.de\/en\/wp-json\/wp\/v2\/pages\/3231","targetHints":{"allow":["GET"]}}],"collection":[{"href":"https:\/\/gwgl-hamburg.de\/en\/wp-json\/wp\/v2\/pages"}],"about":[{"href":"https:\/\/gwgl-hamburg.de\/en\/wp-json\/wp\/v2\/types\/page"}],"author":[{"embeddable":true,"href":"https:\/\/gwgl-hamburg.de\/en\/wp-json\/wp\/v2\/users\/3"}],"replies":[{"embeddable":true,"href":"https:\/\/gwgl-hamburg.de\/en\/wp-json\/wp\/v2\/comments?post=3231"}],"version-history":[{"count":6,"href":"https:\/\/gwgl-hamburg.de\/en\/wp-json\/wp\/v2\/pages\/3231\/revisions"}],"predecessor-version":[{"id":4445,"href":"https:\/\/gwgl-hamburg.de\/en\/wp-json\/wp\/v2\/pages\/3231\/revisions\/4445"}],"up":[{"embeddable":true,"href":"https:\/\/gwgl-hamburg.de\/en\/wp-json\/wp\/v2\/pages\/355"}],"wp:attachment":[{"href":"https:\/\/gwgl-hamburg.de\/en\/wp-json\/wp\/v2\/media?parent=3231"}],"curies":[{"name":"wp","href":"https:\/\/api.w.org\/{rel}","templated":true}]}}