{"id":3232,"date":"2016-10-01T19:52:17","date_gmt":"2016-10-01T17:52:17","guid":{"rendered":"https:\/\/www.gwgl-hamburg.de\/?page_id=419"},"modified":"2026-03-18T12:42:51","modified_gmt":"2026-03-18T11:42:51","slug":"international-desk","status":"publish","type":"page","link":"https:\/\/gwgl-hamburg.de\/en\/rechtsgebiete\/international-desk\/","title":{"rendered":"International Desk"},"content":{"rendered":"<h1 class=\"title\">International Desk &#8211; Rechtsberatung bei globalen Rechtsfragen:<\/h1>\n<h2 class=\"title\">Internationales Steuerrecht, internationales Gesellschaftsrecht, internationales Erbrecht.<\/h2>\n<p>Sch\u00f6n w\u00e4re es, wenn das <a title=\"Steuerrecht - Kompetente Beratung durch Steuerberater und Fachanw\u00e4lte f\u00fcr Steuerrecht in Hamburg\" href=\"https:\/\/gwgl-hamburg.de\/en\/areas-of-law\/steuern\/\">Steuerrecht<\/a>, das <a title=\"Kompetente Rechtsberatung im Erbrecht durch Fachanwalt f\u00fcr Erbrecht in Hamburg\" href=\"https:\/\/gwgl-hamburg.de\/en\/areas-of-law\/erbrecht-nachfolge\/\">Erbrecht<\/a> und das <a title=\"Rechtsberatung im Gesellschaftsrecht in Hamburg\" href=\"https:\/\/gwgl-hamburg.de\/en\/areas-of-law\/corporate-law\/\">Company law<\/a> genauso globalisiert w\u00e4ren wie die Weltwirtschaft. Aber das ist nicht so, nicht einmal innerhalb der EU. Daher kann man sich als Laie nie sicher sein, welche steuerlichen Folgen es hat, wenn Geld, Waren und Personen die Landesgrenzen \u00fcberschreiten. Besteuerungskonflikte bleiben nicht aus. Wenn Sie nicht doppelt besteuert werden oder anderweitig den K\u00fcrzeren ziehen wollen, brauchen Sie jemand, der sich auskennt im Dschungel des <a title=\"Informationen und Rechtsberatung f\u00fcr Internationales Steuerrecht\" href=\"https:\/\/gwgl-hamburg.de\/en\/areas-of-law\/international-desk\/internationales\/\">internationalen Steuerrechts<\/a> und der entsprechenden bilateralen Abkommen.<\/p>\n<p>Andersherum ist das deutsche Recht und Steuerrecht f\u00fcr ein ausl\u00e4ndisches Unternehmen sehr fremd. Wir unterst\u00fctzen Tochtergesellschaften, in Deutschland Fu\u00df zu fassen und leiten durch den rechtlichen und steuerrechtlichen Dschungel. Alle Anw\u00e4lte in unserer Kanzlei haben Auslandserfahrung und betreuen regelm\u00e4\u00dfig Mandanten aus aller Welt.<\/p>\n<h2>Wir helfen Ihnen:<\/h2>\n<ul>\n<li>Wenn Sie sich von Deutschland aus in anderen L\u00e4ndern engagieren m\u00f6chten, als <a title=\"Outbound consulting for companies\" href=\"https:\/\/gwgl-hamburg.de\/en\/areas-of-law\/international-desk\/outbound-beratung-fuer-unternehmen\/\">The company<\/a> oder <a title=\"Outbound-Beratung im Steuerrecht f\u00fcr Privatpersonen\" href=\"https:\/\/gwgl-hamburg.de\/en\/areas-of-law\/international-desk\/outbound-beratung-fuer-privatpersonen\/\">Privatperson = Outbound-Beratung<\/a><\/li>\n<li>Wenn Sie nach Deutschland kommen, als <a title=\"Inbound-Beratung f\u00fcr Unternehmen die in Deutschland investierne wollen\" href=\"https:\/\/gwgl-hamburg.de\/en\/areas-of-law\/international-desk\/inbound-beratung-fuer-unternehmen\/\">The company<\/a> oder <a title=\"Inbound counselling for private individuals\" href=\"https:\/\/gwgl-hamburg.de\/en\/areas-of-law\/international-desk\/inbound-beratung-fuer-privatpersonen\/\">Privatperson = Inbound-Beratung<\/a><\/li>\n<li>Beim Vermeiden oder Minimieren von Doppelbesteuerungen.<\/li>\n<li>Bei <a title=\"Steuerrechtsberatung f\u00fcr die Nacherkl\u00e4rung von ausl\u00e4ndischen Kapitaleink\u00fcnften\" href=\"https:\/\/gwgl-hamburg.de\/en\/areas-of-law\/steuern\/nacherklaerung-von-kapitaleinkuenften\/\">ausl\u00e4ndischen Eink\u00fcnften und deren Versteuerung<\/a>.<\/li>\n<li>Bei Erbf\u00e4llen mit Auslandsbezug.<\/li>\n<li>Bei drohender <a title=\"Rechtsbeistand bei drohender Anklage wegen Steuerhinterziehung - Umsatzsteuer\" href=\"https:\/\/gwgl-hamburg.de\/en\/areas-of-law\/steuern\/hinterziehung-von-umsatzsteuern\/\">Anklage wegen Steuerhinterziehung<\/a>.<\/li>\n<li>In Fragen der Immobilienbesteuerung und Rentenbesteuerung im Ausland.<\/li>\n<\/ul>\n<h3>Als Unternehmen unterst\u00fctzen wir Sie zus\u00e4tzlich bei:<\/h3>\n<ul>\n<li>Umsatzsteuer bei grenz\u00fcberschreitenden Dienstleistungen und Warenlieferungen, eCommerce<\/li>\n<li>innergemeinschaftliche Lieferungen<\/li>\n<li>Gr\u00fcndung von Tochtergesellschaften und Betriebsst\u00e4tten im Ausland<\/li>\n<li><a title=\"Steueroptimale Gestaltung von Auslandsengagements\" href=\"https:\/\/gwgl-hamburg.de\/en\/areas-of-law\/international-desk\/outbound-beratung-fuer-unternehmen\/\">Steueroptimale Gestaltung Ihres Auslandsengagements<\/a><\/li>\n<li>Fragen der Hinzurechnungsbesteuerung<\/li>\n<li>Der Entsendung von Mitarbeitern ins Ausland.<\/li>\n<\/ul>\n<h3>Als Unternehmen aus dem Ausland unterst\u00fctzen wir Sie zus\u00e4tzlich bei der:<\/h3>\n<ul>\n<li>Erf\u00fcllung aller steuerlichen Pflichten in Deutschland<\/li>\n<li>Gr\u00fcndung von Niederlassungen und Tochtergesellschaften in Deutschland<\/li>\n<li><a title=\"Steueroptimale Gestaltung von Investitionen von ausl\u00e4ndischen Unternehmen in Deutschland\" href=\"https:\/\/gwgl-hamburg.de\/en\/areas-of-law\/international-desk\/inbound-beratung-fuer-unternehmen\/\">steueroptimale Gestaltung Ihrer Investition in Deutschland<\/a><\/li>\n<\/ul>","protected":false},"excerpt":{"rendered":"<p>International Desk &#8211; Rechtsberatung bei globalen Rechtsfragen: Internationales Steuerrecht, internationales Gesellschaftsrecht, internationales Erbrecht. Sch\u00f6n w\u00e4re es, wenn das Steuerrecht, das Erbrecht und das Gesellschaftsrecht genauso globalisiert w\u00e4ren wie die Weltwirtschaft. Aber das ist nicht so, nicht einmal innerhalb der EU. Daher kann man sich als Laie nie sicher sein, welche steuerlichen Folgen es hat, wenn [&hellip;]<\/p>\n","protected":false},"author":6,"featured_media":0,"parent":355,"menu_order":0,"comment_status":"closed","ping_status":"closed","template":"","meta":{"_acf_changed":false,"footnotes":""},"class_list":["post-3232","page","type-page","status-publish","hentry"],"acf":[],"_links":{"self":[{"href":"https:\/\/gwgl-hamburg.de\/en\/wp-json\/wp\/v2\/pages\/3232","targetHints":{"allow":["GET"]}}],"collection":[{"href":"https:\/\/gwgl-hamburg.de\/en\/wp-json\/wp\/v2\/pages"}],"about":[{"href":"https:\/\/gwgl-hamburg.de\/en\/wp-json\/wp\/v2\/types\/page"}],"author":[{"embeddable":true,"href":"https:\/\/gwgl-hamburg.de\/en\/wp-json\/wp\/v2\/users\/6"}],"replies":[{"embeddable":true,"href":"https:\/\/gwgl-hamburg.de\/en\/wp-json\/wp\/v2\/comments?post=3232"}],"version-history":[{"count":7,"href":"https:\/\/gwgl-hamburg.de\/en\/wp-json\/wp\/v2\/pages\/3232\/revisions"}],"predecessor-version":[{"id":4448,"href":"https:\/\/gwgl-hamburg.de\/en\/wp-json\/wp\/v2\/pages\/3232\/revisions\/4448"}],"up":[{"embeddable":true,"href":"https:\/\/gwgl-hamburg.de\/en\/wp-json\/wp\/v2\/pages\/355"}],"wp:attachment":[{"href":"https:\/\/gwgl-hamburg.de\/en\/wp-json\/wp\/v2\/media?parent=3232"}],"curies":[{"name":"wp","href":"https:\/\/api.w.org\/{rel}","templated":true}]}}