{"id":3233,"date":"2016-10-01T19:57:26","date_gmt":"2016-10-01T17:57:26","guid":{"rendered":"https:\/\/www.gwgl-hamburg.de\/?page_id=421"},"modified":"2026-03-18T12:43:24","modified_gmt":"2026-03-18T11:43:24","slug":"internationales","status":"publish","type":"page","link":"https:\/\/gwgl-hamburg.de\/en\/rechtsgebiete\/international-desk\/internationales\/","title":{"rendered":"International"},"content":{"rendered":"<h1 class=\"title\">Internationales &#8211; zwischenstaatliche Rechts- und Steuerangelegenheiten<\/h1>\n<p><strong>Internationales Steuerrecht: Rechtsberatung &amp; Steuerberatung <\/strong><\/p>\n<p>In einer <strong>vernetzten Weltwirtschaft<\/strong> flie\u00dfen Waren und Dienstleistungen <strong>weitgehend ungehindert \u00fcber Grenzen<\/strong>. Gleichzeitig finden Menschen unabh\u00e4ngig von ihrer Nationalit\u00e4t eine dauerhafte oder vorr\u00fcbergehende Heimat in allen Ecken der Erde. Steuerrecht, Erbrecht und Gesellschaftsrecht sind jedoch <strong>noch nicht globalisiert<\/strong> \u2013 damit sind <strong>Besteuerungskonflikte voprogrammiert<\/strong>.<\/p>\n<p>Doppelbesteuerung kann dabei betr\u00e4chtliche finanzielle Sch\u00e4den verursachen. Auch kann Steuerstreit mit Finanzbeh\u00f6rden entstehen, wenn den speziellen Deklarationspflichten bei grenz\u00fcberschreitenden Sachverhalten nicht entsprochen wird. Daher ist es gut, Experten an der Seite zu haben, die in internationalen Rechtsangelegenheiten versiert sind.<\/p>\n<p>Alle Anw\u00e4lte unserer Kanzlei haben in verschiedenen L\u00e4ndern studiert und gearbeitet, Erfahrungen gesammelt, Netzwerke aufgebaut und sich viele Jahre mit komplexen zwischenstaatlichen Rechts- und Steuerangelegenheiten befasst.<\/p>\n<h2>Wir arbeiten f\u00fcr Sie in beide Richtungen:<\/h2>\n<p><strong>Outbound-Beratung \u2013 bei Engagements von Deutschland ins Ausland.<\/strong><br \/>\nFor <a title=\"Outbound-Beratung f\u00fcr Privatpersonen\" href=\"https:\/\/gwgl-hamburg.de\/en\/areas-of-law\/international-desk\/outbound-beratung-fuer-privatpersonen\/\">deutsche Privatpersonen<\/a> and <a title=\"Outbound consulting for companies\" href=\"https:\/\/gwgl-hamburg.de\/en\/areas-of-law\/international-desk\/outbound-beratung-fuer-unternehmen\/\">The company<\/a>.<\/p>\n<p><strong>Inbound-Beratung \u2013 bei Engagements vom Ausland nach Deutschland.<\/strong><br \/>\nFor <a title=\"Inbound counselling for private individuals\" href=\"https:\/\/gwgl-hamburg.de\/en\/areas-of-law\/international-desk\/inbound-beratung-fuer-privatpersonen\/\">ausl\u00e4ndische Privatpersonen<\/a> and <a title=\"Inbound consulting for companies\" href=\"https:\/\/gwgl-hamburg.de\/en\/areas-of-law\/international-desk\/inbound-beratung-fuer-unternehmen\/\">The company<\/a>.<\/p>","protected":false},"excerpt":{"rendered":"<p>Internationales &#8211; zwischenstaatliche Rechts- und Steuerangelegenheiten Internationales Steuerrecht: Rechtsberatung &amp; Steuerberatung In einer vernetzten Weltwirtschaft flie\u00dfen Waren und Dienstleistungen weitgehend ungehindert \u00fcber Grenzen. Gleichzeitig finden Menschen unabh\u00e4ngig von ihrer Nationalit\u00e4t eine dauerhafte oder vorr\u00fcbergehende Heimat in allen Ecken der Erde. Steuerrecht, Erbrecht und Gesellschaftsrecht sind jedoch noch nicht globalisiert \u2013 damit sind Besteuerungskonflikte voprogrammiert. Doppelbesteuerung [&hellip;]<\/p>\n","protected":false},"author":6,"featured_media":0,"parent":3232,"menu_order":0,"comment_status":"closed","ping_status":"closed","template":"","meta":{"_acf_changed":false,"footnotes":""},"class_list":["post-3233","page","type-page","status-publish","hentry"],"acf":[],"_links":{"self":[{"href":"https:\/\/gwgl-hamburg.de\/en\/wp-json\/wp\/v2\/pages\/3233","targetHints":{"allow":["GET"]}}],"collection":[{"href":"https:\/\/gwgl-hamburg.de\/en\/wp-json\/wp\/v2\/pages"}],"about":[{"href":"https:\/\/gwgl-hamburg.de\/en\/wp-json\/wp\/v2\/types\/page"}],"author":[{"embeddable":true,"href":"https:\/\/gwgl-hamburg.de\/en\/wp-json\/wp\/v2\/users\/6"}],"replies":[{"embeddable":true,"href":"https:\/\/gwgl-hamburg.de\/en\/wp-json\/wp\/v2\/comments?post=3233"}],"version-history":[{"count":5,"href":"https:\/\/gwgl-hamburg.de\/en\/wp-json\/wp\/v2\/pages\/3233\/revisions"}],"predecessor-version":[{"id":4450,"href":"https:\/\/gwgl-hamburg.de\/en\/wp-json\/wp\/v2\/pages\/3233\/revisions\/4450"}],"up":[{"embeddable":true,"href":"https:\/\/gwgl-hamburg.de\/en\/wp-json\/wp\/v2\/pages\/3232"}],"wp:attachment":[{"href":"https:\/\/gwgl-hamburg.de\/en\/wp-json\/wp\/v2\/media?parent=3233"}],"curies":[{"name":"wp","href":"https:\/\/api.w.org\/{rel}","templated":true}]}}