{"id":3234,"date":"2016-10-01T20:00:33","date_gmt":"2016-10-01T18:00:33","guid":{"rendered":"https:\/\/www.gwgl-hamburg.de\/?page_id=424"},"modified":"2025-10-02T12:02:54","modified_gmt":"2025-10-02T10:02:54","slug":"outbound-beratung-fuer-privatpersonen","status":"publish","type":"page","link":"https:\/\/gwgl-hamburg.de\/en\/rechtsgebiete\/international-desk\/outbound-beratung-fuer-privatpersonen\/","title":{"rendered":"Outbound-Beratung f\u00fcr Privatpersonen"},"content":{"rendered":"<h1 class=\"title\">Outbound-Beratung f\u00fcr Privatpersonen<\/h1>\n<p>Wir helfen Ihnen aus der <strong>Doppelbesteuerungsfalle<\/strong>, die oft schneller zuschnappt, als man aufpassen kann. Dies betrifft die <strong>Besteuerung Ihres ausl\u00e4ndischen Verm\u00f6gens im Inland<\/strong> bei der <strong>Einkommensteuer und Erbschaftsteuer<\/strong>.<\/p>\n<p>Sowohl im Einkommensteuerrecht als auch im Erbschafts- und Schenkungssteuerrecht kn\u00fcpft der deutsche Fiskus an einen inl\u00e4ndischen Wohnsitz weitreichende Besteuerungsfolgen. Im Rahmen der sogenannten \u201eunbeschr\u00e4nkten Steuerpflicht\u201c wird das gesamte Welteinkommen des Steuerb\u00fcrgers zur Besteuerung herangezogen. Aber auch die Staaten, in denen sich Verm\u00f6genswerte befinden oder Eink\u00fcnfte erzielt werden, greifen im Rahmen der sogenannten \u201ebeschr\u00e4nkten Steuerpflicht\u201c zu. Ein klassischer Fall der Doppelbesteuerung entsteht.<\/p>\n<h2 class=\"title\">Unsere Leistungen f\u00fcr Privatpersonen<\/h2>\n<p>In diesem <strong>Kontext beraten wir<\/strong> Sie bei folgenden Themen:<\/p>\n<ul>\n<li>Einkommensteuererkl\u00e4rung mit ausl\u00e4ndischen Eink\u00fcnften optimal erstellen<\/li>\n<li>Erbschaftsteuererkl\u00e4rung mit ausl\u00e4ndischem Verm\u00f6gen optimal erstellen<\/li>\n<li>Doppelbesteuerung vermeiden oder minimieren<\/li>\n<li>Auslandsengagements steuerlich optimal gestalten<\/li>\n<li>Erbrechtliche Fragen im Zusammenhang mit ausl\u00e4ndischem Verm\u00f6gen sowie Familienangeh\u00f6rigen ausl\u00e4ndischer Nationalit\u00e4t oder mit ausl\u00e4ndischem Wohnsitz<\/li>\n<li>Immobilienbesteuerung im Ausland \u2013 zum Beispiel in Spanien, Italien, Frankreich oder Portugal<\/li>\n<li>Rentenbesteuerung und Besteuerung von Rentnern im Ausland<\/li>\n<li>Deklaration bisher nicht erkl\u00e4rter ausl\u00e4ndischer Eink\u00fcnfte<\/li>\n<li>Schaden begrenzen bei Steuerhinterziehung<\/li>\n<\/ul>","protected":false},"excerpt":{"rendered":"<p>Outbound-Beratung f\u00fcr Privatpersonen Wir helfen Ihnen aus der Doppelbesteuerungsfalle, die oft schneller zuschnappt, als man aufpassen kann. Dies betrifft die Besteuerung Ihres ausl\u00e4ndischen Verm\u00f6gens im Inland bei der Einkommensteuer und Erbschaftsteuer. Sowohl im Einkommensteuerrecht als auch im Erbschafts- und Schenkungssteuerrecht kn\u00fcpft der deutsche Fiskus an einen inl\u00e4ndischen Wohnsitz weitreichende Besteuerungsfolgen. Im Rahmen der sogenannten \u201eunbeschr\u00e4nkten [&hellip;]<\/p>\n","protected":false},"author":6,"featured_media":0,"parent":3232,"menu_order":0,"comment_status":"closed","ping_status":"closed","template":"","meta":{"_acf_changed":false,"footnotes":""},"class_list":["post-3234","page","type-page","status-publish","hentry"],"acf":[],"_links":{"self":[{"href":"https:\/\/gwgl-hamburg.de\/en\/wp-json\/wp\/v2\/pages\/3234","targetHints":{"allow":["GET"]}}],"collection":[{"href":"https:\/\/gwgl-hamburg.de\/en\/wp-json\/wp\/v2\/pages"}],"about":[{"href":"https:\/\/gwgl-hamburg.de\/en\/wp-json\/wp\/v2\/types\/page"}],"author":[{"embeddable":true,"href":"https:\/\/gwgl-hamburg.de\/en\/wp-json\/wp\/v2\/users\/6"}],"replies":[{"embeddable":true,"href":"https:\/\/gwgl-hamburg.de\/en\/wp-json\/wp\/v2\/comments?post=3234"}],"version-history":[{"count":3,"href":"https:\/\/gwgl-hamburg.de\/en\/wp-json\/wp\/v2\/pages\/3234\/revisions"}],"predecessor-version":[{"id":3817,"href":"https:\/\/gwgl-hamburg.de\/en\/wp-json\/wp\/v2\/pages\/3234\/revisions\/3817"}],"up":[{"embeddable":true,"href":"https:\/\/gwgl-hamburg.de\/en\/wp-json\/wp\/v2\/pages\/3232"}],"wp:attachment":[{"href":"https:\/\/gwgl-hamburg.de\/en\/wp-json\/wp\/v2\/media?parent=3234"}],"curies":[{"name":"wp","href":"https:\/\/api.w.org\/{rel}","templated":true}]}}