{"id":3235,"date":"2016-10-01T20:01:28","date_gmt":"2016-10-01T18:01:28","guid":{"rendered":"https:\/\/www.gwgl-hamburg.de\/?page_id=426"},"modified":"2025-10-02T12:01:05","modified_gmt":"2025-10-02T10:01:05","slug":"inbound-beratung-fuer-privatpersonen","status":"publish","type":"page","link":"https:\/\/gwgl-hamburg.de\/en\/rechtsgebiete\/international-desk\/inbound-beratung-fuer-privatpersonen\/","title":{"rendered":"Inbound counselling for private individuals"},"content":{"rendered":"<h1 class=\"title\">Inbound counselling for private individuals<\/h1>\n<p>Sie sind <strong>Steuerausl\u00e4nder<\/strong> und m\u00fcssen <strong>in Deutschland Verm\u00f6gen oder Eink\u00fcnfte versteuern?<\/strong> Wir f\u00fchren Sie sicher durch das Labyrinth des deutschen Steuerrechts \u2013 und minimieren Ihre Steuerlast.<\/p>\n<p>Steuerausl\u00e4nder, die in Deutschland Verm\u00f6gen besitzen oder Eink\u00fcnfte erzielen, stehen im Rahmen der sogenannten beschr\u00e4nkten Steuerpflicht im Fokus des deutschen Fiskus. Gleichzeitig macht der Heimatstaat in der Regel vom sogenannten \u201eumfassenden Besteuerungsrecht\u201c Gebrauch. Vor allem bei der Erbschaftsteuer k\u00f6nnen durch Doppelbesteuerung schnell Steuers\u00e4tze von 50 bis 80 Prozent oder mehr entstehen.<\/p>\n<p>Werden Eink\u00fcnfte im Inland nicht erkl\u00e4rt, drohen Anzeigen wegen Steuerhinterziehung. Vertrauen Sie daher einem Experten bei der Erf\u00fcllung Ihrer Steuerpflichten und planen Sie vorausschauend.<\/p>\n<h2 class=\"title\">Unsere Leistungen f\u00fcr Privatpersonen<\/h2>\n<p>Wir beraten Sie zu folgenden Themen:<\/p>\n<ul>\n<li>Einkommensteuererkl\u00e4rungen f\u00fcr Steuerausl\u00e4nder \u2013 beschr\u00e4nkt steuerpflichtige Eink\u00fcnfte in Deutschland<\/li>\n<li>Erbschaftsteuererkl\u00e4rungen f\u00fcr Steuerausl\u00e4nder \u2013 beschr\u00e4nkt steuerpflichtige Inlandsverm\u00f6gen<\/li>\n<li>Erben und Vererben zwischen zwei Staaten<\/li>\n<li>Schaden begrenzen bei Steuerhinterziehung<\/li>\n<\/ul>","protected":false},"excerpt":{"rendered":"<p>Inbound-Beratung f\u00fcr Privatpersonen Sie sind Steuerausl\u00e4nder und m\u00fcssen in Deutschland Verm\u00f6gen oder Eink\u00fcnfte versteuern? Wir f\u00fchren Sie sicher durch das Labyrinth des deutschen Steuerrechts \u2013 und minimieren Ihre Steuerlast. Steuerausl\u00e4nder, die in Deutschland Verm\u00f6gen besitzen oder Eink\u00fcnfte erzielen, stehen im Rahmen der sogenannten beschr\u00e4nkten Steuerpflicht im Fokus des deutschen Fiskus. Gleichzeitig macht der Heimatstaat in [&hellip;]<\/p>\n","protected":false},"author":6,"featured_media":0,"parent":3232,"menu_order":0,"comment_status":"closed","ping_status":"closed","template":"","meta":{"_acf_changed":false,"footnotes":""},"class_list":["post-3235","page","type-page","status-publish","hentry"],"acf":[],"_links":{"self":[{"href":"https:\/\/gwgl-hamburg.de\/en\/wp-json\/wp\/v2\/pages\/3235","targetHints":{"allow":["GET"]}}],"collection":[{"href":"https:\/\/gwgl-hamburg.de\/en\/wp-json\/wp\/v2\/pages"}],"about":[{"href":"https:\/\/gwgl-hamburg.de\/en\/wp-json\/wp\/v2\/types\/page"}],"author":[{"embeddable":true,"href":"https:\/\/gwgl-hamburg.de\/en\/wp-json\/wp\/v2\/users\/6"}],"replies":[{"embeddable":true,"href":"https:\/\/gwgl-hamburg.de\/en\/wp-json\/wp\/v2\/comments?post=3235"}],"version-history":[{"count":3,"href":"https:\/\/gwgl-hamburg.de\/en\/wp-json\/wp\/v2\/pages\/3235\/revisions"}],"predecessor-version":[{"id":3814,"href":"https:\/\/gwgl-hamburg.de\/en\/wp-json\/wp\/v2\/pages\/3235\/revisions\/3814"}],"up":[{"embeddable":true,"href":"https:\/\/gwgl-hamburg.de\/en\/wp-json\/wp\/v2\/pages\/3232"}],"wp:attachment":[{"href":"https:\/\/gwgl-hamburg.de\/en\/wp-json\/wp\/v2\/media?parent=3235"}],"curies":[{"name":"wp","href":"https:\/\/api.w.org\/{rel}","templated":true}]}}