{"id":3241,"date":"2016-10-03T14:28:31","date_gmt":"2016-10-03T12:28:31","guid":{"rendered":"https:\/\/www.gwgl-hamburg.de\/?page_id=476"},"modified":"2026-03-18T12:45:46","modified_gmt":"2026-03-18T11:45:46","slug":"steuerstreit","status":"publish","type":"page","link":"https:\/\/gwgl-hamburg.de\/en\/rechtsgebiete\/steuern\/steuerstreit\/","title":{"rendered":"Tax dispute"},"content":{"rendered":"<h1 class=\"title\">Steuerstreit und Steuerstreitverfahren<\/h1>\n<p>Zum <strong>Steuerstreitverfahren<\/strong> kommt es immer dann, wenn der Steuerpflichtige und das jeweilige Finanzamt eine unterschiedliche Sichtweise auf einen oder mehrere steuerliche Sachverhalte haben. Bevor \u00fcber steuerliche Streitigkeiten gerichtlich entschieden wird, sieht der Gesetzgeber grunds\u00e4tzlich zun\u00e4chst ein <strong>au\u00dfergerichtliches Verfahren<\/strong> vor. Wird dabei dem Begehren des Steuerpflichtigen nicht oder nur teilweise abgeholfen, kann gegen diese Entscheidung Klage vor den Finanzgerichten (FG) erhoben sowie gegen deren Urteile Revision beim Bundesfinanzhof (BFH) eingelegt werden.<\/p>\n<p>Sowohl in au\u00dfergerichtlichen Steuerstreitverfahren mit den Finanz\u00e4mtern als auch in gerichtlichen Steuerstreitverfahren vor den Finanzgerichten und dem Bundesfinanzhof k\u00f6nnen Sie auf eine Beratung und Vertretung vertrauen, die Ihre Interessen in den Vordergrund stellt und bestm\u00f6glich durchsetzt.<\/p>\n<p>Dabei kommt Ihnen die umfassende Expertise und langj\u00e4hrige Erfahrung als Rechtsanwalt, Fachanwalt f\u00fcr Steuerrecht und Steuerberater von Herrn Matthias E. Grimme zu Gute, der zahlreiche Streitigkeiten und gerichtliche Verfahren betreut hat \u2013 mit einem optimalen Ergebnis f\u00fcr den Mandanten.<\/p>\n<p>Die Vertretung erstreckt sich zudem auch auf solche F\u00e4lle, in denen ein Steuerstrafverfahren eingeleitet wird, so dass Sie auf einen Spezialisten als Ansprechpartner sowohl f\u00fcr steuerliche als auch strafrechtliche Verfahren zur\u00fcckgreifen k\u00f6nnen.<\/p>\n<h2 class=\"title\">Unsere Leistungen bei steuerlichen Streitigkeiten<\/h2>\n<p>F\u00fcr das <strong>au\u00dfergerichtliche Streitverfahren<\/strong> stehen wir Ihnen gerne zu Verf\u00fcgung, besonders beim:<\/p>\n<ul>\n<li>Vermeiden von Streitigkeiten im Vorfeld durch:\n<ul>\n<li><a href=\"https:\/\/gwgl-hamburg.de\/en\/areas-of-law\/steuern\/verbindliche-auskunft\/\">Einholen von verbindlichen Ausk\u00fcnften des Finanzamts<\/a><\/li>\n<li><a href=\"https:\/\/gwgl-hamburg.de\/en\/areas-of-law\/steuern\/kommunikation-mit-dem-finanzamt\/\">Fachkundige Kommunikation mit dem Finanzamt<\/a> (Konsensl\u00f6sungen)<\/li>\n<li>Konsequentes, nachdr\u00fcckliches Auftreten gegen\u00fcber dem Finanzamt<\/li>\n<\/ul>\n<\/li>\n<li><a href=\"https:\/\/gwgl-hamburg.de\/en\/areas-of-law\/steuern\/pruefung-von-steuerbescheiden\/\">Pr\u00fcfen von Steuerbescheiden und sonstigen Verwaltungsakten des Finanzamts<\/a><\/li>\n<li>au\u00dfergerichtliches Rechtsbehelfsverfahren<\/li>\n<li><a href=\"https:\/\/gwgl-hamburg.de\/en\/areas-of-law\/steuern\/begleitung-bei-betriebspruefungen\/\">Begleitung bei Betriebspr\u00fcfungen<\/a><\/li>\n<li>Rechtsschutz im Vollstreckungsverfahren<\/li>\n<\/ul>\n<p>F\u00fchrt das au\u00dfergerichtliche Verfahren nicht zum gew\u00fcnschten Ergebnis, unterst\u00fctzen wir Sie vollumf\u00e4nglich auch im gerichtlichen Verfahren, zum Beispiel durch die:<\/p>\n<ul>\n<li><a href=\"https:\/\/gwgl-hamburg.de\/en\/areas-of-law\/steuern\/einspruchsverfahren\/\">Pr\u00fcfung von Einspruchsentscheidungen und Erfolgsaussichten einer Klage<\/a><\/li>\n<li>Pr\u00fcfung von Urteilen der Finanzgerichte und Erfolgsaussichten einer Revision<\/li>\n<li>Vertretung vor den Finanzgerichten und dem Bundesfinanzhof<\/li>\n<\/ul>","protected":false},"excerpt":{"rendered":"<p>Steuerstreit und Steuerstreitverfahren Zum Steuerstreitverfahren kommt es immer dann, wenn der Steuerpflichtige und das jeweilige Finanzamt eine unterschiedliche Sichtweise auf einen oder mehrere steuerliche Sachverhalte haben. Bevor \u00fcber steuerliche Streitigkeiten gerichtlich entschieden wird, sieht der Gesetzgeber grunds\u00e4tzlich zun\u00e4chst ein au\u00dfergerichtliches Verfahren vor. Wird dabei dem Begehren des Steuerpflichtigen nicht oder nur teilweise abgeholfen, kann gegen [&hellip;]<\/p>\n","protected":false},"author":6,"featured_media":0,"parent":3230,"menu_order":2,"comment_status":"closed","ping_status":"closed","template":"","meta":{"_acf_changed":false,"footnotes":""},"class_list":["post-3241","page","type-page","status-publish","hentry"],"acf":[],"_links":{"self":[{"href":"https:\/\/gwgl-hamburg.de\/en\/wp-json\/wp\/v2\/pages\/3241","targetHints":{"allow":["GET"]}}],"collection":[{"href":"https:\/\/gwgl-hamburg.de\/en\/wp-json\/wp\/v2\/pages"}],"about":[{"href":"https:\/\/gwgl-hamburg.de\/en\/wp-json\/wp\/v2\/types\/page"}],"author":[{"embeddable":true,"href":"https:\/\/gwgl-hamburg.de\/en\/wp-json\/wp\/v2\/users\/6"}],"replies":[{"embeddable":true,"href":"https:\/\/gwgl-hamburg.de\/en\/wp-json\/wp\/v2\/comments?post=3241"}],"version-history":[{"count":5,"href":"https:\/\/gwgl-hamburg.de\/en\/wp-json\/wp\/v2\/pages\/3241\/revisions"}],"predecessor-version":[{"id":4453,"href":"https:\/\/gwgl-hamburg.de\/en\/wp-json\/wp\/v2\/pages\/3241\/revisions\/4453"}],"up":[{"embeddable":true,"href":"https:\/\/gwgl-hamburg.de\/en\/wp-json\/wp\/v2\/pages\/3230"}],"wp:attachment":[{"href":"https:\/\/gwgl-hamburg.de\/en\/wp-json\/wp\/v2\/media?parent=3241"}],"curies":[{"name":"wp","href":"https:\/\/api.w.org\/{rel}","templated":true}]}}