{"id":3242,"date":"2016-10-03T14:38:14","date_gmt":"2016-10-03T12:38:14","guid":{"rendered":"https:\/\/www.gwgl-hamburg.de\/?page_id=478"},"modified":"2026-01-14T09:24:41","modified_gmt":"2026-01-14T08:24:41","slug":"kommunikation-mit-dem-finanzamt","status":"publish","type":"page","link":"https:\/\/gwgl-hamburg.de\/en\/rechtsgebiete\/steuern\/kommunikation-mit-dem-finanzamt\/","title":{"rendered":"Kommunikation mit dem Finanzamt"},"content":{"rendered":"<h1 class=\"title\">Vertretung bei Kommunikation mit dem Finanzamt<\/h1>\n<p>Die zahlreichen gesetzlichen <strong>Regelungen des Besteuerungsverfahrens<\/strong> sind das eine \u2013 daneben tritt eine weitere wichtige au\u00dfergesetzliche Komponente im Besteuerungsverfahren hinzu: <strong>Der Umgang<\/strong> \u2013 sowohl bei schriftlichem als auch pers\u00f6nlichen Kontakt \u2013 mit dem jeweiligen Sachbearbeiter, Betriebspr\u00fcfer und weiteren Mitarbeitern der Beh\u00f6rden.<\/p>\n<p>Vertretung bei Kommunikation mit dem Finanzamt: Wir kommunizieren bereits viele Jahre mit Finanz- und anderen Beh\u00f6rden und wissen, wie man dort etwas erreicht. Sie k\u00f6nnen darauf vertrauen, dass wir stets mit der richtigen Dosis von <strong>Feingef\u00fchl, Z\u00e4higkeit und Taktik<\/strong> Ihre Interessen von Anfang an <strong>optimal sch\u00fctzen und vertreten<\/strong>.<\/p>\n<p>Besonders dann, wenn die Fronten zwischen unseren Mandanten und den Finanzbeh\u00f6rden schon erh\u00e4rtet scheinen, kann durch erfahrene Berater wieder ein Kommunikationsniveau erreicht werden, dass die eventuell bereits erhitzten Gem\u00fcter wieder beruhigt. Dies ist von gro\u00dfer Bedeutung, wenn man bedenkt, dass in der Regel beide Seiten an einer au\u00dfergerichtlichen Einigung interessiert sind.<\/p>\n<h2 class=\"title\">Eine kooperative Haltung ist in der Regel konstruktiv<\/h2>\n<p>Auch wenn es vielen manchmal nicht so erscheinen mag: Die meisten Mitarbeiter der Finanzbeh\u00f6rden sind ganz normale Menschen wie Sie und wir. Fast alle sind dort durchaus zug\u00e4nglich f\u00fcr die gemeinsame Suche nach einem Ergebnis, das beide Seiten zufriedenstellt. Unsere lange Erfahrung sagt uns: Mit einer kooperativen Haltung kommen wir in der Regel sehr weit.<\/p>\n<p>Auch wenn bereits vor dem Erlass von Steuerbescheiden oder vor der Einlegung von Rechtsmitteln eine abweichende Beurteilung eines Sachverhalts vorliegt und eine Ann\u00e4herung kaum mehr m\u00f6glich erscheint, kann eine direkte m\u00fcndliche Kommunikation helfen, unterschiedliche Beurteilungen zu einem Konsens zu f\u00fchren.<\/p>\n<p>Ist dies nicht mehr m\u00f6glich, aufgrund festgefahrener Ansichten und Auslegungen seitens der Finanzverwaltung, kann im richtigen Zeitpunkt auch ein hartes Auftreten daf\u00fcr sorgen, das Verfahren zu einem optimalen Ergebnis bzw. Abschluss zu bringen.<\/p>","protected":false},"excerpt":{"rendered":"<p>Vertretung bei Kommunikation mit dem Finanzamt Die zahlreichen gesetzlichen Regelungen des Besteuerungsverfahrens sind das eine \u2013 daneben tritt eine weitere wichtige au\u00dfergesetzliche Komponente im Besteuerungsverfahren hinzu: Der Umgang \u2013 sowohl bei schriftlichem als auch pers\u00f6nlichen Kontakt \u2013 mit dem jeweiligen Sachbearbeiter, Betriebspr\u00fcfer und weiteren Mitarbeitern der Beh\u00f6rden. Vertretung bei Kommunikation mit dem Finanzamt: Wir kommunizieren [&hellip;]<\/p>\n","protected":false},"author":6,"featured_media":0,"parent":3230,"menu_order":0,"comment_status":"closed","ping_status":"closed","template":"","meta":{"_acf_changed":false,"footnotes":""},"class_list":["post-3242","page","type-page","status-publish","hentry"],"acf":[],"_links":{"self":[{"href":"https:\/\/gwgl-hamburg.de\/en\/wp-json\/wp\/v2\/pages\/3242","targetHints":{"allow":["GET"]}}],"collection":[{"href":"https:\/\/gwgl-hamburg.de\/en\/wp-json\/wp\/v2\/pages"}],"about":[{"href":"https:\/\/gwgl-hamburg.de\/en\/wp-json\/wp\/v2\/types\/page"}],"author":[{"embeddable":true,"href":"https:\/\/gwgl-hamburg.de\/en\/wp-json\/wp\/v2\/users\/6"}],"replies":[{"embeddable":true,"href":"https:\/\/gwgl-hamburg.de\/en\/wp-json\/wp\/v2\/comments?post=3242"}],"version-history":[{"count":3,"href":"https:\/\/gwgl-hamburg.de\/en\/wp-json\/wp\/v2\/pages\/3242\/revisions"}],"predecessor-version":[{"id":3830,"href":"https:\/\/gwgl-hamburg.de\/en\/wp-json\/wp\/v2\/pages\/3242\/revisions\/3830"}],"up":[{"embeddable":true,"href":"https:\/\/gwgl-hamburg.de\/en\/wp-json\/wp\/v2\/pages\/3230"}],"wp:attachment":[{"href":"https:\/\/gwgl-hamburg.de\/en\/wp-json\/wp\/v2\/media?parent=3242"}],"curies":[{"name":"wp","href":"https:\/\/api.w.org\/{rel}","templated":true}]}}