{"id":3243,"date":"2016-10-03T14:42:17","date_gmt":"2016-10-03T12:42:17","guid":{"rendered":"https:\/\/www.gwgl-hamburg.de\/?page_id=480"},"modified":"2026-01-14T09:24:45","modified_gmt":"2026-01-14T08:24:45","slug":"pruefung-von-steuerbescheiden","status":"publish","type":"page","link":"https:\/\/gwgl-hamburg.de\/en\/rechtsgebiete\/steuern\/pruefung-von-steuerbescheiden\/","title":{"rendered":"Pr\u00fcfung von Steuerbescheiden"},"content":{"rendered":"<h1 class=\"title\">Pr\u00fcfung, Berichtigung und Korrektur von Steuerbescheiden<\/h1>\n<p>Glaubt man den j\u00e4hrlichen Pressemitteilungen und \u00c4u\u00dferungen der steuerberatenden Berufstr\u00e4ger, so ist etwa <strong>ein Drittel aller Steuerbescheide fehlerhaft<\/strong>. Dies deckt sich in etwa mit unseren eigenen Erfahrungen, absolute und verl\u00e4ssliche Zahlen gibt es dazu nicht. Hinzu kommt aber sicher eine dicke Zahl von Bescheiden, die an nicht steuerlich versierte Adressaten gehen. So bleiben <strong>viele falsche Bescheide ohne Berichtigung<\/strong> in der Welt, da Fehler in diesen F\u00e4llen h\u00e4ufig \u00fcbersehen werden.<\/p>\n<p>Pr\u00fcfung, Berichtigung und Korrektur von Steuerbescheiden: Jeder Steuerbescheid und sonstiger Verwaltungsakt wird in unserem Hause von erfahrenen Rechtanw\u00e4lten und Steuerberatern sorgf\u00e4ltig gepr\u00fcft \u2013 sowohl hinsichtlich der formellen (verfahrensrechtlichen) und materiellen (sachlich rechtlichen) Richtigkeit. Ihre Interessen sind damit bestm\u00f6glich gewahrt und vertreten.<\/p>\n<h2>Warum so viele?<\/h2>\n<p>Die hohe Anzahl fehlerhafter Steuerbescheide ist zum einen der Komplexit\u00e4t des Steuerrechts geschuldet, zum anderen aber auch den unterschiedlichen Interessen zwischen Steuerpflichtigen und Finanzbeh\u00f6rden. Die Finanzbeh\u00f6rden handeln nat\u00fcrlicherweise mitunter pro-fiskalisch, wobei dies immer wieder dazu f\u00fchrt, dass Rechtsnormen \u00fcber deren Normgehalt hinaus zugunsten des Steuergl\u00e4ubigers ausgelegt und angewendet werden.<\/p>\n<h3>Was geschieht mit fehlerhaften Bescheiden?<\/h3>\n<p>Ist der Bescheid fehlerhaft, kommt je nach Einzelfall eine Berichtigung oder Korrektur in Betracht. Diese kann bei Vorliegen der Voraussetzungen von der Beh\u00f6rde erfolgen, die den Bescheid erlassen hat \u2013 oder nach einer blo\u00dfen Anregung, einem Antrag oder einem Einspruch (ggf. Widerspruch) durch den Steuerpflichtigen oder dessen steuerlichen Vertreter.<\/p>\n<p>Dar\u00fcber hinaus sto\u00dfen wir immer wieder auf gravierende Verfahrensfehler der Beh\u00f6rde, die den Bescheid erlassen hat. Dies kann unterschiedliche Rechtsfolgen, wie eine sp\u00e4tere Bekanntgabe oder auch eine Nichtigkeit des jeweiligen Bescheides zur Folge haben.<\/p>","protected":false},"excerpt":{"rendered":"<p>Pr\u00fcfung, Berichtigung und Korrektur von Steuerbescheiden Glaubt man den j\u00e4hrlichen Pressemitteilungen und \u00c4u\u00dferungen der steuerberatenden Berufstr\u00e4ger, so ist etwa ein Drittel aller Steuerbescheide fehlerhaft. Dies deckt sich in etwa mit unseren eigenen Erfahrungen, absolute und verl\u00e4ssliche Zahlen gibt es dazu nicht. Hinzu kommt aber sicher eine dicke Zahl von Bescheiden, die an nicht steuerlich versierte [&hellip;]<\/p>\n","protected":false},"author":6,"featured_media":0,"parent":3230,"menu_order":0,"comment_status":"closed","ping_status":"closed","template":"","meta":{"_acf_changed":false,"footnotes":""},"class_list":["post-3243","page","type-page","status-publish","hentry"],"acf":[],"_links":{"self":[{"href":"https:\/\/gwgl-hamburg.de\/en\/wp-json\/wp\/v2\/pages\/3243","targetHints":{"allow":["GET"]}}],"collection":[{"href":"https:\/\/gwgl-hamburg.de\/en\/wp-json\/wp\/v2\/pages"}],"about":[{"href":"https:\/\/gwgl-hamburg.de\/en\/wp-json\/wp\/v2\/types\/page"}],"author":[{"embeddable":true,"href":"https:\/\/gwgl-hamburg.de\/en\/wp-json\/wp\/v2\/users\/6"}],"replies":[{"embeddable":true,"href":"https:\/\/gwgl-hamburg.de\/en\/wp-json\/wp\/v2\/comments?post=3243"}],"version-history":[{"count":4,"href":"https:\/\/gwgl-hamburg.de\/en\/wp-json\/wp\/v2\/pages\/3243\/revisions"}],"predecessor-version":[{"id":4087,"href":"https:\/\/gwgl-hamburg.de\/en\/wp-json\/wp\/v2\/pages\/3243\/revisions\/4087"}],"up":[{"embeddable":true,"href":"https:\/\/gwgl-hamburg.de\/en\/wp-json\/wp\/v2\/pages\/3230"}],"wp:attachment":[{"href":"https:\/\/gwgl-hamburg.de\/en\/wp-json\/wp\/v2\/media?parent=3243"}],"curies":[{"name":"wp","href":"https:\/\/api.w.org\/{rel}","templated":true}]}}