{"id":3247,"date":"2016-10-03T16:29:09","date_gmt":"2016-10-03T14:29:09","guid":{"rendered":"https:\/\/www.gwgl-hamburg.de\/?page_id=488"},"modified":"2026-01-14T09:23:07","modified_gmt":"2026-01-14T08:23:07","slug":"unternehmens-vermoegensnachfolge","status":"publish","type":"page","link":"https:\/\/gwgl-hamburg.de\/en\/rechtsgebiete\/erbrecht-nachfolge\/unternehmens-vermoegensnachfolge\/","title":{"rendered":"Unternehmens- &#038; Verm\u00f6gensnachfolge"},"content":{"rendered":"<h1 class=\"title\">Company &amp; asset succession<\/h1>\n<p>Diese Themen sollten <strong>f\u00fcr Unternehmer und verm\u00f6gende Privatpersonen kein Tabu sein, <\/strong>denn eine geregelte und optimale \u00dcbertragung bedarf einer gr\u00fcndlichen Vorbereitung, um eine reibungslose Einbindung oder \u00dcbergabe sicherzustellen. Wir sind auf die rechtliche und steuerliche <strong>Begleitung der Unternehmens- und Verm\u00f6gensnachfolge<\/strong> spezialisiert.<\/p>\n<p>H\u00e4ufig stehen f\u00fcr unsere Mandanten dabei steuerliche Aspekte im Vordergrund. Aber auch aus erbrechtlicher, gesellschaftsrechtlicher und wirtschaftsstrategischer Sicht sind viele Faktoren zu ber\u00fccksichtigen. Daneben sollte auch der richtige Zeitpunkt fr\u00fchzeitig in die \u00dcberlegungen mit einbezogen werden: Gerade die Unternehmensnachfolge wirft meist erhebliche steuerliche und au\u00dfersteuerliche Fragen auf, die es bereits im Vorfeld zu kl\u00e4ren gilt, um den wirtschaftlichen Erfolg und eine reibungslose Nachfolge sicherzustellen.<\/p>\n<p>Steuerlich sind neben den erb- und schenkungsteuerlichen Folgen meist auch die einkommensteuerlichen Folgen zu beachten und zu optimieren. Gesellschaftsrechtlich ergeben sich gerade bei Personen- und Kapitalgesellschaften Probleme in Bezug auf den Gesellschaftsvertrag. Dar\u00fcber hinaus klaffen Vorstellungen vom \u00dcbertragenden und den \u00dcbernehmenden oft auseinander.<\/p>\n<p>Wir sind deshalb bestrebt, fr\u00fchzeitig mit Ihnen gemeinsam den besten Weg zu finden und diesen bis zu einem optimalen Ergebnis zu begleiten. Damit Sie ziel- und rechtssicher in die Zukunft blicken k\u00f6nnen.<\/p>\n<h2 class=\"title\">Profitieren Sie von unserem Knowhow in diesen Bereichen und Themen:<\/h2>\n<ul>\n<li><a href=\"https:\/\/gwgl-hamburg.de\/en\/kompetenzen\/erbrecht-nachfolge\/unternehmens-vermoegensnachfolge\/strategieberatung\/\">Strategy consulting<\/a> \u2013 das beste Vorgehen f\u00fcr Ihr Vorhaben finden<\/li>\n<li><a href=\"https:\/\/gwgl-hamburg.de\/en\/kompetenzen\/erbrecht-nachfolge\/vorweggenommene-erbfolge\/\">vorweggenommene Erbfolge<\/a><\/li>\n<li><a href=\"https:\/\/gwgl-hamburg.de\/en\/kompetenzen\/erbrecht-nachfolge\/unternehmens-vermoegensnachfolge\/familiengesellschaft-familienpool\/\">Familiengesellschaft, Familienpool<\/a><\/li>\n<li><a href=\"https:\/\/gwgl-hamburg.de\/en\/kompetenzen\/erbrecht-nachfolge\/uebertragung-von-vermoegen-und-einkommen\/\">Verm\u00f6gens\u00fcbertragung<\/a> unter Ausnutzung und Optimierung der gesetzlichen Freibetr\u00e4ge und der Steuerprogression<\/li>\n<li><a href=\"https:\/\/gwgl-hamburg.de\/en\/kompetenzen\/erbrecht-nachfolge\/unternehmens-vermoegensnachfolge\/umstrukturierungen-und-umwandlungen\/\">Umstrukturierungen und Umwandlungen von Unternehmen<\/a><\/li>\n<li><a href=\"https:\/\/gwgl-hamburg.de\/en\/kompetenzen\/erbrecht-nachfolge\/unternehmens-vermoegensnachfolge\/unternehmenskauf-verkauf\/\">Unternehmenskauf und -verkauf<\/a><\/li>\n<li><a href=\"https:\/\/gwgl-hamburg.de\/en\/kompetenzen\/erbrecht-nachfolge\/unternehmens-vermoegensnachfolge\/auslandsverlagerung-von-wohnsitz-unternehmen\/\">Wohnsitz- und \/ oder Unternehmensverlagerung bzw. -erweiterung im Ausland<\/a><\/li>\n<li><a href=\"https:\/\/gwgl-hamburg.de\/en\/kompetenzen\/erbrecht-nachfolge\/unternehmertestament-vollmachten\/\">Unternehmertestament, Vollmachten<\/a><\/li>\n<\/ul>","protected":false},"excerpt":{"rendered":"<p>Unternehmens- &amp; Verm\u00f6gensnachfolge Diese Themen sollten f\u00fcr Unternehmer und verm\u00f6gende Privatpersonen kein Tabu sein, denn eine geregelte und optimale \u00dcbertragung bedarf einer gr\u00fcndlichen Vorbereitung, um eine reibungslose Einbindung oder \u00dcbergabe sicherzustellen. Wir sind auf die rechtliche und steuerliche Begleitung der Unternehmens- und Verm\u00f6gensnachfolge spezialisiert. H\u00e4ufig stehen f\u00fcr unsere Mandanten dabei steuerliche Aspekte im Vordergrund. Aber [&hellip;]<\/p>\n","protected":false},"author":3,"featured_media":0,"parent":3229,"menu_order":0,"comment_status":"closed","ping_status":"closed","template":"","meta":{"_acf_changed":false,"footnotes":""},"class_list":["post-3247","page","type-page","status-publish","hentry"],"acf":[],"_links":{"self":[{"href":"https:\/\/gwgl-hamburg.de\/en\/wp-json\/wp\/v2\/pages\/3247","targetHints":{"allow":["GET"]}}],"collection":[{"href":"https:\/\/gwgl-hamburg.de\/en\/wp-json\/wp\/v2\/pages"}],"about":[{"href":"https:\/\/gwgl-hamburg.de\/en\/wp-json\/wp\/v2\/types\/page"}],"author":[{"embeddable":true,"href":"https:\/\/gwgl-hamburg.de\/en\/wp-json\/wp\/v2\/users\/3"}],"replies":[{"embeddable":true,"href":"https:\/\/gwgl-hamburg.de\/en\/wp-json\/wp\/v2\/comments?post=3247"}],"version-history":[{"count":4,"href":"https:\/\/gwgl-hamburg.de\/en\/wp-json\/wp\/v2\/pages\/3247\/revisions"}],"predecessor-version":[{"id":4028,"href":"https:\/\/gwgl-hamburg.de\/en\/wp-json\/wp\/v2\/pages\/3247\/revisions\/4028"}],"up":[{"embeddable":true,"href":"https:\/\/gwgl-hamburg.de\/en\/wp-json\/wp\/v2\/pages\/3229"}],"wp:attachment":[{"href":"https:\/\/gwgl-hamburg.de\/en\/wp-json\/wp\/v2\/media?parent=3247"}],"curies":[{"name":"wp","href":"https:\/\/api.w.org\/{rel}","templated":true}]}}