{"id":3248,"date":"2016-10-03T16:33:07","date_gmt":"2016-10-03T14:33:07","guid":{"rendered":"https:\/\/www.gwgl-hamburg.de\/?page_id=491"},"modified":"2026-03-04T17:35:59","modified_gmt":"2026-03-04T16:35:59","slug":"strategieberatung","status":"publish","type":"page","link":"https:\/\/gwgl-hamburg.de\/en\/rechtsgebiete\/gesellschaftsrecht\/strategieberatung\/","title":{"rendered":"Strategy consulting"},"content":{"rendered":"<h1 class=\"title\">Strategieberatung bei der Unternehmensnachfolge und Verm\u00f6gensnachfolge<\/h1>\n<p>Am Anfang der <strong>Unternehmens- bzw. Verm\u00f6gensnachfolge<\/strong> stehen die grundlegenden Gedanken und Vorstellungen der einbindenden und der \u00fcbergebenden Generation. Bereits in dieser Phase kann es sinnvoll sein, auf eine <strong>fundierte rechtliche Beratung<\/strong> zu setzen, um bereits im Vorwege die eigenen Vorstellungen auf deren <strong>rechtliche Durchf\u00fchrbarkeit hin zu \u00fcberpr\u00fcfen<\/strong>. Ihr Vorteil, wenn Sie mit uns arbeiten: Wir sind in allen relevanten Rechtsgebieten zu Hause \u2013 und decken mit unserem Knowhow Ihr Vorhaben optimal ab.<\/p>\n<p>Aufgrund des komplexen deutschen Rechtssystems und der Vielzahl der verzahnten Rechtsgebiete verlangt eine reibungslose \u00dcbergabe stets eine gr\u00fcndliche Vorbereitung in allen Belangen. H\u00e4ufig ergeben sich bereits aus der ersten rechtlichen Beratung wichtige Entscheidungsfaktoren, die f\u00fcr weitergehende \u00dcberlegungen den Rahmen bilden.<\/p>\n<p>Gerade die steuerlich beg\u00fcnstigte Unternehmensnachfolge erfordert eine strategische Vorbereitung und Ausrichtung. Werden die individuell notwendigen Schritte rechtzeitig eingeleitet und umgesetzt, f\u00fchrt dies in der Regel zu einer wesentlich reibungsloseren, sichereren und steuerlich g\u00fcnstigeren Nachfolge.<\/p>\n<h2 class=\"title\">Strategische Vor\u00fcberlegungen zur \u00dcbergabe<\/h2>\n<p>Vor allem bei gewerblichen Unternehmen mit umfangreichem Verm\u00f6gen l\u00e4sst sich umso mehr erreichen, je fr\u00fcher und gr\u00fcndlicher die Vor\u00fcberlegungen zur \u00dcbergabe beginnen. F\u00fcr die \u00dcbergabe-Generation bringen wir eine optimale steuerliche Ausrichtung UND die Verwirklichung ihrer unternehmerischen Ziele und individuellen W\u00fcnsche bestm\u00f6glich unter einen Hut \u2013 zum Beispiel durch eine Nutzungs\u00e4nderung von Wirtschaftsg\u00fctern, gezielte Anpassungen des Gesellschaftsvertrags, Nie\u00dfbrauch- und Schenkungsgestaltungen bis hin zu Unternehmensumwandlungen und -gr\u00fcndungen.<\/p>\n<p>Eine regelm\u00e4\u00dfige Validierung der gew\u00e4hlten Strategie ist w\u00e4hrend des gesamten Prozesses unabdingbar, um jederzeit auf sich \u00e4ndernde individuelle Vorstellungen und die aktuelle Rechtslage reagieren zu k\u00f6nnen.<\/p>","protected":false},"excerpt":{"rendered":"<p>Strategieberatung bei der Unternehmensnachfolge und Verm\u00f6gensnachfolge Am Anfang der Unternehmens- bzw. Verm\u00f6gensnachfolge stehen die grundlegenden Gedanken und Vorstellungen der einbindenden und der \u00fcbergebenden Generation. Bereits in dieser Phase kann es sinnvoll sein, auf eine fundierte rechtliche Beratung zu setzen, um bereits im Vorwege die eigenen Vorstellungen auf deren rechtliche Durchf\u00fchrbarkeit hin zu \u00fcberpr\u00fcfen. Ihr Vorteil, [&hellip;]<\/p>\n","protected":false},"author":3,"featured_media":0,"parent":3231,"menu_order":0,"comment_status":"closed","ping_status":"closed","template":"","meta":{"_acf_changed":false,"footnotes":""},"class_list":["post-3248","page","type-page","status-publish","hentry"],"acf":[],"_links":{"self":[{"href":"https:\/\/gwgl-hamburg.de\/en\/wp-json\/wp\/v2\/pages\/3248","targetHints":{"allow":["GET"]}}],"collection":[{"href":"https:\/\/gwgl-hamburg.de\/en\/wp-json\/wp\/v2\/pages"}],"about":[{"href":"https:\/\/gwgl-hamburg.de\/en\/wp-json\/wp\/v2\/types\/page"}],"author":[{"embeddable":true,"href":"https:\/\/gwgl-hamburg.de\/en\/wp-json\/wp\/v2\/users\/3"}],"replies":[{"embeddable":true,"href":"https:\/\/gwgl-hamburg.de\/en\/wp-json\/wp\/v2\/comments?post=3248"}],"version-history":[{"count":3,"href":"https:\/\/gwgl-hamburg.de\/en\/wp-json\/wp\/v2\/pages\/3248\/revisions"}],"predecessor-version":[{"id":3800,"href":"https:\/\/gwgl-hamburg.de\/en\/wp-json\/wp\/v2\/pages\/3248\/revisions\/3800"}],"up":[{"embeddable":true,"href":"https:\/\/gwgl-hamburg.de\/en\/wp-json\/wp\/v2\/pages\/3231"}],"wp:attachment":[{"href":"https:\/\/gwgl-hamburg.de\/en\/wp-json\/wp\/v2\/media?parent=3248"}],"curies":[{"name":"wp","href":"https:\/\/api.w.org\/{rel}","templated":true}]}}