{"id":3249,"date":"2016-10-03T16:41:39","date_gmt":"2016-10-03T14:41:39","guid":{"rendered":"https:\/\/www.gwgl-hamburg.de\/?page_id=499"},"modified":"2026-03-04T17:25:45","modified_gmt":"2026-03-04T16:25:45","slug":"familiengesellschaft-familienpool","status":"publish","type":"page","link":"https:\/\/gwgl-hamburg.de\/en\/rechtsgebiete\/erbrecht-nachfolge\/familiengesellschaft-familienpool\/","title":{"rendered":"Familiengesellschaft &#038; Familienpool"},"content":{"rendered":"<h1 class=\"title\">Familiengesellschaft &amp; Familienpool<\/h1>\n<p>In fast jeder (Unternehmer-) Familie kommt fr\u00fcher oder sp\u00e4ter der Gedanke der <strong>Nachfolge<\/strong> auf und vielleicht auch die Frage, ob und wie man die Angeh\u00f6rigen am Unternehmen beteiligt \u2013 meistens die Kinder oder Enkelkinder. Wir begleiten und betreuen <strong>Unternehmensnachfolgen innerhalb der Familie<\/strong> \u2013 f\u00fcr nahezu alle Unternehmensformen und -gr\u00f6\u00dfen. Durch ein Team von Spezialisten in den Bereichen Gesellschaftsrecht, Steuerrecht und Erbrecht k\u00f6nnen Sie bei uns auf eine umfassende Expertise vertrauen, um gemeinsam Ihre Ziele optimal zu verwirklichen.<\/p>\n<p>Im Familienverbund wird die Nachfolge meist durch eine <strong>sogenannte Familiengesellschaft<\/strong> realisiert. Diese kann grunds\u00e4tzlich in jeder Rechtsform gegr\u00fcndet und ausgestaltet werden. Die am h\u00e4ufigsten genutzte Rechtsform f\u00fcr die Familiengesellschaft ist neben der GbR und der KG die GmbH &amp; Co. KG. Letztere vereint die M\u00f6glichkeiten der Haftungsbeschr\u00e4nkung mit den Vorteilen einer Personengesellschaft und kann sowohl gewerblich als auch rein verm\u00f6gensverwaltend \u2013 Verwaltung von Immobilien oder Kapitalverm\u00f6gen \u2013 ausgestaltet werden.<\/p>\n<p>Auch nach der \u00c4nderung des Erbschafts- und Schenkungssteuergesetzes bestehen f\u00fcr gewerbliche und freiberufliche Unternehmer weiterhin gro\u00dfz\u00fcgige Verschonungsregelungen, so dass nahezu alle Unternehmer oder Unternehmen, die nicht (nur) eigenes Verm\u00f6gen verwalten, grunds\u00e4tzlich auch das gesamte Unternehmensverm\u00f6gen steuerfrei \u00fcbertragen k\u00f6nnen. Um dies zu gew\u00e4hrleisten, ist eine fr\u00fche, sorgf\u00e4ltige Planung und Umsetzung zwingend erforderlich, denn es lauern viele Fallstricke, die eine entsprechende Gestaltung unwiderruflich zunichte machen k\u00f6nnen.<\/p>\n<h2 class=\"title\">Steuerliche Aspekte, sowie Erhaltung, Sicherung und Erweiterung des Verm\u00f6gens im Fokus<\/h2>\n<p>Neben steuerlichen Aspekten steht zumeist die Erhaltung, Sicherung und Erweiterung des Verm\u00f6gens im Fokus. Gerade bei der Aufnahme j\u00fcngerer Familienmitglieder empfehlen wir, die Vertr\u00e4ge zwischen den Gesellschaftern und der Gesellschaft mit sogenannten Sicherungsklauseln zu Gunsten der \u201eAltgesellschafter\u201c zu versehen. Bei nahezu allen Gesellschaftsformen k\u00f6nnen so die W\u00fcnsche und Vorstellungen der \u00fcbergebenden wie der aufnehmenden Generation umfangreich abgesichert werden.<\/p>\n<p>Die gesellschaftsrechtlichen und steuerlichen Aspekte sind dabei nicht jeweils isoliert zu betrachten, sondern umfassend und vernetzt \u2013 denn sie bedingen sich zum Teil gegenseitig.<\/p>","protected":false},"excerpt":{"rendered":"<p>Familiengesellschaft &amp; Familienpool In fast jeder (Unternehmer-) Familie kommt fr\u00fcher oder sp\u00e4ter der Gedanke der Nachfolge auf und vielleicht auch die Frage, ob und wie man die Angeh\u00f6rigen am Unternehmen beteiligt \u2013 meistens die Kinder oder Enkelkinder. Wir begleiten und betreuen Unternehmensnachfolgen innerhalb der Familie \u2013 f\u00fcr nahezu alle Unternehmensformen und -gr\u00f6\u00dfen. Durch ein Team [&hellip;]<\/p>\n","protected":false},"author":3,"featured_media":0,"parent":3229,"menu_order":0,"comment_status":"closed","ping_status":"closed","template":"","meta":{"_acf_changed":false,"footnotes":""},"class_list":["post-3249","page","type-page","status-publish","hentry"],"acf":[],"_links":{"self":[{"href":"https:\/\/gwgl-hamburg.de\/en\/wp-json\/wp\/v2\/pages\/3249","targetHints":{"allow":["GET"]}}],"collection":[{"href":"https:\/\/gwgl-hamburg.de\/en\/wp-json\/wp\/v2\/pages"}],"about":[{"href":"https:\/\/gwgl-hamburg.de\/en\/wp-json\/wp\/v2\/types\/page"}],"author":[{"embeddable":true,"href":"https:\/\/gwgl-hamburg.de\/en\/wp-json\/wp\/v2\/users\/3"}],"replies":[{"embeddable":true,"href":"https:\/\/gwgl-hamburg.de\/en\/wp-json\/wp\/v2\/comments?post=3249"}],"version-history":[{"count":4,"href":"https:\/\/gwgl-hamburg.de\/en\/wp-json\/wp\/v2\/pages\/3249\/revisions"}],"predecessor-version":[{"id":4193,"href":"https:\/\/gwgl-hamburg.de\/en\/wp-json\/wp\/v2\/pages\/3249\/revisions\/4193"}],"up":[{"embeddable":true,"href":"https:\/\/gwgl-hamburg.de\/en\/wp-json\/wp\/v2\/pages\/3229"}],"wp:attachment":[{"href":"https:\/\/gwgl-hamburg.de\/en\/wp-json\/wp\/v2\/media?parent=3249"}],"curies":[{"name":"wp","href":"https:\/\/api.w.org\/{rel}","templated":true}]}}