{"id":3250,"date":"2016-10-03T16:45:27","date_gmt":"2016-10-03T14:45:27","guid":{"rendered":"https:\/\/www.gwgl-hamburg.de\/?page_id=505"},"modified":"2026-01-14T09:23:07","modified_gmt":"2026-01-14T08:23:07","slug":"uebertragung-von-vermoegen-und-einkommen","status":"publish","type":"page","link":"https:\/\/gwgl-hamburg.de\/en\/rechtsgebiete\/erbrecht-nachfolge\/uebertragung-von-vermoegen-und-einkommen\/","title":{"rendered":"\u00dcbertragung von Verm\u00f6gen und Einkommen"},"content":{"rendered":"<h1 class=\"title\">Steueroptimierung bei der \u00dcbertragung von Verm\u00f6gen und Einkommen<\/h1>\n<p><strong>Innerhalb einer Familie Verm\u00f6gen und Einkommen \u00fcbertragen<\/strong> \u2013 das kann nicht nur in <strong>Nachfolge-Situationen<\/strong> sinnvoll sein, sondern auch, um die <strong>Steuerlast zu mindern<\/strong>. Dies geschieht unter <strong>Ausnutzung und Optimierung der gesetzlichen Freibetr\u00e4ge<\/strong> und der <strong>Steuerprogression<\/strong>. Unsere Rechtsanw\u00e4lte, Fachanw\u00e4lte und Steuerberater sind Spezialisten in der <strong>Steueroptimierung innerhalb der Familie<\/strong> und beraten Sie, wie Sie Ihre Vorstellungen zu einem optimalen Ergebnis f\u00fchren.<\/p>\n<h2>Gute M\u00f6glichkeiten bei hoher Sorgfalt<\/h2>\n<p>Die M\u00f6glichkeit zur Steueroptimierung bietet sich vor allem Unternehmern mit Kindern. Durch eine gezielte \u00dcbertragung von Unternehmensanteilen im Rahmen der Schenkungsteuerfreibetr\u00e4ge k\u00f6nnen anschlie\u00dfend Gewinne auf mehrere Familienmitglieder verteilt werden. Im Ergebnis k\u00f6nnen mehrfache Grundfreibetr\u00e4ge genutzt und dar\u00fcber hinaus die Progressionswirkungen abgemildert werden.<\/p>\n<p>Weitere M\u00f6glichkeiten der Eink\u00fcnfteverlagerung ergeben sich im Rahmen der Vermietung und Verpachtung an Familienmitglieder bzw. Kinder, die \u00dcbertragung von Kapitalverm\u00f6gen, Arbeitsvertr\u00e4ge und Darlehensgestaltungen innerhalb der Familie.<\/p>\n<p>Aufgrund des N\u00e4heverh\u00e4ltnisses der Vertragsparteien, das innerhalb einer Familie nun einmal besteht, geht die Finanzverwaltung davon aus, dass kein nat\u00fcrlicher Interessengegensatz gegeben ist. Daher stellt sie erh\u00f6hte Anforderungen f\u00fcr eine steuerliche Anerkennung von Vertr\u00e4gen innerhalb der Familie.<\/p>\n<p>Vertr\u00e4ge zwischen nahen Angeh\u00f6rigen bed\u00fcrfen deshalb besonderer rechtlicher Sorgfalt, um eine steuerliche Anerkennung sicherzustellen und m\u00fcssen dar\u00fcber hinaus tats\u00e4chlich durchgef\u00fchrt werden. Trotz der hohen Anforderungen der Finanzverwaltung verbleibt jedoch bei entsprechender rechtlicher Sorgfalt ein erheblicher Spielraum f\u00fcr Steueroptimierungen innerhalb eines Familienverbunds.<\/p>","protected":false},"excerpt":{"rendered":"<p>Steueroptimierung bei der \u00dcbertragung von Verm\u00f6gen und Einkommen Innerhalb einer Familie Verm\u00f6gen und Einkommen \u00fcbertragen \u2013 das kann nicht nur in Nachfolge-Situationen sinnvoll sein, sondern auch, um die Steuerlast zu mindern. Dies geschieht unter Ausnutzung und Optimierung der gesetzlichen Freibetr\u00e4ge und der Steuerprogression. Unsere Rechtsanw\u00e4lte, Fachanw\u00e4lte und Steuerberater sind Spezialisten in der Steueroptimierung innerhalb der [&hellip;]<\/p>\n","protected":false},"author":7,"featured_media":0,"parent":3229,"menu_order":0,"comment_status":"closed","ping_status":"closed","template":"","meta":{"_acf_changed":false,"footnotes":""},"class_list":["post-3250","page","type-page","status-publish","hentry"],"acf":[],"_links":{"self":[{"href":"https:\/\/gwgl-hamburg.de\/en\/wp-json\/wp\/v2\/pages\/3250","targetHints":{"allow":["GET"]}}],"collection":[{"href":"https:\/\/gwgl-hamburg.de\/en\/wp-json\/wp\/v2\/pages"}],"about":[{"href":"https:\/\/gwgl-hamburg.de\/en\/wp-json\/wp\/v2\/types\/page"}],"author":[{"embeddable":true,"href":"https:\/\/gwgl-hamburg.de\/en\/wp-json\/wp\/v2\/users\/7"}],"replies":[{"embeddable":true,"href":"https:\/\/gwgl-hamburg.de\/en\/wp-json\/wp\/v2\/comments?post=3250"}],"version-history":[{"count":3,"href":"https:\/\/gwgl-hamburg.de\/en\/wp-json\/wp\/v2\/pages\/3250\/revisions"}],"predecessor-version":[{"id":3796,"href":"https:\/\/gwgl-hamburg.de\/en\/wp-json\/wp\/v2\/pages\/3250\/revisions\/3796"}],"up":[{"embeddable":true,"href":"https:\/\/gwgl-hamburg.de\/en\/wp-json\/wp\/v2\/pages\/3229"}],"wp:attachment":[{"href":"https:\/\/gwgl-hamburg.de\/en\/wp-json\/wp\/v2\/media?parent=3250"}],"curies":[{"name":"wp","href":"https:\/\/api.w.org\/{rel}","templated":true}]}}