{"id":3251,"date":"2016-10-03T16:51:59","date_gmt":"2016-10-03T14:51:59","guid":{"rendered":"https:\/\/www.gwgl-hamburg.de\/?page_id=507"},"modified":"2026-03-16T20:17:24","modified_gmt":"2026-03-16T19:17:24","slug":"umstrukturierungen-und-umwandlungen","status":"publish","type":"page","link":"https:\/\/gwgl-hamburg.de\/en\/rechtsgebiete\/gesellschaftsrecht\/umstrukturierungen-und-umwandlungen\/","title":{"rendered":"Umstrukturierungen und Umwandlungen"},"content":{"rendered":"<h1 class=\"title\">Umstrukturierungen und Umwandlungen<\/h1>\n<p><strong>Rechtsberatung bei Gesellschaftsumstrukturierung &amp; Umwandlung:<\/strong> Da die meisten Unternehmen einem <strong>st\u00e4ndigen Wandel<\/strong> unterliegen, sollte regelm\u00e4\u00dfig \u00fcberpr\u00fcft werden, ob die <strong>aktuelle Rechtsform<\/strong> den aktuellen Bed\u00fcrfnissen und Vorstellungen der Gesellschafter entspricht. Bei uns finden Sie ein Team aus erfahrenen und spezialisierten Rechtsanw\u00e4lten, Fachanw\u00e4lten und Steuerberatern, die Ihnen bei <strong>Umstrukturierungen und Umwandlungen<\/strong> mit umf\u00e4nglichem Fachwissen jederzeit zur Seite stehen.<\/p>\n<h2>Umwandlung oder Umstrukturierung?<\/h2>\n<p>Unternehmen stehen eine Vielzahl von Rechtsformen zur Verf\u00fcgung. Die <strong>Wahl der optimalen Rechtsform<\/strong> ist an viele Faktoren gekn\u00fcpft. Nicht immer ist bei einer beabsichtigten \u00c4nderung der Verh\u00e4ltnisse eine Umwandlung im Sinne des Gesetzes (UmwG, UmwStG) erforderlich. Eine <strong>Umstrukturierung<\/strong> kann auch durch eine Ver\u00e4nderung der Betriebsst\u00e4tten oder der Gesellschafter erfolgen.<\/p>\n<p>Eine <strong>Umwandlung<\/strong> hat dagegen die \u00c4nderung der Verh\u00e4ltnisse eines oder mehrerer Unternehmen oder von Teilen eines oder mehrerer Unternehmen hinsichtlich der Rechtsform zum Gegenstand. Das Umwandlungsgesetz sieht die folgenden <strong>Arten von Umwandlungen<\/strong> vor:<\/p>\n<ul>\n<li>Verschmelzung<\/li>\n<li>Spaltung (Abspaltung, Aufspaltung, Ausgliederung)<\/li>\n<li>Formwechsel<\/li>\n<li>Verm\u00f6gens\u00fcbertragung<\/li>\n<\/ul>\n<p>Folge ist in Abh\u00e4ngigkeit von der Art der Umwandlung eine Gesamt- oder Sonderrechtsnachfolge.<\/p>\n<h2>Motive und Vorteile einer Umwandlung<\/h2>\n<p>Die Gr\u00fcnde f\u00fcr eine Umwandlung k\u00f6nnen sowohl gesellschaftsrechtlich als auch steuerlich motiviert sein. Aus steuerlicher Sicht bildet das UmwStG den Rahmen f\u00fcr eine\u2013 in den meisten F\u00e4llen angestrebte \u2013 steuerneutrale Umwandlung. Neben rein steuerlichen Gr\u00fcnden kommen Umwandlungen im Rahmen von Neuausrichtungen, ge\u00e4nderten Haftungsverh\u00e4ltnissen, der Unternehmensnachfolge und bei (Teil-) Unternehmensk\u00e4ufen bzw. -verk\u00e4ufen in Betracht.<\/p>\n<h2>Verschiedene Arten der Umwandlung<\/h2>\n<p>Neben den Umwandlungsarten des Umwandlungsgesetzes bestehen auch Umwandlungen au\u00dferhalb des UmwG. Dies ist in erster Linie die sogenannte Anwachsung. Es handelt sich dabei um einen Fall der Gesamtrechtsnachfolge. Eine Anwachsung liegt dann vor, wenn alle bis auf einen Gesellschafter aus einer Personengesellschaft austreten. Das Gesellschaftsverm\u00f6gen w\u00e4chst dem verbleibenden Gesellschafter an, da das Gesetz keine eingliedrige Personengesellschaft kennt.<\/p>\n<p>Auch wenn das Umwandlungsgesetz und das Umwandlungssteuergesetz in weiten Teilen korrespondieren, so gibt es doch Abweichungen, die bei jedem Umwandlungsvorgang genau gepr\u00fcft und ber\u00fccksichtigt werden sollten, um eine reibungslose Umwandlung zu gew\u00e4hrleisten.<\/p>","protected":false},"excerpt":{"rendered":"<p>Umstrukturierungen und Umwandlungen Rechtsberatung bei Gesellschaftsumstrukturierung &amp; Umwandlung: Da die meisten Unternehmen einem st\u00e4ndigen Wandel unterliegen, sollte regelm\u00e4\u00dfig \u00fcberpr\u00fcft werden, ob die aktuelle Rechtsform den aktuellen Bed\u00fcrfnissen und Vorstellungen der Gesellschafter entspricht. Bei uns finden Sie ein Team aus erfahrenen und spezialisierten Rechtsanw\u00e4lten, Fachanw\u00e4lten und Steuerberatern, die Ihnen bei Umstrukturierungen und Umwandlungen mit umf\u00e4nglichem Fachwissen [&hellip;]<\/p>\n","protected":false},"author":3,"featured_media":0,"parent":3231,"menu_order":0,"comment_status":"closed","ping_status":"closed","template":"","meta":{"_acf_changed":false,"footnotes":""},"class_list":["post-3251","page","type-page","status-publish","hentry"],"acf":[],"_links":{"self":[{"href":"https:\/\/gwgl-hamburg.de\/en\/wp-json\/wp\/v2\/pages\/3251","targetHints":{"allow":["GET"]}}],"collection":[{"href":"https:\/\/gwgl-hamburg.de\/en\/wp-json\/wp\/v2\/pages"}],"about":[{"href":"https:\/\/gwgl-hamburg.de\/en\/wp-json\/wp\/v2\/types\/page"}],"author":[{"embeddable":true,"href":"https:\/\/gwgl-hamburg.de\/en\/wp-json\/wp\/v2\/users\/3"}],"replies":[{"embeddable":true,"href":"https:\/\/gwgl-hamburg.de\/en\/wp-json\/wp\/v2\/comments?post=3251"}],"version-history":[{"count":5,"href":"https:\/\/gwgl-hamburg.de\/en\/wp-json\/wp\/v2\/pages\/3251\/revisions"}],"predecessor-version":[{"id":4411,"href":"https:\/\/gwgl-hamburg.de\/en\/wp-json\/wp\/v2\/pages\/3251\/revisions\/4411"}],"up":[{"embeddable":true,"href":"https:\/\/gwgl-hamburg.de\/en\/wp-json\/wp\/v2\/pages\/3231"}],"wp:attachment":[{"href":"https:\/\/gwgl-hamburg.de\/en\/wp-json\/wp\/v2\/media?parent=3251"}],"curies":[{"name":"wp","href":"https:\/\/api.w.org\/{rel}","templated":true}]}}