{"id":3253,"date":"2016-10-03T17:01:18","date_gmt":"2016-10-03T15:01:18","guid":{"rendered":"https:\/\/www.gwgl-hamburg.de\/?page_id=511"},"modified":"2026-03-04T17:35:24","modified_gmt":"2026-03-04T16:35:24","slug":"auslandsverlagerung-von-wohnsitz-unternehmen","status":"publish","type":"page","link":"https:\/\/gwgl-hamburg.de\/en\/rechtsgebiete\/gesellschaftsrecht\/auslandsverlagerung-von-wohnsitz-unternehmen\/","title":{"rendered":"Auslandsverlagerung von Wohnsitz \/ Unternehmen"},"content":{"rendered":"<h1 class=\"title\">Auslandsverlagerung von Wohnsitz \/ Unternehmen<\/h1>\n<p>Auslandsverlagerung von Wohnsitz, Unternehmen, Verm\u00f6gen: Von der <strong>Erstberatung bis hin zur Umsetzung<\/strong> und anschlie\u00dfenden laufenden Beratung stehen wir Ihnen sowohl bei <strong>Wohnsitz-, Verm\u00f6gens- und auch Unternehmensverlagerungen<\/strong> in das <strong>europ\u00e4ische und nichteurop\u00e4ische Ausland<\/strong> mit unseren auch im internationalen Umfeld hoch spezialisierten Rechtsanw\u00e4lten, Fachanw\u00e4lten und Steuerberatern jederzeit gerne zur Seite.<\/p>\n<p>Gerade der verm\u00f6genden \u00e4lteren Generation kommt h\u00e4ufig der Gedanke, wo der Lebensabend verbracht werden soll. Aber auch j\u00fcngeren erfolgreichen Unternehmern und Wohlhabenden dr\u00e4ngt sich zunehmend die Frage auf, ob Wohnsitz oder Unternehmen ins Ausland verlegt werden sollten. Dies ist unter anderem dem Globalisierungsprozess und den modernen Kommunikations- und Reisem\u00f6glichkeiten, aber auch dem zum Teil gravierenden Steuerzugriff des Staates geschuldet.<\/p>\n<h2>Gewissenhafte Vorbereitung ist das A und O<\/h2>\n<p>Vor allem wenn auch steuerliche Gr\u00fcnde die \u00dcberlegungen f\u00fcr einen Wohnsitz- oder Unternehmenswechsel ins Ausland ma\u00dfgeblich sind, sollten die steuerlichen Folgen dieses Vorhabens im Vorfeld abschlie\u00dfend rechtlich abgesichert werden, um im Nachhinein keine b\u00f6sen \u00dcberraschungen zu erleben.<\/p>\n<p>Der Fiskus hat mit dem Au\u00dfensteuergesetz (AStG) Regelungen zur Erweiterung der Steuerpflicht in den oben genannten F\u00e4llen getroffen \u2013 die sogenannte Wegzugsbesteuerung. Einer \u201eSteuerflucht\u201c sollen dabei insbesondere die Vorschriften zum Wegzug in niedrig besteuerte Gebiete vorbeugen. Dar\u00fcber hinaus kann ein Wegzug in vielen F\u00e4llen steuerlich zu einer Aufdeckung von stillen Reserven f\u00fchren, die im Unternehmen gebunden sind. Dies f\u00fchrt mitunter zu einer Steuerlast, die das gesamte Vorhaben bedrohen kann, da der Besteuerung dann regelm\u00e4\u00dfig keine unmittelbar zusammenh\u00e4ngenden liquiden Mittel gegen\u00fcberstehen.<\/p>\n<p>Nach einem Wegzug in das Ausland kann es zudem auch noch zu einer Besteuerung von Schenkungen oder Erbschaften kommen \u2013 selbst wenn der Erblasser \/ Schenker und Erben \/ Beschenkte im Ausland ans\u00e4ssig sind.<\/p>\n<p>Auch und gerade bei Unternehmensexpansionen im Ausland bedarf es neben einer wirtschaftlichen Analyse zudem einer gr\u00fcndlichen steuerstrategischen Ausrichtung, denn dabei k\u00f6nnen umfangreiche Steuer- und Aufzeichnungspflichten im Inland begr\u00fcndet werden.<\/p>\n<p>Unser Team analysiert und bewertet alle steuerlichen Auswirkungen gewissenhaft f\u00fcr Sie, so dass Sie sicher entscheiden und planen k\u00f6nnen.<\/p>","protected":false},"excerpt":{"rendered":"<p>Auslandsverlagerung von Wohnsitz \/ Unternehmen Auslandsverlagerung von Wohnsitz, Unternehmen, Verm\u00f6gen: Von der Erstberatung bis hin zur Umsetzung und anschlie\u00dfenden laufenden Beratung stehen wir Ihnen sowohl bei Wohnsitz-, Verm\u00f6gens- und auch Unternehmensverlagerungen in das europ\u00e4ische und nichteurop\u00e4ische Ausland mit unseren auch im internationalen Umfeld hoch spezialisierten Rechtsanw\u00e4lten, Fachanw\u00e4lten und Steuerberatern jederzeit gerne zur Seite. Gerade der [&hellip;]<\/p>\n","protected":false},"author":3,"featured_media":0,"parent":3231,"menu_order":0,"comment_status":"closed","ping_status":"closed","template":"","meta":{"_acf_changed":false,"footnotes":""},"class_list":["post-3253","page","type-page","status-publish","hentry"],"acf":[],"_links":{"self":[{"href":"https:\/\/gwgl-hamburg.de\/en\/wp-json\/wp\/v2\/pages\/3253","targetHints":{"allow":["GET"]}}],"collection":[{"href":"https:\/\/gwgl-hamburg.de\/en\/wp-json\/wp\/v2\/pages"}],"about":[{"href":"https:\/\/gwgl-hamburg.de\/en\/wp-json\/wp\/v2\/types\/page"}],"author":[{"embeddable":true,"href":"https:\/\/gwgl-hamburg.de\/en\/wp-json\/wp\/v2\/users\/3"}],"replies":[{"embeddable":true,"href":"https:\/\/gwgl-hamburg.de\/en\/wp-json\/wp\/v2\/comments?post=3253"}],"version-history":[{"count":4,"href":"https:\/\/gwgl-hamburg.de\/en\/wp-json\/wp\/v2\/pages\/3253\/revisions"}],"predecessor-version":[{"id":4194,"href":"https:\/\/gwgl-hamburg.de\/en\/wp-json\/wp\/v2\/pages\/3253\/revisions\/4194"}],"up":[{"embeddable":true,"href":"https:\/\/gwgl-hamburg.de\/en\/wp-json\/wp\/v2\/pages\/3231"}],"wp:attachment":[{"href":"https:\/\/gwgl-hamburg.de\/en\/wp-json\/wp\/v2\/media?parent=3253"}],"curies":[{"name":"wp","href":"https:\/\/api.w.org\/{rel}","templated":true}]}}