{"id":3255,"date":"2016-10-03T17:10:44","date_gmt":"2016-10-03T15:10:44","guid":{"rendered":"https:\/\/www.gwgl-hamburg.de\/?page_id=516"},"modified":"2026-03-18T13:08:39","modified_gmt":"2026-03-18T12:08:39","slug":"steuerstrafrecht","status":"publish","type":"page","link":"https:\/\/gwgl-hamburg.de\/en\/rechtsgebiete\/steuern\/steuerstrafrecht\/","title":{"rendered":"Criminal tax law"},"content":{"rendered":"<h1 class=\"title\">Vertretung im Steuerstrafrecht<\/h1>\n<p>The <strong>Steuerstrafrecht ist komplex \u2013 und kompliziert<\/strong>. F\u00fcr betroffene Privatpersonen, Erben und Unternehmer kann es schwere Folgen haben. Das Strafma\u00df reicht von empfindlichen Geldstrafen bis Haftstrafen von 6 Monaten bis zu 10 Jahren in besonders schweren F\u00e4llen. Wir vertreten in allen Bereichen des <strong>Steuerstrafrechts \u2013 au\u00dfergerichtlich und gerichtlich<\/strong> \u2013 im Vorfeld bei der Pr\u00fcfung und Einreichung einer Selbstanzeige bis hin zur Einstellung des Verfahrens, und nat\u00fcrlich w\u00e4hrend der Ermittlungen der Steuerfahndung bei Durchsuchungen, Beschlagnahme, Untersuchungshaft, der Einlassung und der F\u00fchrung der notwendigen Rechtsmittel bis hin zur gerichtlichen Strafverteidigung in allen Instanzen.<\/p>\n<h2>Risiken minimieren durch Selbstanzeige und Pr\u00e4vention<\/h2>\n<p>Der Gesetzgeber h\u00e4lt auch nach dem Bekanntwerden zahlreicher prominenter F\u00e4lle von Steuerhinterziehung und der damit ausgel\u00f6sten Flut von Selbstanzeigen weiter an der M\u00f6glichkeit einer strafbefreienden Selbstanzeige fest. Auch wenn die Anforderungen zum 01.01.2015 deutlich erh\u00f6ht wurden, konnten wir seit Einf\u00fchrung der versch\u00e4rften Regelungen dennoch alle Selbstanzeigen erfolgreich durchf\u00fchren.<\/p>\n<p>Das Steuerstrafrecht verlangt aber nicht nur bei der Selbstanzeige eine hohe Expertise der rechtlichen Berater und Verteidiger. Immer mehr gewinnt auch die Pr\u00e4vention an Bedeutung, also die Minimierung des Risikos, in steuerstrafrechtliche Sachverhalte zu geraten. Dies gilt nicht mehr allein f\u00fcr Gro\u00dfunternehmen und Konzerne, sondern auch f\u00fcr kleine und mittelst\u00e4ndische Unternehmen und auch f\u00fcr verm\u00f6gensverwaltende Privatpersonen. Schlie\u00dflich gehen im Steuerstrafrecht die strafrechtlichen Risiken meist mit einem hohen finanziellen Risiko einher, das f\u00fcr viele Unternehmer und Unternehmen zur existenzbedrohlich werden kann. Mit uns als Beistand wird jeder Schritt zur Selbstanzeige trittsicher.<\/p>\n<h2>Ein starkes Team f\u00fcr Ihre Verteidigung<\/h2>\n<p>Ihr erster Ansprechpartner ist Matthias E. Grimme. Durch seine Doppelqualifikation als Rechtsanwalt und Steuerberater, seine Zusatzqualifikation als Fachanwalt f\u00fcr Steuerrecht und seiner Erfahrung in allen Belangen des Steuerstrafrechts k\u00f6nnen Sie sich auf eine optimale Verteidigung Ihrer Interessen verlassen. Unterst\u00fctzt wird er dabei von einem spezialisierten Team von Fachanw\u00e4lten aus dem Gesellschafts- und Erbrecht.<\/p>\n<p>In diesen Bereichen stehen wir Ihnen vollumf\u00e4nglich und in jeder Hinsicht zur Verf\u00fcgung:<\/p>\n<ul>\n<li><a title=\"Vertretung in Steuerstrafverfahren\" href=\"https:\/\/gwgl-hamburg.de\/en\/areas-of-law\/steuern\/vertretung-in-steuerstrafverfahren\/\">Vertretung in Steuerstrafverfahren<\/a><\/li>\n<li><a title=\"Selbstanzeige: Nacherkl\u00e4rung von in- und ausl\u00e4ndischen Eink\u00fcnften\" href=\"https:\/\/gwgl-hamburg.de\/en\/areas-of-law\/steuern\/selbstanzeige\/\">Selbstanzeige: Nacherkl\u00e4rung von in- und ausl\u00e4ndischen Eink\u00fcnften<\/a><\/li>\n<li><a title=\"Hinterziehung von Umsatzsteuern\" href=\"https:\/\/gwgl-hamburg.de\/en\/areas-of-law\/steuern\/hinterziehung-von-umsatzsteuern\/\">Hinterziehung von Umsatzsteuern<\/a><\/li>\n<li><a title=\"Hinterziehung von Erb- und Schenkungsteuern\" href=\"https:\/\/gwgl-hamburg.de\/en\/areas-of-law\/steuern\/hinterziehung-von-erb-und-schenkungsteuern\/\">Hinterziehung von Erb- und Schenkungsteuern<\/a><\/li>\n<li><a title=\"belasteter Nachlass bei Erbschaft oder Schenkung von unversteuertem Verm\u00f6gen\" href=\"https:\/\/gwgl-hamburg.de\/en\/areas-of-law\/steuern\/belasteter-nachlass\/\">belasteter Nachlass bei Erbschaft oder Schenkung von unversteuertem Verm\u00f6gen<\/a><\/li>\n<li><a title=\"Nacherkl\u00e4rung von (Kapital-)Eink\u00fcnften aus verschwiegenen in und ausl\u00e4ndischen Bankkonten und Depots von Privatpersonen und sog. Briefkastenfirmen sowie aus ausl\u00e4ndischen Stiftungen und Trusts\" href=\"https:\/\/gwgl-hamburg.de\/en\/areas-of-law\/steuern\/nacherklaerung-von-kapitaleinkuenften\/\">Nacherkl\u00e4rung von (Kapital-)Eink\u00fcnften<\/a> aus verschwiegenen in und ausl\u00e4ndischen Bankkonten und Depots von Privatpersonen und sog. Briefkastenfirmen sowie aus ausl\u00e4ndischen Stiftungen und Trusts<\/li>\n<li><a title=\"\u00dcberpr\u00fcfung und Deklaration der Ertr\u00e4ge aus in- und ausl\u00e4ndischen aussch\u00fcttenden und thesaurierenden Investmentfonds\" href=\"https:\/\/gwgl-hamburg.de\/en\/areas-of-law\/steuern\/pruefung-und-deklaration-von-fonds-ertraegen\/\">\u00dcberpr\u00fcfung und Deklaration der Ertr\u00e4ge<\/a> aus in- und ausl\u00e4ndischen aussch\u00fcttenden und thesaurierenden Investmentfonds<\/li>\n<\/ul>","protected":false},"excerpt":{"rendered":"<p>Vertretung im Steuerstrafrecht Das Steuerstrafrecht ist komplex \u2013 und kompliziert. F\u00fcr betroffene Privatpersonen, Erben und Unternehmer kann es schwere Folgen haben. Das Strafma\u00df reicht von empfindlichen Geldstrafen bis Haftstrafen von 6 Monaten bis zu 10 Jahren in besonders schweren F\u00e4llen. Wir vertreten in allen Bereichen des Steuerstrafrechts \u2013 au\u00dfergerichtlich und gerichtlich \u2013 im Vorfeld bei [&hellip;]<\/p>\n","protected":false},"author":6,"featured_media":0,"parent":3230,"menu_order":1,"comment_status":"closed","ping_status":"closed","template":"","meta":{"_acf_changed":false,"footnotes":""},"class_list":["post-3255","page","type-page","status-publish","hentry"],"acf":[],"_links":{"self":[{"href":"https:\/\/gwgl-hamburg.de\/en\/wp-json\/wp\/v2\/pages\/3255","targetHints":{"allow":["GET"]}}],"collection":[{"href":"https:\/\/gwgl-hamburg.de\/en\/wp-json\/wp\/v2\/pages"}],"about":[{"href":"https:\/\/gwgl-hamburg.de\/en\/wp-json\/wp\/v2\/types\/page"}],"author":[{"embeddable":true,"href":"https:\/\/gwgl-hamburg.de\/en\/wp-json\/wp\/v2\/users\/6"}],"replies":[{"embeddable":true,"href":"https:\/\/gwgl-hamburg.de\/en\/wp-json\/wp\/v2\/comments?post=3255"}],"version-history":[{"count":7,"href":"https:\/\/gwgl-hamburg.de\/en\/wp-json\/wp\/v2\/pages\/3255\/revisions"}],"predecessor-version":[{"id":4488,"href":"https:\/\/gwgl-hamburg.de\/en\/wp-json\/wp\/v2\/pages\/3255\/revisions\/4488"}],"up":[{"embeddable":true,"href":"https:\/\/gwgl-hamburg.de\/en\/wp-json\/wp\/v2\/pages\/3230"}],"wp:attachment":[{"href":"https:\/\/gwgl-hamburg.de\/en\/wp-json\/wp\/v2\/media?parent=3255"}],"curies":[{"name":"wp","href":"https:\/\/api.w.org\/{rel}","templated":true}]}}