{"id":3258,"date":"2016-10-03T17:23:59","date_gmt":"2016-10-03T15:23:59","guid":{"rendered":"https:\/\/www.gwgl-hamburg.de\/?page_id=522"},"modified":"2026-03-16T20:19:46","modified_gmt":"2026-03-16T19:19:46","slug":"hinterziehung-von-umsatzsteuern","status":"publish","type":"page","link":"https:\/\/gwgl-hamburg.de\/en\/rechtsgebiete\/steuern\/hinterziehung-von-umsatzsteuern\/","title":{"rendered":"Hinterziehung von Umsatzsteuern"},"content":{"rendered":"<h1 class=\"title\">Rechtsbeistand bei Hinterziehung von Umsatzsteuern<\/h1>\n<p>Bei keiner anderen Steuerart sind <strong>steuerstrafrechtlich relevante Delikte<\/strong> h\u00e4ufiger anzutreffen als bei der <strong>Umsatzsteuer<\/strong>. Die wird auch durch das in Deutschland bestehende sogenannte <strong>Allphasen-Netto-Umsatzsteuersystem mit Vorsteuerabzug<\/strong> und zudem durch den <strong>innergemeinschaftlichen Warenverkehr<\/strong> und dem EU-Recht beg\u00fcnstigt.<\/p>\n<h2>Wie Umsatzsteuer-Hinterziehung auch ohne direkte Absicht entsteht<\/h2>\n<p>Besonders bei sogenannten Umsatzsteuer-Karussellen geraten neben jenen, die mit Vorsatz handeln, immer wieder auch Unternehmer in den Fokus der Steuerfahndung, die unwissend und ohne Vorsatz in diese Gesch\u00e4fte eingebunden werden.<\/p>\n<p>Auch bei Dienstleistern, Handwerkern, Bargeld-Gesch\u00e4ften und in der Gastronomie, teilweise in Verbindung mit der Hinterziehung weiterer, insbesondere der Einkommen- und Gewerbesteuern, kommt es h\u00e4ufig zu steuerstrafrechtlich relevanten Sachverhalten durch fehlende oder mangelhafte Rechnungen oder falsche Steuers\u00e4tze. Dies gilt insbesondere auch f\u00fcr innergemeinschaftliche Lieferungen und Leistungen.<\/p>\n<p>Auch falsche Angaben oder das blo\u00dfe Nichteinreichen von Umsatzsteuervoranmeldungen oder Umsatzsteuerjahreserkl\u00e4rungen k\u00f6nnen steuerstrafrechtlich relevant sein. Dies gilt selbst dann, wenn dadurch keine Steuerverk\u00fcrzung eingetreten ist. Entscheidend ist vielmehr, ob vollst\u00e4ndige und wahrheitsgem\u00e4\u00dfe Angaben gemacht wurden.<\/p>\n<h2>Fr\u00fcher Beistand hilft<\/h2>\n<p>In den meisten F\u00e4llen werden Umsatzsteuerdelikte im Rahmen einer Au\u00dfenpr\u00fcfung oder Umsatzsteuer-Sonderpr\u00fcfung entdeckt. Aufgrund der Besonderheiten des Steuerstrafrechts sollte in diesen F\u00e4llen, auch wenn nur der Verdacht der Tatentdeckung seitens des Steuerpflichtigen besteht, nicht gez\u00f6gert werden, einen Rechtsbeistand hinzuzuziehen, um keine unn\u00f6tigen negativen Folgen in Kauf zu nehmen.<\/p>\n<p>Gerade bei der Umsatzsteuer kann es neben strafrechtlichen Sanktionen mitunter zu Sch\u00e4tzungen des Finanzamts kommen, deren H\u00f6he wiederum ma\u00dfgeblich f\u00fcr eine Strafzumessung sein kann. Der Schaden, der davon betroffenen Unternehmern droht, kann weitreichende Folgen nach sich ziehen.<\/p>\n<p>Wir stehen Ihnen gerne in allen Belangen des Steuerstrafrechts zur Verf\u00fcgung. Verantwortlich f\u00fcr den Bereich Steuerstrafrecht ist <a href=\"\/en\/team\/matthias-e-grimme\/\">Rechtsanwalt, Fachanwalt f\u00fcr Steuerrecht und Steuerberater Matthias E. Grimme<\/a>, der sich unter anderem auf dieses Rechtsgebiet spezialisiert hat und auf eine langj\u00e4hrige Erfahrung zur\u00fcckgreifen kann.<\/p>","protected":false},"excerpt":{"rendered":"<p>Rechtsbeistand bei Hinterziehung von Umsatzsteuern Bei keiner anderen Steuerart sind steuerstrafrechtlich relevante Delikte h\u00e4ufiger anzutreffen als bei der Umsatzsteuer. Die wird auch durch das in Deutschland bestehende sogenannte Allphasen-Netto-Umsatzsteuersystem mit Vorsteuerabzug und zudem durch den innergemeinschaftlichen Warenverkehr und dem EU-Recht beg\u00fcnstigt. Wie Umsatzsteuer-Hinterziehung auch ohne direkte Absicht entsteht Besonders bei sogenannten Umsatzsteuer-Karussellen geraten neben jenen, [&hellip;]<\/p>\n","protected":false},"author":6,"featured_media":0,"parent":3230,"menu_order":0,"comment_status":"closed","ping_status":"closed","template":"","meta":{"_acf_changed":false,"footnotes":""},"class_list":["post-3258","page","type-page","status-publish","hentry"],"acf":[],"_links":{"self":[{"href":"https:\/\/gwgl-hamburg.de\/en\/wp-json\/wp\/v2\/pages\/3258","targetHints":{"allow":["GET"]}}],"collection":[{"href":"https:\/\/gwgl-hamburg.de\/en\/wp-json\/wp\/v2\/pages"}],"about":[{"href":"https:\/\/gwgl-hamburg.de\/en\/wp-json\/wp\/v2\/types\/page"}],"author":[{"embeddable":true,"href":"https:\/\/gwgl-hamburg.de\/en\/wp-json\/wp\/v2\/users\/6"}],"replies":[{"embeddable":true,"href":"https:\/\/gwgl-hamburg.de\/en\/wp-json\/wp\/v2\/comments?post=3258"}],"version-history":[{"count":5,"href":"https:\/\/gwgl-hamburg.de\/en\/wp-json\/wp\/v2\/pages\/3258\/revisions"}],"predecessor-version":[{"id":4418,"href":"https:\/\/gwgl-hamburg.de\/en\/wp-json\/wp\/v2\/pages\/3258\/revisions\/4418"}],"up":[{"embeddable":true,"href":"https:\/\/gwgl-hamburg.de\/en\/wp-json\/wp\/v2\/pages\/3230"}],"wp:attachment":[{"href":"https:\/\/gwgl-hamburg.de\/en\/wp-json\/wp\/v2\/media?parent=3258"}],"curies":[{"name":"wp","href":"https:\/\/api.w.org\/{rel}","templated":true}]}}