{"id":3260,"date":"2016-10-03T17:32:06","date_gmt":"2016-10-03T15:32:06","guid":{"rendered":"https:\/\/www.gwgl-hamburg.de\/?page_id=526"},"modified":"2026-01-14T09:24:27","modified_gmt":"2026-01-14T08:24:27","slug":"nacherklaerung-von-kapitaleinkuenften","status":"publish","type":"page","link":"https:\/\/gwgl-hamburg.de\/en\/rechtsgebiete\/steuern\/nacherklaerung-von-kapitaleinkuenften\/","title":{"rendered":"Nacherkl\u00e4rung von Kapitaleink\u00fcnften"},"content":{"rendered":"<h1 class=\"title\">Rechtsberatung bei der Nacherkl\u00e4rung von Kapitaleink\u00fcnften<\/h1>\n<p>Nacherkl\u00e4rung von Kapitaleink\u00fcnften beim Finanzamt: Aufgrund der immer weiter <strong>versch\u00e4rften gesetzlichen Regelungen<\/strong> und des bald startenden <strong>internationalen Informationsaustausch<\/strong> ist es ratsam, sich bei <strong>verschwiegenen Kapitalertr\u00e4gen<\/strong> rechtzeitig dem Fiskus gegen\u00fcber zu offenbaren. Dadurch kann zum einen <strong>Straffreiheit erlangt<\/strong>, zum anderen aber auch der <strong>Nachlass unbelastet<\/strong> an die n\u00e4chste Generation weitergegeben werden. Bei uns d\u00fcrfen Sie eine umfassende Begleitung erwarten: vom Erstgespr\u00e4ch \u00fcber die Beschaffung der notwendigen Unterlagen, die Korrespondenz mit allen beteiligten Stellen, Ermittlung der Kapitaleink\u00fcnfte und weiterer Eink\u00fcnfte bis zur Einreichung einer Selbstanzeige und der Einstellung oder Beendigung des Verfahrens.<\/p>\n<p>Trotz der medialen Aufmerksamkeit bez\u00fcglich der zahlreichen F\u00e4lle von Steuerhinterziehung prominenter Pers\u00f6nlichkeiten, dem Ankauf von Daten-CDs und der Versch\u00e4rfung der Regelungen zur strafbefreienden Selbstanzeige ist davon auszugehen: Noch immer werden vor allem ausl\u00e4ndische Konten, Depots und weiteres Verm\u00f6gen, aus denen steuerpflichtige (Kapital-)Ertr\u00e4ge erzielt werden, vor den Finanzbeh\u00f6rden geheim gehalten werden.<\/p>\n<p>Im Inland hingegen ist es mittlerweile aufgrund der 2009 eingef\u00fchrten Abgeltungsteuer ungleich schwieriger, Kapitalertr\u00e4ge geheim zu halten. Dennoch sind auch inl\u00e4ndische Sachverhalte denkbar und auch immer wieder gegeben, so etwa bei sogenannten Tafelpapieren oder Darlehen, die von Privatpersonen oder Unternehmen gegeben werden.<\/p>\n<h2>Versteckte Einkunftsquellen im Ausland<\/h2>\n<p>Viele ausl\u00e4ndische Einkunftsquellen sind durch sogenannte Briefkastenfirmen oder daf\u00fcr errichtete Stiftungen und Trusts in der Weise abgeschirmt, dass der tats\u00e4chlich Beg\u00fcnstigte nicht ohne weiteres ersichtlich ist. Daf\u00fcr werden in der Regel Treuh\u00e4nder eingesetzt, die als Gesch\u00e4ftsf\u00fchrer oder Stiftungsorgane nach au\u00dfen in Erscheinung treten, nicht aber derjenige, dem letztlich das Verm\u00f6gen und die Ertr\u00e4ge wirtschaftlich zuzurechnen sind.<\/p>\n<p>Insbesondere von der jetzigen Rentengeneration, die es durch das Wirtschaftswunder mitunter zu hohem Wohlstand gebracht hat, wurde ein nicht unbetr\u00e4chtlicher Teil des Verm\u00f6gens in das Ausland verbracht. Dies geschah wohl h\u00e4ufig auch auf Anraten der Verm\u00f6gens- und Bankberater. Das wird durch die immer wieder bekannt werdenden Strafzahlungen gro\u00dfer Kreditinstitute deutlich.<\/p>\n<p>Sie m\u00f6chten Klarheit? Ein interdisziplin\u00e4res <a href=\"\/en\/team\/\">Team aus spezialisierten Rechtsanw\u00e4lten, Fachanw\u00e4lten und Steuerberatern<\/a> stellt sie her. Ihr Ansprechpartner in allen Fragen des Steuerstrafrechts ist <a href=\"\/en\/team\/matthias-e-grimme\/\">Rechtsanwalt, Fachanwalt f\u00fcr Steuerrecht und Steuerberater Matthias E. Grimme<\/a>.<\/p>","protected":false},"excerpt":{"rendered":"<p>Rechtsberatung bei der Nacherkl\u00e4rung von Kapitaleink\u00fcnften Nacherkl\u00e4rung von Kapitaleink\u00fcnften beim Finanzamt: Aufgrund der immer weiter versch\u00e4rften gesetzlichen Regelungen und des bald startenden internationalen Informationsaustausch ist es ratsam, sich bei verschwiegenen Kapitalertr\u00e4gen rechtzeitig dem Fiskus gegen\u00fcber zu offenbaren. Dadurch kann zum einen Straffreiheit erlangt, zum anderen aber auch der Nachlass unbelastet an die n\u00e4chste Generation weitergegeben [&hellip;]<\/p>\n","protected":false},"author":6,"featured_media":0,"parent":3230,"menu_order":0,"comment_status":"closed","ping_status":"closed","template":"","meta":{"_acf_changed":false,"footnotes":""},"class_list":["post-3260","page","type-page","status-publish","hentry"],"acf":[],"_links":{"self":[{"href":"https:\/\/gwgl-hamburg.de\/en\/wp-json\/wp\/v2\/pages\/3260","targetHints":{"allow":["GET"]}}],"collection":[{"href":"https:\/\/gwgl-hamburg.de\/en\/wp-json\/wp\/v2\/pages"}],"about":[{"href":"https:\/\/gwgl-hamburg.de\/en\/wp-json\/wp\/v2\/types\/page"}],"author":[{"embeddable":true,"href":"https:\/\/gwgl-hamburg.de\/en\/wp-json\/wp\/v2\/users\/6"}],"replies":[{"embeddable":true,"href":"https:\/\/gwgl-hamburg.de\/en\/wp-json\/wp\/v2\/comments?post=3260"}],"version-history":[{"count":3,"href":"https:\/\/gwgl-hamburg.de\/en\/wp-json\/wp\/v2\/pages\/3260\/revisions"}],"predecessor-version":[{"id":3824,"href":"https:\/\/gwgl-hamburg.de\/en\/wp-json\/wp\/v2\/pages\/3260\/revisions\/3824"}],"up":[{"embeddable":true,"href":"https:\/\/gwgl-hamburg.de\/en\/wp-json\/wp\/v2\/pages\/3230"}],"wp:attachment":[{"href":"https:\/\/gwgl-hamburg.de\/en\/wp-json\/wp\/v2\/media?parent=3260"}],"curies":[{"name":"wp","href":"https:\/\/api.w.org\/{rel}","templated":true}]}}