{"id":3261,"date":"2016-10-03T17:35:31","date_gmt":"2016-10-03T15:35:31","guid":{"rendered":"https:\/\/www.gwgl-hamburg.de\/?page_id=528"},"modified":"2026-04-24T13:21:20","modified_gmt":"2026-04-24T11:21:20","slug":"pruefung-und-deklaration-von-fonds-ertraegen","status":"publish","type":"page","link":"https:\/\/gwgl-hamburg.de\/en\/rechtsgebiete\/steuern\/pruefung-und-deklaration-von-fonds-ertraegen\/","title":{"rendered":"Pr\u00fcfung und Deklaration von Fonds-Ertr\u00e4gen"},"content":{"rendered":"<h1 class=\"title\">Pr\u00fcfung und Deklaration von Fonds-Ertr\u00e4gen im Steuerstrafrecht und in der Einkommensteuererkl\u00e4rung<\/h1>\n<p>Pr\u00fcfung und Deklaration von steuerpflichtigen Fondsertr\u00e4gen: In Zeiten niedriger Zinsen f\u00fcr risikoarme Finanzanlagen steigt das Anlagevolumen in in- und ausl\u00e4ndische Investmentfonds. Diese b\u00fcndeln Verm\u00f6gen von Anlegern und investieren es in Geldanlagen, Unternehmen und Immobilien. Vor allem Anteile an <strong>ausl\u00e4ndischen thesaurierenden Investmentfonds<\/strong> unterliegen <strong>nicht der sogenannten Abgeltungssteuer<\/strong> und sind vom <strong>Anleger selbst in der Einkommensteuererkl\u00e4rung anzugeben<\/strong> (steuerpflichtige Fondsertr\u00e4ge). Die zutreffende Berechnung der Kapitalertr\u00e4ge ist dabei sehr komplex und f\u00fcr den Anleger selbst meist nur schwer bis gar nicht m\u00f6glich.<\/p>\n<h2>Willkommen im Fonds-Dschungel<\/h2>\n<p>Es gibt zahlreiche unterschiedliche Arten von Investmentfonds, wie Rentenfonds, Aktienfonds, Immobilienfonds, Mischfonds, Indexfonds und Spezialfonds. Die meisten davon unterfallen dem Investmentsteuergesetz (InvStG), das Sonderregelungen f\u00fcr die Besteuerung dieser Anlageformen vorsieht. Es wurde in der Vergangenheit mehrfach modifiziert und zuletzt zum 01.01.2028 grundlegend ge\u00e4ndert.<\/p>\n<p>Gerade bei thesaurierenden Investmentfonds insbesondere in den Jahren vor 2018 ist den Anlegern mitunter \u00fcberhaupt nicht bewusst, dass thesaurierte Ertr\u00e4ge steuerpflichtig sind. Dies liegt daran, dass es mangels Aussch\u00fcttung keinen unmittelbaren Zufluss beim Anleger gibt. Zwar weisen die depotverwaltenden Banken in den Ertr\u00e4gnisaufstellungen in der Regel im Kleingedruckten darauf hin, dass eventuell bestimmte steuerpflichtige Ertr\u00e4ge nicht in der Aufstellung enthalten sein k\u00f6nnten. Dieser Hinweis wird jedoch nach unserer Erfahrung kaum beachtet.<\/p>\n<p>So werden mitunter viele Jahre steuerpflichtige Kapitalertr\u00e4ge nicht erkl\u00e4rt. Dies f\u00e4llt h\u00e4ufig erst bei einer Ver\u00e4u\u00dferung der Anteile auf. Zwar wird bei einer Ver\u00e4u\u00dferung aus einem im Inland verwaltetes Depot nachtr\u00e4glich eine Besteuerung durch das depotf\u00fchrende Kreditinstitut vorgenommen. Dies f\u00fchrt aber nicht zu einer Abgeltungswirkung und befreit den Anleger nicht von der Erkl\u00e4rungspflicht.<\/p>\n<p>Selbst die depotverwaltenden Kreditinstitute nehmen nicht immer einen zutreffenden Steuerabzug vor. Teilweise sind auch die ausgestellten Steuerbescheinigungen fehlerhaft, was nicht selten mit erheblichen steuerlichen Nachteilen f\u00fcr die Anleger verbunden ist.<\/p>\n<h3>Wann Depots pr\u00fcfen?<\/h3>\n<p>Besonders dann, wenn es zu Fragen vom Finanzamt kommt, sollte schnell, aber bedacht unter Hinzuziehung rechtlichen Rats gehandelt werden. Auch f\u00fcr eine grunds\u00e4tzliche \u00dcberpr\u00fcfung Ihrer Depots und Anlagen im Hinblick auf alle steuerlichen Sachverhalte stehen wir Ihnen mit einem Team aus spezialisierten Rechtsanw\u00e4lten, Fachanw\u00e4lten und Steuerberatern umfassend zur Verf\u00fcgung.<\/p>","protected":false},"excerpt":{"rendered":"<p>Pr\u00fcfung und Deklaration von Fonds-Ertr\u00e4gen im Steuerstrafrecht und in der Einkommensteuererkl\u00e4rung Pr\u00fcfung und Deklaration von steuerpflichtigen Fondsertr\u00e4gen: In Zeiten niedriger Zinsen f\u00fcr risikoarme Finanzanlagen steigt das Anlagevolumen in in- und ausl\u00e4ndische Investmentfonds. Diese b\u00fcndeln Verm\u00f6gen von Anlegern und investieren es in Geldanlagen, Unternehmen und Immobilien. Vor allem Anteile an ausl\u00e4ndischen thesaurierenden Investmentfonds unterliegen nicht der [&hellip;]<\/p>\n","protected":false},"author":6,"featured_media":0,"parent":3230,"menu_order":0,"comment_status":"closed","ping_status":"closed","template":"","meta":{"_acf_changed":false,"footnotes":""},"class_list":["post-3261","page","type-page","status-publish","hentry"],"acf":[],"_links":{"self":[{"href":"https:\/\/gwgl-hamburg.de\/en\/wp-json\/wp\/v2\/pages\/3261","targetHints":{"allow":["GET"]}}],"collection":[{"href":"https:\/\/gwgl-hamburg.de\/en\/wp-json\/wp\/v2\/pages"}],"about":[{"href":"https:\/\/gwgl-hamburg.de\/en\/wp-json\/wp\/v2\/types\/page"}],"author":[{"embeddable":true,"href":"https:\/\/gwgl-hamburg.de\/en\/wp-json\/wp\/v2\/users\/6"}],"replies":[{"embeddable":true,"href":"https:\/\/gwgl-hamburg.de\/en\/wp-json\/wp\/v2\/comments?post=3261"}],"version-history":[{"count":5,"href":"https:\/\/gwgl-hamburg.de\/en\/wp-json\/wp\/v2\/pages\/3261\/revisions"}],"predecessor-version":[{"id":5109,"href":"https:\/\/gwgl-hamburg.de\/en\/wp-json\/wp\/v2\/pages\/3261\/revisions\/5109"}],"up":[{"embeddable":true,"href":"https:\/\/gwgl-hamburg.de\/en\/wp-json\/wp\/v2\/pages\/3230"}],"wp:attachment":[{"href":"https:\/\/gwgl-hamburg.de\/en\/wp-json\/wp\/v2\/media?parent=3261"}],"curies":[{"name":"wp","href":"https:\/\/api.w.org\/{rel}","templated":true}]}}