{"id":3262,"date":"2016-10-03T18:18:48","date_gmt":"2016-10-03T16:18:48","guid":{"rendered":"https:\/\/www.gwgl-hamburg.de\/?page_id=530"},"modified":"2026-01-14T09:24:27","modified_gmt":"2026-01-14T08:24:27","slug":"belasteter-nachlass","status":"publish","type":"page","link":"https:\/\/gwgl-hamburg.de\/en\/rechtsgebiete\/steuern\/belasteter-nachlass\/","title":{"rendered":"Belasteter Nachlass"},"content":{"rendered":"<h1 class=\"title\">Belasteter Nachlass &#8211; Vermeidung von Steuerstrafverfahren<\/h1>\n<p>Wurden oder <strong>werden Steuern hinterzogen<\/strong>, kann dies nicht nur f\u00fcr denjenigen, der die Steuerhinterziehung begeht, <strong>strafrechtliche Konsequenzen<\/strong> haben, sondern <strong>gleichwohl f\u00fcr die oder den Erben<\/strong> im Falle des Ablebens des Erblassers.<\/p>\n<p>Belasteter Nachlass \u2013 Vermeidung von Steuerstrafverfahren: Grunds\u00e4tzlich gilt zwar, dass Erben weder pers\u00f6nlich noch finanziell f\u00fcr (Steuer-) straftaten des Erblassers haften. Sie sind aber verpflichtet, unrichtige oder unvollst\u00e4ndige Steuererkl\u00e4rungen zu berichtigen. Voraussetzung daf\u00fcr ist, dass der oder die Erben Kenntnis \u00fcber nicht eingereichte, unrichtige oder unvollst\u00e4ndige Steuererkl\u00e4rungen des Erblassers haben. Vor allem dann, wenn sich in der Erbmasse ausl\u00e4ndische Konten, Depots oder Immobilienverm\u00f6gen befinden, sollte genau gepr\u00fcft werden, woher das Verm\u00f6gen stammt und ob die Ertr\u00e4ge dem Finanzamt gegen\u00fcber vollst\u00e4ndig erkl\u00e4rt wurden.<\/p>\n<p>Stellt sich heraus, dass der Erblasser Eink\u00fcnfte verschwiegen hat, sollte umgehend, aber auch mit Bedacht gehandelt werden. Sp\u00e4testens zu diesem Zeitpunkt sollte ein fachkundiger Rechtsbeistand hinzugezogen werden. Werden diese Eink\u00fcnfte trotz Kenntnis von den Erblassern nicht berichtigt, wird die Steuerhinterziehung durch die Erben fortgesetzt. Diese kann zudem aufgrund der nach dem Erbfall den Erben zuzurechnenden Eink\u00fcnfte verwirklicht werden.<\/p>\n<h2>Je fr\u00fcher gehandelt wird, desto besser<\/h2>\n<p>Wird rechtzeitig gehandelt, kann ein Steuerstrafverfahren in der Regel vermieden werden. Ein \u201eTaktieren\u201c der Betroffenen sollte unter allen Umst\u00e4nden vermieden werden, denn besonders bei Auslandskonten und Depots und dem anstehenden umfassenden internationalen Datenaustausch ab 2017 ist das Entdeckungsrisiko erheblich angestiegen. Gerade aufgrund der strafrechtlichen Relevanz sollten betroffene Erben nicht z\u00f6gern, entsprechende Sachverhalte unter Hinzuziehung anwaltlicher Expertise aufzuarbeiten und nach erfolgter rechtlicher Einsch\u00e4tzung eventuell die notwendigen weiteren Schritte einleiten.<\/p>\n<p>Daf\u00fcr steht Ihnen <a href=\"https:\/\/gwgl-hamburg.de\/en\/team\/matthias-e-grimme\/\">Rechtsanwalt, Fachanwalt f\u00fcr Steuerrecht und Steuerberater Matthias E. Grimme<\/a> zur Verf\u00fcgung. Durch seine Mehrfachqualifikation, die Spezialisierung auf das Steuerstrafrecht und seine langj\u00e4hrige Erfahrung in diesem Rechtsgebiet k\u00f6nnen Sie auf eine umfassende Beratung und Vertretung in allen Bereichen des Steuerstrafrechts vertrauen.<\/p>","protected":false},"excerpt":{"rendered":"<p>Belasteter Nachlass &#8211; Vermeidung von Steuerstrafverfahren Wurden oder werden Steuern hinterzogen, kann dies nicht nur f\u00fcr denjenigen, der die Steuerhinterziehung begeht, strafrechtliche Konsequenzen haben, sondern gleichwohl f\u00fcr die oder den Erben im Falle des Ablebens des Erblassers. Belasteter Nachlass \u2013 Vermeidung von Steuerstrafverfahren: Grunds\u00e4tzlich gilt zwar, dass Erben weder pers\u00f6nlich noch finanziell f\u00fcr (Steuer-) straftaten [&hellip;]<\/p>\n","protected":false},"author":6,"featured_media":0,"parent":3230,"menu_order":0,"comment_status":"closed","ping_status":"closed","template":"","meta":{"_acf_changed":false,"footnotes":""},"class_list":["post-3262","page","type-page","status-publish","hentry"],"acf":[],"_links":{"self":[{"href":"https:\/\/gwgl-hamburg.de\/en\/wp-json\/wp\/v2\/pages\/3262","targetHints":{"allow":["GET"]}}],"collection":[{"href":"https:\/\/gwgl-hamburg.de\/en\/wp-json\/wp\/v2\/pages"}],"about":[{"href":"https:\/\/gwgl-hamburg.de\/en\/wp-json\/wp\/v2\/types\/page"}],"author":[{"embeddable":true,"href":"https:\/\/gwgl-hamburg.de\/en\/wp-json\/wp\/v2\/users\/6"}],"replies":[{"embeddable":true,"href":"https:\/\/gwgl-hamburg.de\/en\/wp-json\/wp\/v2\/comments?post=3262"}],"version-history":[{"count":3,"href":"https:\/\/gwgl-hamburg.de\/en\/wp-json\/wp\/v2\/pages\/3262\/revisions"}],"predecessor-version":[{"id":3821,"href":"https:\/\/gwgl-hamburg.de\/en\/wp-json\/wp\/v2\/pages\/3262\/revisions\/3821"}],"up":[{"embeddable":true,"href":"https:\/\/gwgl-hamburg.de\/en\/wp-json\/wp\/v2\/pages\/3230"}],"wp:attachment":[{"href":"https:\/\/gwgl-hamburg.de\/en\/wp-json\/wp\/v2\/media?parent=3262"}],"curies":[{"name":"wp","href":"https:\/\/api.w.org\/{rel}","templated":true}]}}