{"id":3263,"date":"2016-10-03T18:24:55","date_gmt":"2016-10-03T16:24:55","guid":{"rendered":"https:\/\/www.gwgl-hamburg.de\/?page_id=532"},"modified":"2026-01-14T09:23:07","modified_gmt":"2026-01-14T08:23:07","slug":"testamentsgestaltung-und-vorsorge","status":"publish","type":"page","link":"https:\/\/gwgl-hamburg.de\/en\/rechtsgebiete\/erbrecht-nachfolge\/testamentsgestaltung-und-vorsorge\/","title":{"rendered":"Will drafting and pension provision"},"content":{"rendered":"<h1 class=\"title\">Will drafting and pension provision<\/h1>\n<p><strong>Sich rechtzeitig dar\u00fcber Gedanken zu machen,<\/strong> was nach dem <strong>eigenen Ableben oder bei schwerer Krankheit<\/strong> geschehen soll \u2013 dies ist ein Akt der F\u00fcrsorge gegen\u00fcber den Hinterbliebenen, der ihnen im Ernstfall unn\u00f6tiges Leid oder Streit erspart. Als Fachanw\u00e4lte f\u00fcr Erbrecht und Steuerrecht begleiten wir Sie vollumf\u00e4nglich bei diesem Prozess \u2013 <strong>von den ersten \u00dcberlegungen und W\u00fcnschen<\/strong> bis zur klaren und <strong>rechtswirksamen Gestaltung der entsprechenden Dokumente.<\/strong><\/p>\n<h2>Testament und Erbvertrag<\/h2>\n<p>Wenn Sie nichts regeln, tritt die gesetzliche Erbfolge ein. Das ist etwas, auf das Sie sich 100 Prozent verlassen k\u00f6nnen. Nicht verlassen k\u00f6nnen Sie sich darauf, dass gerade diese gesetzliche Erbfolge f\u00fcr Ihren Nachlass und Ihr Verm\u00f6gen das Ergebnis bringt, welches Sie sich w\u00fcnschen. Vielleicht bedarf es des besonderen Schutzes Ihres Ehegatten oder eines Unternehmens oder einer Immobilie. Oder Personen w\u00fcrden nichts erhalten, denen Sie aber gern etwas zukommen lassen wollen. Vielleicht haben Sie konkrete Vorstellungen, wie Sie Ihr Verm\u00f6gen gern verteilen m\u00f6chten oder Sie m\u00f6chten gern im bestm\u00f6glichen Rahmen das Verm\u00f6gen vor Erbschaftsteuer sch\u00fctzen.<\/p>\n<p>Die gesetzliche Erbfolge tritt hinter die gewillk\u00fcrte Erbfolge zur\u00fcck. Mit einem Testament oder Erbvertrag k\u00f6nnen Sie Verf\u00fcgungen treffen, die mit Ihrem Tod eintreten sollen. Sie k\u00f6nnen Erben einsetzen oder enterben, Sie k\u00f6nnen den Nachlass unter den Erben gegenst\u00e4ndlich verteilen und Verm\u00e4chtnisse aussetzen. Sie k\u00f6nnen eine Testamentsvollstreckung anordnen. Sie k\u00f6nnen \u00fcber Ihren letzten Willen Ihr Verm\u00f6gen vor dem Zugriff m\u00f6glicher Gl\u00e4ubiger der Erben, Ex-Partner oder Sozialbeh\u00f6rden sch\u00fctzen.<\/p>\n<p>Wir beraten Sie hinsichtlich Ihrer M\u00f6glichkeiten und entwerfen f\u00fcr Sie eindeutige und sichere Verf\u00fcgungen von Todes wegen.<\/p>\n<p>Unsere Leistungen:<\/p>\n<ul>\n<li>Beratung hinsichtlich der m\u00f6glichen Gestaltungsformen<\/li>\n<li>Gestaltung von Testamenten und Erbvertr\u00e4gen<\/li>\n<li>Gestaltung von begleitenden Vertr\u00e4gen wie Pflichtteilsverzichtsvertrag<\/li>\n<\/ul>\n<h3>Vorsorgevollmacht, Betreuungsverf\u00fcgung, Patientenverf\u00fcgung<\/h3>\n<p>Durch rechtzeitiges Handeln k\u00f6nnen Sie Sorge daf\u00fcr tragen, dass im Ernstfall f\u00fcr Sie gehandelt werden kann und zwar durch eine Person Ihres Vertrauens, die Sie selbst bestimmt haben und die nicht von jemand anderen ausgesucht wird. Im Rahmen einer Vorsorgevollmacht bestimmten Sie eine Person Ihres Vertrauens, die Sie bei fehlender Handlungs- und Entscheidungsf\u00e4higkeit vertreten kann.<\/p>\n<p>Die Vollmacht kann sich dabei sowohl auf finanzielle Angelegenheiten als auch auf pers\u00f6nliche Dinge, wie die medizinische Behandlung und die Aufenthaltsbestimmung erstrecken. Die Vorsorgevollmacht sollte mit einer Betreuungsverf\u00fcgung kombiniert werden, die f\u00fcr den Fall vorsorgt, dass das Vormundschaftsgericht trotz Vorsorgevollmacht eine Betreuung anordnet. Sie k\u00f6nnen mit der Betreuungsverf\u00fcgung einen Betreuer bestimmen oder aber auch bestimmte Personen als Betreuer ausschlie\u00dfen.<\/p>\n<p>Nutzen Sie dar\u00fcber hinaus auch die M\u00f6glichkeit, f\u00fcr den Krisenfall verbindliche Anweisungen zu geben, ob und wie eine medizinischen Behandlung erfolgen oder die Pflege gestaltet werden soll. Dar\u00fcber hinaus k\u00f6nnen Sie eine Person Ihres Vertrauens mit der Durchsetzung Ihrer Patientenverf\u00fcgung betrauen. &lt;<\/p>\n<p><strong>Unsere Leistungen:<\/strong><\/p>\n<ul>\n<li>Beratung zur Frage, wie Sie f\u00fcr den Fall einer ernsten Krankheit bestm\u00f6glich vorbereitet sind.<\/li>\n<li>Gestaltung von Vorsorgevollmachten, Betreuungsverf\u00fcgungen, Patientenverf\u00fcgungen<\/li>\n<\/ul>","protected":false},"excerpt":{"rendered":"<p>Testamentsgestaltung und Vorsorge Sich rechtzeitig dar\u00fcber Gedanken zu machen, was nach dem eigenen Ableben oder bei schwerer Krankheit geschehen soll \u2013 dies ist ein Akt der F\u00fcrsorge gegen\u00fcber den Hinterbliebenen, der ihnen im Ernstfall unn\u00f6tiges Leid oder Streit erspart. Als Fachanw\u00e4lte f\u00fcr Erbrecht und Steuerrecht begleiten wir Sie vollumf\u00e4nglich bei diesem Prozess \u2013 von den [&hellip;]<\/p>\n","protected":false},"author":7,"featured_media":0,"parent":3229,"menu_order":0,"comment_status":"closed","ping_status":"closed","template":"","meta":{"_acf_changed":false,"footnotes":""},"class_list":["post-3263","page","type-page","status-publish","hentry"],"acf":[],"_links":{"self":[{"href":"https:\/\/gwgl-hamburg.de\/en\/wp-json\/wp\/v2\/pages\/3263","targetHints":{"allow":["GET"]}}],"collection":[{"href":"https:\/\/gwgl-hamburg.de\/en\/wp-json\/wp\/v2\/pages"}],"about":[{"href":"https:\/\/gwgl-hamburg.de\/en\/wp-json\/wp\/v2\/types\/page"}],"author":[{"embeddable":true,"href":"https:\/\/gwgl-hamburg.de\/en\/wp-json\/wp\/v2\/users\/7"}],"replies":[{"embeddable":true,"href":"https:\/\/gwgl-hamburg.de\/en\/wp-json\/wp\/v2\/comments?post=3263"}],"version-history":[{"count":4,"href":"https:\/\/gwgl-hamburg.de\/en\/wp-json\/wp\/v2\/pages\/3263\/revisions"}],"predecessor-version":[{"id":4402,"href":"https:\/\/gwgl-hamburg.de\/en\/wp-json\/wp\/v2\/pages\/3263\/revisions\/4402"}],"up":[{"embeddable":true,"href":"https:\/\/gwgl-hamburg.de\/en\/wp-json\/wp\/v2\/pages\/3229"}],"wp:attachment":[{"href":"https:\/\/gwgl-hamburg.de\/en\/wp-json\/wp\/v2\/media?parent=3263"}],"curies":[{"name":"wp","href":"https:\/\/api.w.org\/{rel}","templated":true}]}}