{"id":3264,"date":"2016-10-03T18:34:00","date_gmt":"2016-10-03T16:34:00","guid":{"rendered":"https:\/\/www.gwgl-hamburg.de\/?page_id=534"},"modified":"2026-03-16T20:12:56","modified_gmt":"2026-03-16T19:12:56","slug":"testamentsvollstreckung","status":"publish","type":"page","link":"https:\/\/gwgl-hamburg.de\/en\/rechtsgebiete\/erbrecht-nachfolge\/testamentsvollstreckung\/","title":{"rendered":"Execution of wills"},"content":{"rendered":"<h1 class=\"title\">Testamentsvollstreckung &#8211; Rechtsberatung, Vertretung, Pr\u00fcfung &amp; Durchf\u00fchrung<\/h1>\n<p><strong>Testamentsvollstreckung ist vor allem ein probates Mittel,<\/strong> um gesch\u00e4ftlich unerfahrenen oder \u00fcberforderten Erben zu helfen. Gerade bei minderj\u00e4hrigen Erben wird dieser Gedanke oft ausschlaggebend sein. Dabei wird eine Person eingesetzt, die den Nachlass verwaltet und f\u00fcr die Erben regelt.<\/p>\n<p><strong>Wenn Sie<\/strong><\/p>\n<ul>\n<li><strong>Zweifel haben,<\/strong> ob Ihr Wille und Ihre Vorstellungen entsprechend umgesetzt werden<\/li>\n<li><strong>oder Ihr Testament abfassen wollen<\/strong> und dar\u00fcber nachdenken, ob die Testamentsvollstreckung in Ihrem Testament das richtige w\u00e4re<\/li>\n<li><strong>oder Sie sich diesbez\u00fcglich schon sicher sind,<\/strong> aber in Ihrem Umfeld niemanden haben, dem Sie dieses Amt andienen wollen,<\/li>\n<li><strong>oder selbst als Testamentsvollstrecker\/in<\/strong> eingesetzt worden sind und Fragen zum weiteren Vorgehen haben<\/li>\n<\/ul>\n<p><a href=\"\/en\/kontakt\/\"><strong>sprechen Sie uns an!<\/strong><\/a><\/p>\n<h2>Wann ist eine Testamentsvollstreckung sinnvoll?<\/h2>\n<p>Bei mehreren Erben kann die Einsetzung eines Testamentsvollstreckers Streit unter den Erben vermeiden. Hat der Erblasser Auflagen oder Verm\u00e4chtnisse angeordnet, an deren Erf\u00fcllung die Erben kein eigenes Interesse haben, kann der Testamentsvollstrecker au\u00dferdem die Vollziehung des Willens des Erblassers \u00fcberwachen.<\/p>\n<p>Testamentsvollstreckung eignet sich beispielsweise bei folgenden Fallgruppen:<\/p>\n<ul>\n<li>Der Erblasser hinterl\u00e4sst einen gesch\u00e4ftlich unerfahrenen Erben.Der Erblasser m\u00f6chte einen minderj\u00e4hrigen Erben, f\u00fcr den ein gesetzlicher Vertreter handelt, sch\u00fctzen.<\/li>\n<li>Der Nachlass soll bis zur Vollj\u00e4hrigkeit eines Erben erhalten bleiben.<\/li>\n<li>Der Nachlass soll \u00fcber die Vollj\u00e4hrigkeit eines Erben hinaus erhalten bleiben.<\/li>\n<li>Der Erblasser hinterl\u00e4sst einen behinderten Erben.<\/li>\n<li>Wirtschaftlich gef\u00e4hrdete Erben sollen vor dem Zugriff von Eigengl\u00e4ubigern gesch\u00fctzt werden.<\/li>\n<li>Es soll Streit zwischen den einzelnen Erben vermieden werden.<\/li>\n<li>Es soll ein bestimmter Stiftungszweck mit dem Nachlass erreicht werden.<\/li>\n<li>Der Erblasser m\u00f6chte sicherstellen, dass Auflagen umgesetzt bzw. Verm\u00e4chtnisse erf\u00fcllt werden.<\/li>\n<\/ul>\n<h2>Wie gestaltet sich eine Testamentsvollstreckung?<\/h2>\n<p>Es liegt ausschlie\u00dflich in der Hand des Erblassers, ob er einen Testamentsvollstrecker mit der Erbauseinandersetzung und der Weiterverwaltung des Erbes beauftragen m\u00f6chte. Er muss dies in seinem letzten Willen anordnen und die n\u00f6tigen Vorgaben machen.<\/p>\n<p>F\u00fcr die <strong>Zeit der Testamentsvollstreckung<\/strong> ist den Erben die <strong>Verf\u00fcgungsgewalt \u00fcber die Nachlassgegenst\u00e4nde entzogen<\/strong>. Auch die Nutzungen der Nachlassgegenst\u00e4nde stehen den Erben nicht zu, ebenso wenig die Reinertr\u00e4ge, falls dies nicht vom Erblasser angeordnet worden ist.<\/p>\n<p>Demgegen\u00fcber ist der Testamentsvollstrecker verwaltungsbefugt und insbesondere berechtigt, den Nachlass in Besitz zu nehmen und \u00fcber Nachlassgegenst\u00e4nde zu verf\u00fcgen.<\/p>\n<p>Im Rahmen ordnungsgem\u00e4\u00dfer Verwaltung hat der Testamentsvollstrecker das ihm anvertraute Verm\u00f6gen zu sichern und zu erhalten. Er hat die ihm gemachten Vorgaben zu beachten und den Willen des Erblassers umzusetzen. Dies kann durch eine reine Abwicklungsvollstreckung geschehen, die dann beendet ist, wenn alle W\u00fcnsche und Vorgaben des Erblassers umgesetzt und die Auseinandersetzung der Erbengemeinschaft beendet sind. Sie kann aber auch in Form einer Verwaltungsvollstreckung oder Dauertestamentsvollstreckung erfolgen.<\/p>\n<p><strong>Unsere Leistungen:<\/strong><\/p>\n<ul>\n<li>Beratung von Testamentsvollstreckern in allen Rechts- und Steuerfragen<\/li>\n<li>Vertretung von Testamentsvollstreckern oder Erben bei Konflikten<\/li>\n<li>Pr\u00fcfung der Zweckm\u00e4\u00dfigkeit bzw. Notwendigkeit einer Testamentsvollstreckung<\/li>\n<li>Durchf\u00fchrung von Testamentsvollstreckungen<\/li>\n<\/ul>","protected":false},"excerpt":{"rendered":"<p>Testamentsvollstreckung &#8211; Rechtsberatung, Vertretung, Pr\u00fcfung &amp; Durchf\u00fchrung Testamentsvollstreckung ist vor allem ein probates Mittel, um gesch\u00e4ftlich unerfahrenen oder \u00fcberforderten Erben zu helfen. Gerade bei minderj\u00e4hrigen Erben wird dieser Gedanke oft ausschlaggebend sein. Dabei wird eine Person eingesetzt, die den Nachlass verwaltet und f\u00fcr die Erben regelt. Wenn Sie Zweifel haben, ob Ihr Wille und Ihre [&hellip;]<\/p>\n","protected":false},"author":7,"featured_media":0,"parent":3229,"menu_order":0,"comment_status":"closed","ping_status":"closed","template":"","meta":{"_acf_changed":false,"footnotes":""},"class_list":["post-3264","page","type-page","status-publish","hentry"],"acf":[],"_links":{"self":[{"href":"https:\/\/gwgl-hamburg.de\/en\/wp-json\/wp\/v2\/pages\/3264","targetHints":{"allow":["GET"]}}],"collection":[{"href":"https:\/\/gwgl-hamburg.de\/en\/wp-json\/wp\/v2\/pages"}],"about":[{"href":"https:\/\/gwgl-hamburg.de\/en\/wp-json\/wp\/v2\/types\/page"}],"author":[{"embeddable":true,"href":"https:\/\/gwgl-hamburg.de\/en\/wp-json\/wp\/v2\/users\/7"}],"replies":[{"embeddable":true,"href":"https:\/\/gwgl-hamburg.de\/en\/wp-json\/wp\/v2\/comments?post=3264"}],"version-history":[{"count":5,"href":"https:\/\/gwgl-hamburg.de\/en\/wp-json\/wp\/v2\/pages\/3264\/revisions"}],"predecessor-version":[{"id":4404,"href":"https:\/\/gwgl-hamburg.de\/en\/wp-json\/wp\/v2\/pages\/3264\/revisions\/4404"}],"up":[{"embeddable":true,"href":"https:\/\/gwgl-hamburg.de\/en\/wp-json\/wp\/v2\/pages\/3229"}],"wp:attachment":[{"href":"https:\/\/gwgl-hamburg.de\/en\/wp-json\/wp\/v2\/media?parent=3264"}],"curies":[{"name":"wp","href":"https:\/\/api.w.org\/{rel}","templated":true}]}}