{"id":3265,"date":"2016-10-03T18:38:50","date_gmt":"2016-10-03T16:38:50","guid":{"rendered":"https:\/\/www.gwgl-hamburg.de\/?page_id=536"},"modified":"2026-01-14T09:23:07","modified_gmt":"2026-01-14T08:23:07","slug":"erbstreitigkeit","status":"publish","type":"page","link":"https:\/\/gwgl-hamburg.de\/en\/rechtsgebiete\/erbrecht-nachfolge\/erbstreitigkeit\/","title":{"rendered":"Inheritance dispute"},"content":{"rendered":"<h1 class=\"title\">Erbstreitigkeit &#8211; Rechtsberatung, Vertretung und Durchsetzung<\/h1>\n<p><strong>Nahezu jeder Erbfall hat Konfliktpotential.<\/strong> Erbstreitigkeiten sind komplex und f\u00fcr die Beteiligten nervenaufreibend. Wenn aber vers\u00e4umt wurde, einem Streit mit einer eindeutigen <strong>\u201eVerf\u00fcgung von Todes\u201c<\/strong> vorzubeugen, muss man sich ihm stellen. Wir beraten Sie gern und erarbeiten mit Ihnen eine Strategie zur Durchsetzung Ihrer Rechte.<\/p>\n<p>Hat der Erblasser kein Testament hinterlassen, greift die gesetzliche Erbfolge, die in den meisten F\u00e4llen nicht die gew\u00fcnschten Ergebnisse mit sich bringt und oft zu gro\u00dfen Ungerechtigkeiten f\u00fchrt.<\/p>\n<p>Hat der Erblasser ein Testament abgefasst, sich hier aber nicht eindeutig ausgedr\u00fcckt oder sogar Formvorschriften missachtet, kann das Testament im schlimmsten Fall ung\u00fcltig sein oder aber zumindest auslegungsbed\u00fcrftig. Der Streit ist vorprogrammiert.<\/p>\n<p>Oder der Erblasser hat das Testament vor langer Zeit abgefasst und es entspricht nicht mehr den aktuellen Gegebenheiten und Lebensverh\u00e4ltnissen im Erbfall. Miterben streiten sich \u00fcber die Aufteilung des Nachlasses. Der Pflichtteilsberechtigte macht seinen Pflichtteilsanspruch geltend.<\/p>\n<h2 class=\"title\">Unsere Leistungen bei Erbstreitigkeiten:<\/h2>\n<ul>\n<li>Beratung und Begleitung bei der Erbauseinandersetzung<\/li>\n<li>Gerichtliche und au\u00dfergerichtliche Durchsetzung und Abwehr von Pflichtteilsanspr\u00fcchen, Auskunftsanspr\u00fcchen und Wertermittlungsanspr\u00fcchen von Pflichtteilsberechtigten<\/li>\n<li>Durchsetzung der Erbenstellung (Erbscheinverfahren, Erbenfeststellungsklage, Testamentsanfechtung)<\/li>\n<li>Beratung und Vertretung von Miterben bei streitigen Erbengemeinschaften (Verwaltung der Erbengemeinschaft, Auseinandersetzung, Teilungsversteigerung)<\/li>\n<\/ul>","protected":false},"excerpt":{"rendered":"<p>Erbstreitigkeit &#8211; Rechtsberatung, Vertretung und Durchsetzung Nahezu jeder Erbfall hat Konfliktpotential. Erbstreitigkeiten sind komplex und f\u00fcr die Beteiligten nervenaufreibend. Wenn aber vers\u00e4umt wurde, einem Streit mit einer eindeutigen \u201eVerf\u00fcgung von Todes\u201c vorzubeugen, muss man sich ihm stellen. Wir beraten Sie gern und erarbeiten mit Ihnen eine Strategie zur Durchsetzung Ihrer Rechte. Hat der Erblasser kein [&hellip;]<\/p>\n","protected":false},"author":7,"featured_media":0,"parent":3229,"menu_order":0,"comment_status":"closed","ping_status":"closed","template":"","meta":{"_acf_changed":false,"footnotes":""},"class_list":["post-3265","page","type-page","status-publish","hentry"],"acf":[],"_links":{"self":[{"href":"https:\/\/gwgl-hamburg.de\/en\/wp-json\/wp\/v2\/pages\/3265","targetHints":{"allow":["GET"]}}],"collection":[{"href":"https:\/\/gwgl-hamburg.de\/en\/wp-json\/wp\/v2\/pages"}],"about":[{"href":"https:\/\/gwgl-hamburg.de\/en\/wp-json\/wp\/v2\/types\/page"}],"author":[{"embeddable":true,"href":"https:\/\/gwgl-hamburg.de\/en\/wp-json\/wp\/v2\/users\/7"}],"replies":[{"embeddable":true,"href":"https:\/\/gwgl-hamburg.de\/en\/wp-json\/wp\/v2\/comments?post=3265"}],"version-history":[{"count":3,"href":"https:\/\/gwgl-hamburg.de\/en\/wp-json\/wp\/v2\/pages\/3265\/revisions"}],"predecessor-version":[{"id":3791,"href":"https:\/\/gwgl-hamburg.de\/en\/wp-json\/wp\/v2\/pages\/3265\/revisions\/3791"}],"up":[{"embeddable":true,"href":"https:\/\/gwgl-hamburg.de\/en\/wp-json\/wp\/v2\/pages\/3229"}],"wp:attachment":[{"href":"https:\/\/gwgl-hamburg.de\/en\/wp-json\/wp\/v2\/media?parent=3265"}],"curies":[{"name":"wp","href":"https:\/\/api.w.org\/{rel}","templated":true}]}}