{"id":3266,"date":"2016-10-03T18:42:54","date_gmt":"2016-10-03T16:42:54","guid":{"rendered":"https:\/\/www.gwgl-hamburg.de\/?page_id=538"},"modified":"2026-03-18T12:48:11","modified_gmt":"2026-03-18T11:48:11","slug":"pflichtteil","status":"publish","type":"page","link":"https:\/\/gwgl-hamburg.de\/en\/rechtsgebiete\/erbrecht-nachfolge\/pflichtteil\/","title":{"rendered":"Mandatory portion"},"content":{"rendered":"<h1 class=\"title\">Pflichtteil &#8211; Rechtsberatung, Gestaltung, Reduzierung und Durchsetzung<\/h1>\n<p><strong>Der \u201ePflichtteil\u201c ist der Teil eines Erbes,<\/strong> der den Erben aufgrund von <strong>Familienzugeh\u00f6rigkeit gesetzm\u00e4\u00dfig zusteht.<\/strong> Die Einforderung des Pflichtteils oder dessen Abwehr ist rechtlich komplex und daher ein besonderer Schwerpunkt f\u00fcr jeden <a title=\"Anwalt f\u00fcr Erbrecht\" href=\"https:\/\/gwgl-hamburg.de\/en\/team\/kristin-winkler\/\">Anwalt, der sich auf Erbrecht spezialisiert hat<\/a>. Wir helfen Ihnen dabei, Ihren <strong>Pflichtteil geltend zu machen<\/strong> oder <strong>Pflichtteilsanspr\u00fcche von anderen abzuwehren.<\/strong><\/p>\n<p>Bereits bei der <a title=\"Testamentsgestaltung\" href=\"https:\/\/gwgl-hamburg.de\/en\/areas-of-law\/erbrecht-nachfolge\/testamentsgestaltung-und-vorsorge\/\">Testamentsgestaltung<\/a> muss beachtet werden, wer einen Pflichtteil verlangen kann und wie mit den Pflichtteilsanspr\u00fcchen und dessen Auswirkungen umzugehen ist. Durch rechtzeitige Planung lassen sich Pflichtteilsanspr\u00fcche reduzieren. Allerdings birgt die blo\u00dfe Aush\u00f6hlung des Nachlasses ohne Beratung die Gefahr, dass Pflichtteilserg\u00e4nzungsanspr\u00fcche entstehen.<\/p>\n<p>Nach dem Erbfall muss ein Erbe wissen, wie er richtig Auskunft erteilt und wie viel er als Pflichtteil zu zahlen hat, damit er letztlich nicht zu viel bezahlt.<\/p>\n<p>Ein Pflichtteilsberechtigter braucht ebenfalls Hilfe durch einen kompetenten Rechtsanwalt, um seinen Pflichtteil geltend zu machen und dabei den Pflichtteil richtig und vollst\u00e4ndig zu ermitteln, zu berechnen und durchzusetzen. Wer seine Rechte kennt, kann in der Regel langwierige und teure Auseinandersetzungen verhindern und verschenkt kein Geld.<\/p>\n<h2 class=\"title\">Unsere Leistungen zum Pflichtteil:<\/h2>\n<ul>\n<li>Gerichtliche und au\u00dfergerichtliche Durchsetzung und Abwehr von Pflichtteilsanspr\u00fcchen, Auskunftsanspr\u00fcchen und Wertermittlungsanspr\u00fcchen von Pflichtteilsberechtigten<\/li>\n<li>Gestaltung von testamentarischen Enterbungen<\/li>\n<li>Reduzierung von Pflichtteilsanspr\u00fcchen und Pflichtteilserg\u00e4nzungsanspr\u00fcchen<\/li>\n<li>Pr\u00fcfung und Gestaltung von Pflichtteilsverzichtsvertr\u00e4gen und Erbverzichtsvertr\u00e4gen<\/li>\n<li>Beratung hinsichtlich erbschaftsteuerreduzierender Pflichtteilsgeltendmachung<\/li>\n<\/ul>","protected":false},"excerpt":{"rendered":"<p>Pflichtteil &#8211; Rechtsberatung, Gestaltung, Reduzierung und Durchsetzung Der \u201ePflichtteil\u201c ist der Teil eines Erbes, der den Erben aufgrund von Familienzugeh\u00f6rigkeit gesetzm\u00e4\u00dfig zusteht. Die Einforderung des Pflichtteils oder dessen Abwehr ist rechtlich komplex und daher ein besonderer Schwerpunkt f\u00fcr jeden Anwalt, der sich auf Erbrecht spezialisiert hat. Wir helfen Ihnen dabei, Ihren Pflichtteil geltend zu machen [&hellip;]<\/p>\n","protected":false},"author":7,"featured_media":0,"parent":3229,"menu_order":0,"comment_status":"closed","ping_status":"closed","template":"","meta":{"_acf_changed":false,"footnotes":""},"class_list":["post-3266","page","type-page","status-publish","hentry"],"acf":[],"_links":{"self":[{"href":"https:\/\/gwgl-hamburg.de\/en\/wp-json\/wp\/v2\/pages\/3266","targetHints":{"allow":["GET"]}}],"collection":[{"href":"https:\/\/gwgl-hamburg.de\/en\/wp-json\/wp\/v2\/pages"}],"about":[{"href":"https:\/\/gwgl-hamburg.de\/en\/wp-json\/wp\/v2\/types\/page"}],"author":[{"embeddable":true,"href":"https:\/\/gwgl-hamburg.de\/en\/wp-json\/wp\/v2\/users\/7"}],"replies":[{"embeddable":true,"href":"https:\/\/gwgl-hamburg.de\/en\/wp-json\/wp\/v2\/comments?post=3266"}],"version-history":[{"count":4,"href":"https:\/\/gwgl-hamburg.de\/en\/wp-json\/wp\/v2\/pages\/3266\/revisions"}],"predecessor-version":[{"id":4456,"href":"https:\/\/gwgl-hamburg.de\/en\/wp-json\/wp\/v2\/pages\/3266\/revisions\/4456"}],"up":[{"embeddable":true,"href":"https:\/\/gwgl-hamburg.de\/en\/wp-json\/wp\/v2\/pages\/3229"}],"wp:attachment":[{"href":"https:\/\/gwgl-hamburg.de\/en\/wp-json\/wp\/v2\/media?parent=3266"}],"curies":[{"name":"wp","href":"https:\/\/api.w.org\/{rel}","templated":true}]}}