{"id":3267,"date":"2016-10-03T18:48:27","date_gmt":"2016-10-03T16:48:27","guid":{"rendered":"https:\/\/www.gwgl-hamburg.de\/?page_id=541"},"modified":"2026-01-14T09:23:07","modified_gmt":"2026-01-14T08:23:07","slug":"nachlassabwicklung","status":"publish","type":"page","link":"https:\/\/gwgl-hamburg.de\/en\/rechtsgebiete\/erbrecht-nachfolge\/nachlassabwicklung\/","title":{"rendered":"Settlement of estates"},"content":{"rendered":"<h1 class=\"title\">Nachlassabwicklung &#8211; Rechtsberatung, Begleitung und \u00dcbernahme<\/h1>\n<p>Erbrecht und Erben muss nicht immer mit Streit verbunden sein. Aber <strong>oftmals ist Erben trotzdem komplex<\/strong> und die damit einhergehenden Aufgaben fallen in eine Zeit, in der man sich um Organisatorisches gar keine Gedanken machen m\u00f6chte. Schon die \u201enormale\u201c Abwicklung kann einem dann zur Last fallen. Hier stehen wir Ihnen zur Seite und \u00fcbernehmen die Organisation, soweit Sie es w\u00fcnschen, und helfen Ihnen, die richtigen Ansprechpartner zu finden.<\/p>\n<p>Dies ist auch <strong>f\u00fcr Erben hilfreich, die weiter weg wohnen<\/strong> oder im Ausland leben. Wir kennen uns hier aus. Durch die Vielzahl von Erbf\u00e4llen, die wir bereits begleitet haben, verf\u00fcgen wir \u00fcber das n\u00f6tige Know-how und ein breites Netzwerk von Dienstleistern, die bei der Abwicklung eines Erbfalls wichtig sein k\u00f6nnen (vom Entr\u00fcmpler, Maler \u00fcber den Auktionator oder Makler). Wir k\u00fcmmern uns gern.<\/p>\n<p>Auch als <strong>Testamentsvollstrecker, als Nachlassverwalter oder Nachlasspfleger<\/strong> stehen wir Ihnen gern mit Rat und Tat zur Seite.Wir sind mit den Problemen der Nachlassabwicklung und Nachlassverwaltung bestens vertraut \u2013 da wir oft selbst von Erblassern mit der Abwicklung von Nachl\u00e4ssen als Testamentsvollstrecker betraut und vom Gericht als Nachlasspfleger und Nachlassverwalter eingesetzt werden. Sprechen Sie uns an, wir helfen Ihnen.<\/p>\n<h2 class=\"title\">Unsere Leistungen bei der Nachlassabwicklung:<\/h2>\n<ul>\n<li>Begleitung bei der Nachlassabwicklung, \u00dcbernahme der Abwicklung von Nachlassf\u00e4llen<\/li>\n<li>Beratung und Begleitung im Erbscheinverfahren<\/li>\n<li>Erstellen der n\u00f6tigen Steuererkl\u00e4rungen f\u00fcr das Finanzamt<\/li>\n<li>Beratung von Nachlasspflegern<\/li>\n<li>\u00dcbernahme von Nachlasspflegschaften \u2013 durch Gericht bestellt<\/li>\n<li>Beratung von Nachlassverwaltern<\/li>\n<li>\u00dcbernahme von Nachlassverwaltungen \u2013 durch Gericht bestellt<\/li>\n<li>Beratung von Testamentsvollstreckern<\/li>\n<li>\u00dcbernahme von Testamentsvollstreckungen \u2013 von Erblassern eingesetzt, durch Gericht bestellt<\/li>\n<\/ul>","protected":false},"excerpt":{"rendered":"<p>Nachlassabwicklung &#8211; Rechtsberatung, Begleitung und \u00dcbernahme Erbrecht und Erben muss nicht immer mit Streit verbunden sein. Aber oftmals ist Erben trotzdem komplex und die damit einhergehenden Aufgaben fallen in eine Zeit, in der man sich um Organisatorisches gar keine Gedanken machen m\u00f6chte. Schon die \u201enormale\u201c Abwicklung kann einem dann zur Last fallen. Hier stehen wir [&hellip;]<\/p>\n","protected":false},"author":7,"featured_media":0,"parent":3229,"menu_order":0,"comment_status":"closed","ping_status":"closed","template":"","meta":{"_acf_changed":false,"footnotes":""},"class_list":["post-3267","page","type-page","status-publish","hentry"],"acf":[],"_links":{"self":[{"href":"https:\/\/gwgl-hamburg.de\/en\/wp-json\/wp\/v2\/pages\/3267","targetHints":{"allow":["GET"]}}],"collection":[{"href":"https:\/\/gwgl-hamburg.de\/en\/wp-json\/wp\/v2\/pages"}],"about":[{"href":"https:\/\/gwgl-hamburg.de\/en\/wp-json\/wp\/v2\/types\/page"}],"author":[{"embeddable":true,"href":"https:\/\/gwgl-hamburg.de\/en\/wp-json\/wp\/v2\/users\/7"}],"replies":[{"embeddable":true,"href":"https:\/\/gwgl-hamburg.de\/en\/wp-json\/wp\/v2\/comments?post=3267"}],"version-history":[{"count":3,"href":"https:\/\/gwgl-hamburg.de\/en\/wp-json\/wp\/v2\/pages\/3267\/revisions"}],"predecessor-version":[{"id":3792,"href":"https:\/\/gwgl-hamburg.de\/en\/wp-json\/wp\/v2\/pages\/3267\/revisions\/3792"}],"up":[{"embeddable":true,"href":"https:\/\/gwgl-hamburg.de\/en\/wp-json\/wp\/v2\/pages\/3229"}],"wp:attachment":[{"href":"https:\/\/gwgl-hamburg.de\/en\/wp-json\/wp\/v2\/media?parent=3267"}],"curies":[{"name":"wp","href":"https:\/\/api.w.org\/{rel}","templated":true}]}}