{"id":333,"date":"2025-08-05T13:28:28","date_gmt":"2025-08-05T11:28:28","guid":{"rendered":"https:\/\/gwgl-hamburg.de\/?page_id=333"},"modified":"2026-03-20T10:45:30","modified_gmt":"2026-03-20T09:45:30","slug":"ariane-weintz","status":"publish","type":"page","link":"https:\/\/gwgl-hamburg.de\/en\/team\/ariane-weintz\/","title":{"rendered":"Ariane Weintz"},"content":{"rendered":"<div data-elementor-type=\"wp-page\" data-elementor-id=\"333\" class=\"elementor elementor-333\" data-elementor-post-type=\"page\">\n\t\t\t\t<div class=\"elementor-element elementor-element-9454230 e-flex e-con-boxed e-con e-parent\" data-id=\"9454230\" data-element_type=\"container\" data-settings=\"{&quot;background_background&quot;:&quot;classic&quot;}\">\n\t\t\t\t\t<div class=\"e-con-inner\">\n\t\t\t\t<div class=\"elementor-element elementor-element-178407c elementor-widget elementor-widget-heading\" data-id=\"178407c\" data-element_type=\"widget\" data-widget_type=\"heading.default\">\n\t\t\t\t\t<h1 class=\"elementor-heading-title elementor-size-default\">Ein sch\u00f6nes Zitat f\u00fcr die <br>jeweiligen Mitarbeiter<br> oder allgemein zu Mitarbeitern.<\/h1>\t\t\t\t<\/div>\n\t\t\t\t<div class=\"elementor-element elementor-element-de7dddc elementor-widget elementor-widget-text-editor\" data-id=\"de7dddc\" data-element_type=\"widget\" data-widget_type=\"text-editor.default\">\n\t\t\t\t\t\t\t\t\t<p>Grimme, Winkler and Grau<\/p>\t\t\t\t\t\t\t\t<\/div>\n\t\t\t\t\t<\/div>\n\t\t\t\t<\/div>\n\t\t<div class=\"elementor-element elementor-element-92ec6f4 smallscreenpadding e-flex e-con-boxed e-con e-parent\" data-id=\"92ec6f4\" data-element_type=\"container\">\n\t\t\t\t\t<div class=\"e-con-inner\">\n\t\t\t\t<div class=\"elementor-element elementor-element-0b41498 elementor-icon-list--layout-inline elementor-list-item-link-full_width elementor-widget elementor-widget-icon-list\" data-id=\"0b41498\" data-element_type=\"widget\" data-widget_type=\"icon-list.default\">\n\t\t\t\t\t\t\t<ul class=\"elementor-icon-list-items elementor-inline-items\">\n\t\t\t\t\t\t\t<li class=\"elementor-icon-list-item elementor-inline-item\">\n\t\t\t\t\t\t\t\t\t\t\t<a href=\"https:\/\/gwgl-hamburg.de\/en\/\">\n\n\t\t\t\t\t\t\t\t\t\t\t<span class=\"elementor-icon-list-text\">Home \u00bb<\/span>\n\t\t\t\t\t\t\t\t\t\t\t<\/a>\n\t\t\t\t\t\t\t\t\t<\/li>\n\t\t\t\t\t\t\t\t<li class=\"elementor-icon-list-item elementor-inline-item\">\n\t\t\t\t\t\t\t\t\t\t\t<a href=\"https:\/\/gwgl-hamburg.de\/en\/team\/\">\n\n\t\t\t\t\t\t\t\t\t\t\t<span class=\"elementor-icon-list-text\">Team \u00bb<\/span>\n\t\t\t\t\t\t\t\t\t\t\t<\/a>\n\t\t\t\t\t\t\t\t\t<\/li>\n\t\t\t\t\t\t\t\t<li class=\"elementor-icon-list-item elementor-inline-item\">\n\t\t\t\t\t\t\t\t\t\t<span class=\"elementor-icon-list-text\">Ariane Weintz<\/span>\n\t\t\t\t\t\t\t\t\t<\/li>\n\t\t\t\t\t\t<\/ul>\n\t\t\t\t\t\t<\/div>\n\t\t\t\t\t<\/div>\n\t\t\t\t<\/div>\n\t\t<div class=\"elementor-element elementor-element-3084bc2 smallscreenpadding e-flex e-con-boxed elementor-invisible e-con e-parent\" data-id=\"3084bc2\" data-element_type=\"container\" data-settings=\"{&quot;animation&quot;:&quot;fadeInUp&quot;}\">\n\t\t\t\t\t<div class=\"e-con-inner\">\n\t\t<div class=\"elementor-element elementor-element-feb1d39 e-con-full e-flex e-con e-child\" data-id=\"feb1d39\" data-element_type=\"container\">\n\t\t\t\t<div class=\"elementor-element elementor-element-190eb5a elementor-widget elementor-widget-image\" data-id=\"190eb5a\" data-element_type=\"widget\" data-widget_type=\"image.default\">\n\t\t\t\t\t\t\t\t\t\t\t\t\t\t\t<img fetchpriority=\"high\" decoding=\"async\" width=\"800\" height=\"680\" src=\"https:\/\/gwgl-hamburg.de\/wp-content\/uploads\/2026\/01\/Ariane1-scaled-e1767787907216-1024x871.jpg\" class=\"attachment-large size-large wp-image-4023\" alt=\"\" srcset=\"https:\/\/gwgl-hamburg.de\/wp-content\/uploads\/2026\/01\/Ariane1-scaled-e1767787907216-1024x871.jpg 1024w, https:\/\/gwgl-hamburg.de\/wp-content\/uploads\/2026\/01\/Ariane1-scaled-e1767787907216-300x255.jpg 300w, https:\/\/gwgl-hamburg.de\/wp-content\/uploads\/2026\/01\/Ariane1-scaled-e1767787907216-768x654.jpg 768w, https:\/\/gwgl-hamburg.de\/wp-content\/uploads\/2026\/01\/Ariane1-scaled-e1767787907216-1536x1307.jpg 1536w, https:\/\/gwgl-hamburg.de\/wp-content\/uploads\/2026\/01\/Ariane1-scaled-e1767787907216.jpg 1886w\" sizes=\"(max-width: 800px) 100vw, 800px\" \/>\t\t\t\t\t\t\t\t\t\t\t\t\t\t\t<\/div>\n\t\t<div class=\"elementor-element elementor-element-eec9e21 e-con-full e-flex e-con e-child\" data-id=\"eec9e21\" data-element_type=\"container\">\n\t\t<div class=\"elementor-element elementor-element-d3f7244 e-con-full e-flex e-con e-child\" data-id=\"d3f7244\" data-element_type=\"container\">\n\t\t\t\t<div class=\"elementor-element elementor-element-cfb1ffe elementor-widget elementor-widget-heading\" data-id=\"cfb1ffe\" data-element_type=\"widget\" data-widget_type=\"heading.default\">\n\t\t\t\t\t<h2 class=\"elementor-heading-title elementor-size-default\">Ariane Weintz<\/h2>\t\t\t\t<\/div>\n\t\t\t\t<\/div>\n\t\t<div class=\"elementor-element elementor-element-3fc4abd e-con-full e-flex e-con e-child\" data-id=\"3fc4abd\" data-element_type=\"container\">\n\t\t\t\t<div class=\"elementor-element elementor-element-448b4cc elementor-widget elementor-widget-text-editor\" data-id=\"448b4cc\" data-element_type=\"widget\" data-widget_type=\"text-editor.default\">\n\t\t\t\t\t\t\t\t\t<p>Employed lawyer<\/p>\t\t\t\t\t\t\t\t<\/div>\n\t\t\t\t<\/div>\n\t\t\t\t<\/div>\n\t\t\t\t<\/div>\n\t\t<div class=\"elementor-element elementor-element-22cd054 e-con-full e-flex e-con e-child\" data-id=\"22cd054\" data-element_type=\"container\">\n\t\t\t\t<div class=\"elementor-element elementor-element-971e0be elementor-widget elementor-widget-heading\" data-id=\"971e0be\" data-element_type=\"widget\" data-widget_type=\"heading.default\">\n\t\t\t\t\t<h3 class=\"elementor-heading-title elementor-size-default\">Expertise<\/h3>\t\t\t\t<\/div>\n\t\t\t\t<div class=\"elementor-element elementor-element-b8a103e elementor-widget elementor-widget-text-editor\" data-id=\"b8a103e\" data-element_type=\"widget\" data-widget_type=\"text-editor.default\">\n\t\t\t\t\t\t\t\t\t<p><span style=\"font-weight: 400;\">Frau Weintz ist seit 2018 als Rechtsanw\u00e4ltin bei GWGL t\u00e4tig und ber\u00e4t unsere Mandanten in erbrechtlichen Angelegenheiten.<\/span><\/p>\t\t\t\t\t\t\t\t<\/div>\n\t\t\t\t<div class=\"elementor-element elementor-element-545967b elementor-widget elementor-widget-spacer\" data-id=\"545967b\" data-element_type=\"widget\" data-widget_type=\"spacer.default\">\n\t\t\t\t\t\t\t<div class=\"elementor-spacer\">\n\t\t\t<div class=\"elementor-spacer-inner\"><\/div>\n\t\t<\/div>\n\t\t\t\t\t\t<\/div>\n\t\t\t\t<div class=\"elementor-element elementor-element-e7ca570 elementor-widget elementor-widget-heading\" data-id=\"e7ca570\" data-element_type=\"widget\" data-widget_type=\"heading.default\">\n\t\t\t\t\t<h3 class=\"elementor-heading-title elementor-size-default\">Professional stations<\/h3>\t\t\t\t<\/div>\n\t\t\t\t<div class=\"elementor-element elementor-element-7896f1e elementor-widget elementor-widget-text-editor\" data-id=\"7896f1e\" data-element_type=\"widget\" data-widget_type=\"text-editor.default\">\n\t\t\t\t\t\t\t\t\t<ul><li style=\"font-weight: 400;\" aria-level=\"1\"><span style=\"font-weight: 400;\">Ausbildung zur Werbekauffrau, Hamburg<\/span><\/li><li style=\"font-weight: 400;\" aria-level=\"1\"><span style=\"font-weight: 400;\">Studium der Rechtswissenschaften, Hamburg<\/span><\/li><li style=\"font-weight: 400;\" aria-level=\"1\"><span style=\"font-weight: 400;\">Referendariat beim OLG Schleswig mit Stationen beim Amtsgericht L\u00fcbeck, in der JVA Fuhlsb\u00fcttel, bei der Kanzlei Fr\u00f6mming &amp; Partner sowie bei Lichte Rechtsanw\u00e4lte in Hamburg<\/span><\/li><li style=\"font-weight: 400;\" aria-level=\"1\"><span style=\"font-weight: 400;\">Mehrj\u00e4hrige freiberufliche T\u00e4tigkeit f\u00fcr die Verbraucherzentrale Hamburg e.V. mit Schwerpunkt der Beratung zum Widerruf von Immobiliendarlehensvertr\u00e4gen<\/span><\/li><li style=\"font-weight: 400;\" aria-level=\"1\"><span style=\"font-weight: 400;\">Freiberufliche T\u00e4tigkeit f\u00fcr Lichte Rechtsanw\u00e4lte, Hamburg<\/span><\/li><li style=\"font-weight: 400;\" aria-level=\"1\"><span style=\"font-weight: 400;\">Zulassung als Rechtsanw\u00e4ltin 2016<\/span><\/li><li style=\"font-weight: 400;\" aria-level=\"1\"><span style=\"font-weight: 400;\">Rechtsanw\u00e4ltin bei der Steuer- und Anwaltskanzlei Heinrich, Wollering und Partner, Hamburg<\/span><\/li><li style=\"font-weight: 400;\" aria-level=\"1\"><span style=\"font-weight: 400;\">Abschlusspr\u00fcfung Fachanwalt Erbrecht<\/span><\/li><\/ul>\t\t\t\t\t\t\t\t<\/div>\n\t\t\t\t<div class=\"elementor-element elementor-element-daf9b92 elementor-widget elementor-widget-spacer\" data-id=\"daf9b92\" data-element_type=\"widget\" data-widget_type=\"spacer.default\">\n\t\t\t\t\t\t\t<div class=\"elementor-spacer\">\n\t\t\t<div class=\"elementor-spacer-inner\"><\/div>\n\t\t<\/div>\n\t\t\t\t\t\t<\/div>\n\t\t\t\t<div class=\"elementor-element elementor-element-3804a6c elementor-widget elementor-widget-heading\" data-id=\"3804a6c\" data-element_type=\"widget\" data-widget_type=\"heading.default\">\n\t\t\t\t\t<h3 class=\"elementor-heading-title elementor-size-default\">Sprachen<\/h3>\t\t\t\t<\/div>\n\t\t\t\t<div class=\"elementor-element elementor-element-8a8043b elementor-widget elementor-widget-text-editor\" data-id=\"8a8043b\" data-element_type=\"widget\" data-widget_type=\"text-editor.default\">\n\t\t\t\t\t\t\t\t\t<p><span style=\"font-weight: 400;\">Deutsch, Englisch, Franz\u00f6sisch<\/span><\/p>\t\t\t\t\t\t\t\t<\/div>\n\t\t\t\t<div class=\"elementor-element elementor-element-63d0987 elementor-widget elementor-widget-spacer\" data-id=\"63d0987\" data-element_type=\"widget\" data-widget_type=\"spacer.default\">\n\t\t\t\t\t\t\t<div class=\"elementor-spacer\">\n\t\t\t<div class=\"elementor-spacer-inner\"><\/div>\n\t\t<\/div>\n\t\t\t\t\t\t<\/div>\n\t\t\t\t<div class=\"elementor-element elementor-element-48032aa elementor-widget elementor-widget-heading\" data-id=\"48032aa\" data-element_type=\"widget\" data-widget_type=\"heading.default\">\n\t\t\t\t\t<h3 class=\"elementor-heading-title elementor-size-default\">Und sonst...<\/h3>\t\t\t\t<\/div>\n\t\t\t\t<div class=\"elementor-element elementor-element-d553b3a elementor-widget elementor-widget-text-editor\" data-id=\"d553b3a\" data-element_type=\"widget\" data-widget_type=\"text-editor.default\">\n\t\t\t\t\t\t\t\t\t<p><span style=\"font-weight: 400;\">Ariane Weintz lebt mit ihrer Patchwork-Familie in Eimsb\u00fcttel.<\/span><\/p>\t\t\t\t\t\t\t\t<\/div>\n\t\t\t\t<\/div>\n\t\t\t\t\t<\/div>\n\t\t\t\t<\/div>\n\t\t<div class=\"elementor-element elementor-element-1bcf65e e-flex e-con-boxed e-con e-parent\" data-id=\"1bcf65e\" data-element_type=\"container\" data-settings=\"{&quot;background_background&quot;:&quot;classic&quot;}\">\n\t\t\t\t\t<div class=\"e-con-inner\">\n\t\t<div class=\"elementor-element elementor-element-d556bc7 e-con-full e-flex e-con e-child\" data-id=\"d556bc7\" data-element_type=\"container\">\n\t\t\t\t<div class=\"elementor-element elementor-element-68a0802 elementor-widget elementor-widget-heading\" data-id=\"68a0802\" data-element_type=\"widget\" data-widget_type=\"heading.default\">\n\t\t\t\t\t<h2 class=\"elementor-heading-title elementor-size-default\">We are here for you <br>\n- on site in our office, by <br>\nBy phone, e-mail or video call.<\/h2>\t\t\t\t<\/div>\n\t\t\t\t<\/div>\n\t\t<div class=\"elementor-element elementor-element-e881c0a e-con-full e-flex e-con e-child\" data-id=\"e881c0a\" data-element_type=\"container\">\n\t\t\t\t<div class=\"elementor-element elementor-element-c956139 pfeil-button elementor-mobile-align-justify elementor-widget elementor-widget-button\" data-id=\"c956139\" data-element_type=\"widget\" data-widget_type=\"button.default\">\n\t\t\t\t\t\t\t\t\t\t<a class=\"elementor-button elementor-button-link elementor-size-sm\" href=\"https:\/\/gwgl-hamburg.de\/en\/kontakt\/\">\n\t\t\t\t\t\t<span class=\"elementor-button-content-wrapper\">\n\t\t\t\t\t\t<span class=\"elementor-button-icon\">\n\t\t\t\t<svg xmlns=\"http:\/\/www.w3.org\/2000\/svg\" xmlns:xlink=\"http:\/\/www.w3.org\/1999\/xlink\" id=\"Ebene_1\" data-name=\"Ebene 1\" viewbox=\"0 0 40 20\"><defs><style>      .cls-1, .cls-2 {        fill: none;      }      .cls-2 {        stroke: aqua;      }      .cls-3 {        clip-path: url(#clippath);      }    <\/style><clippath id=\"clippath\"><rect class=\"cls-1\" x=\"1.31\" y=\".48\" width=\"38.18\" height=\"19.04\"><\/rect><\/clippath><\/defs><g class=\"cls-3\"><line class=\"cls-2\" x1=\"1.31\" y1=\"10.14\" x2=\"38.57\" y2=\"10.14\"><\/line><polyline class=\"cls-2\" points=\"30.1 .93 38.57 10.14 30.1 19.06\"><\/polyline><\/g><\/svg>\t\t\t<\/span>\n\t\t\t\t\t\t\t\t\t<span class=\"elementor-button-text\">Contact us<\/span>\n\t\t\t\t\t<\/span>\n\t\t\t\t\t<\/a>\n\t\t\t\t\t\t\t\t<\/div>\n\t\t\t\t<\/div>\n\t\t\t\t\t<\/div>\n\t\t\t\t<\/div>\n\t\t\t\t<\/div>","protected":false},"excerpt":{"rendered":"<p>Ein sch\u00f6nes Zitat f\u00fcr die jeweiligen Mitarbeiter oder allgemein zu Mitarbeitern. Grimme, Winkler und Grau Home \u00bb Team \u00bb Ariane Weintz Ariane Weintz Angestellte Rechtsanw\u00e4ltin Expertise Frau Weintz ist seit 2018 als Rechtsanw\u00e4ltin bei GWGL t\u00e4tig und ber\u00e4t unsere Mandanten in erbrechtlichen Angelegenheiten. Berufliche Stationen Ausbildung zur Werbekauffrau, Hamburg Studium der Rechtswissenschaften, Hamburg Referendariat beim [&hellip;]<\/p>\n","protected":false},"author":2,"featured_media":0,"parent":292,"menu_order":0,"comment_status":"closed","ping_status":"closed","template":"elementor_header_footer","meta":{"_acf_changed":false,"footnotes":""},"class_list":["post-333","page","type-page","status-publish","hentry"],"acf":[],"_links":{"self":[{"href":"https:\/\/gwgl-hamburg.de\/en\/wp-json\/wp\/v2\/pages\/333","targetHints":{"allow":["GET"]}}],"collection":[{"href":"https:\/\/gwgl-hamburg.de\/en\/wp-json\/wp\/v2\/pages"}],"about":[{"href":"https:\/\/gwgl-hamburg.de\/en\/wp-json\/wp\/v2\/types\/page"}],"author":[{"embeddable":true,"href":"https:\/\/gwgl-hamburg.de\/en\/wp-json\/wp\/v2\/users\/2"}],"replies":[{"embeddable":true,"href":"https:\/\/gwgl-hamburg.de\/en\/wp-json\/wp\/v2\/comments?post=333"}],"version-history":[{"count":40,"href":"https:\/\/gwgl-hamburg.de\/en\/wp-json\/wp\/v2\/pages\/333\/revisions"}],"predecessor-version":[{"id":4638,"href":"https:\/\/gwgl-hamburg.de\/en\/wp-json\/wp\/v2\/pages\/333\/revisions\/4638"}],"up":[{"embeddable":true,"href":"https:\/\/gwgl-hamburg.de\/en\/wp-json\/wp\/v2\/pages\/292"}],"wp:attachment":[{"href":"https:\/\/gwgl-hamburg.de\/en\/wp-json\/wp\/v2\/media?parent=333"}],"curies":[{"name":"wp","href":"https:\/\/api.w.org\/{rel}","templated":true}]}}