{"id":3586,"date":"2025-09-15T10:06:59","date_gmt":"2025-09-15T08:06:59","guid":{"rendered":"https:\/\/gwgl-hamburg.de\/?page_id=3586"},"modified":"2026-03-27T12:52:44","modified_gmt":"2026-03-27T11:52:44","slug":"career","status":"publish","type":"page","link":"https:\/\/gwgl-hamburg.de\/en\/karriere\/","title":{"rendered":"Career"},"content":{"rendered":"<div data-elementor-type=\"wp-page\" data-elementor-id=\"3586\" class=\"elementor elementor-3586\" data-elementor-post-type=\"page\">\n\t\t\t\t<div class=\"elementor-element elementor-element-9187673 e-flex e-con-boxed e-con e-parent\" data-id=\"9187673\" data-element_type=\"container\" data-settings=\"{&quot;background_background&quot;:&quot;classic&quot;}\">\n\t\t\t\t\t<div class=\"e-con-inner\">\n\t\t\t\t\t<\/div>\n\t\t\t\t<\/div>\n\t\t<div class=\"elementor-element elementor-element-7916d49 e-flex e-con-boxed elementor-invisible e-con e-parent\" data-id=\"7916d49\" data-element_type=\"container\" data-settings=\"{&quot;animation&quot;:&quot;fadeInUp&quot;}\">\n\t\t\t\t\t<div class=\"e-con-inner\">\n\t\t\t\t<div class=\"elementor-element elementor-element-8108d97 elementor-widget elementor-widget-heading\" data-id=\"8108d97\" data-element_type=\"widget\" data-widget_type=\"heading.default\">\n\t\t\t\t\t<h1 class=\"elementor-heading-title elementor-size-default\">CAREER at the law firm GWGL<\/h1>\t\t\t\t<\/div>\n\t\t\t\t<div class=\"elementor-element elementor-element-8d706ec elementor-widget elementor-widget-text-editor\" data-id=\"8d706ec\" data-element_type=\"widget\" data-widget_type=\"text-editor.default\">\n\t\t\t\t\t\t\t\t\t<p class=\"hyphenate\">We are a boutique firm specialising in corporate law, asset and company succession. We have deliberately joined together in a small unit in order to realise ourselves professionally in our areas of interest beyond just earning a living. The desired side effect is the high-quality and motivated advice we provide to our clients (wealthy private individuals, medium-sized companies, start-ups, investors).<\/p><p class=\"hyphenate\">In addition, we also offer traditional fields of activity in tax consultancy.<\/p><p class=\"hyphenate\">Working from home, flexible working hours and flat hierarchies are part of everyday life.<\/p><p class=\"hyphenate\">If you are a team player, committed, enjoy working independently and we have aroused your interest, then we look forward to receiving your detailed application documents, which you can send to us by e-mail to <a href=\"mailto:bewerbung@GWGL-Hamburg.de\">bewerbung@GWGL-Hamburg.de<\/a> can send.<\/p>\t\t\t\t\t\t\t\t<\/div>\n\t\t\t\t\t<\/div>\n\t\t\t\t<\/div>\n\t\t<div class=\"elementor-element elementor-element-d84d05b e-flex e-con-boxed elementor-invisible e-con e-parent\" data-id=\"d84d05b\" data-element_type=\"container\" data-settings=\"{&quot;animation&quot;:&quot;fadeInUp&quot;}\">\n\t\t\t\t\t<div class=\"e-con-inner\">\n\t\t\t\t<div class=\"elementor-element elementor-element-70b92a5 elementor-widget elementor-widget-menu-anchor\" data-id=\"70b92a5\" data-element_type=\"widget\" data-widget_type=\"menu-anchor.default\">\n\t\t\t\t\t\t\t<div class=\"elementor-menu-anchor\" id=\"stellenausschreibung\"><\/div>\n\t\t\t\t\t\t<\/div>\n\t\t\t\t<div class=\"elementor-element elementor-element-fd21927 elementor-widget elementor-widget-heading\" data-id=\"fd21927\" data-element_type=\"widget\" data-widget_type=\"heading.default\">\n\t\t\t\t\t<h3 class=\"elementor-heading-title elementor-size-default\">Legal departments<\/h3>\t\t\t\t<\/div>\n\t\t\t\t<div class=\"elementor-element elementor-element-c75200f elementor-widget elementor-widget-n-accordion\" data-id=\"c75200f\" data-element_type=\"widget\" data-settings=\"{&quot;default_state&quot;:&quot;all_collapsed&quot;,&quot;max_items_expended&quot;:&quot;one&quot;,&quot;n_accordion_animation_duration&quot;:{&quot;unit&quot;:&quot;ms&quot;,&quot;size&quot;:400,&quot;sizes&quot;:[]}}\" data-widget_type=\"nested-accordion.default\">\n\t\t\t\t\t\t\t<div class=\"e-n-accordion\" aria-label=\"Accordion. Open links with Enter or Space, close with Escape, and navigate with Arrow Keys\">\n\t\t\t\t\t\t<details id=\"e-n-accordion-item-2090\" class=\"e-n-accordion-item\" >\n\t\t\t\t<summary class=\"e-n-accordion-item-title\" data-accordion-index=\"1\" tabindex=\"0\" aria-expanded=\"false\" aria-controls=\"e-n-accordion-item-2090\" >\n\t\t\t\t\t<span class='e-n-accordion-item-title-header'><div class=\"e-n-accordion-item-title-text\"> Legal assistant (m\/f\/d) full-time or part-time <\/div><\/span>\n\t\t\t\t\t\t\t<span class='e-n-accordion-item-title-icon'>\n\t\t\t<span class='e-opened' ><svg aria-hidden=\"true\" class=\"e-font-icon-svg e-fas-minus\" viewbox=\"0 0 448 512\" xmlns=\"http:\/\/www.w3.org\/2000\/svg\"><path d=\"M416 208H32c-17.67 0-32 14.33-32 32v32c0 17.67 14.33 32 32 32h384c17.67 0 32-14.33 32-32v-32c0-17.67-14.33-32-32-32z\"><\/path><\/svg><\/span>\n\t\t\t<span class='e-closed'><svg aria-hidden=\"true\" class=\"e-font-icon-svg e-fas-plus\" viewbox=\"0 0 448 512\" xmlns=\"http:\/\/www.w3.org\/2000\/svg\"><path d=\"M416 208H272V64c0-17.67-14.33-32-32-32h-32c-17.67 0-32 14.33-32 32v144H32c-17.67 0-32 14.33-32 32v32c0 17.67 14.33 32 32 32h144v144c0 17.67 14.33 32 32 32h32c17.67 0 32-14.33 32-32V304h144c17.67 0 32-14.33 32-32v-32c0-17.67-14.33-32-32-32z\"><\/path><\/svg><\/span>\n\t\t<\/span>\n\n\t\t\t\t\t\t<\/summary>\n\t\t\t\t<div role=\"region\" aria-labelledby=\"e-n-accordion-item-2090\" class=\"elementor-element elementor-element-0bbb375 e-con-full e-flex e-con e-child\" data-id=\"0bbb375\" data-element_type=\"container\">\n\t\t\t\t<div class=\"elementor-element elementor-element-bd925e8 elementor-widget elementor-widget-text-editor\" data-id=\"bd925e8\" data-element_type=\"widget\" data-widget_type=\"text-editor.default\">\n\t\t\t\t\t\t\t\t\t<p class=\"p1\">We are looking for <b>as soon as possible<\/b> a committed <b>Paralegal (m\/f\/d)<\/b> to strengthen our secretarial team.<br \/>You can expect a <b>Permanent employment contract<\/b> in a small, collegial team that attaches great importance to <b>Friendly co-operation<\/b> lays.<\/p><p class=\"p1\">You can look forward to a <b>Modern, bright working environment<\/b> in a central city centre location with <b>flat hierarchies<\/b>, short decision-making processes and the opportunity to work partly in the company after the induction and familiarisation phase. <b>Home office<\/b> to work.<\/p><p class=\"p1\"><b>Your tasks:<\/b><\/p><ul class=\"ul1\"><li class=\"li1\">Organisation and responsibility for day-to-day secretarial and office work<\/li><li class=\"li1\">Processing incoming and outgoing mail<\/li><li class=\"li1\">Digital file management and document maintenance as well as all associated administrative activities<\/li><li class=\"li1\">Deadline and resubmission control<\/li><li class=\"li1\">Friendly telephone and personal support for our clients<\/li><li class=\"li1\">Preparation of cost notes<\/li><li class=\"li1\">Occasional processing of dunning and enforcement proceedings<\/li><\/ul><p class=\"p1\"><b>Your profile:<\/b><\/p><ul class=\"ul1\"><li class=\"li1\">Completed training as a <b>Paralegal (m\/f\/d)<\/b><b><\/b><\/li><li class=\"li1\">Professional experience and enjoy working independently<\/li><li class=\"li1\">Very good written and spoken German, good English skills an advantage<\/li><li class=\"li1\">Confident handling of MS Office; knowledge of DATEV\/DMS is desirable, but not a prerequisite<\/li><li class=\"li1\">Careful, structured and committed way of working<\/li><li class=\"li1\">Friendly demeanour on the phone and in personal contact<\/li><li class=\"li1\">Team spirit and reliability<\/li><\/ul><p class=\"p1\"><b>We offer you:<\/b><\/p><ul class=\"ul1\"><li class=\"li1\">An open-ended employment contract with long-term prospects<\/li><li class=\"li1\">an appreciative, collegial environment in a small team<\/li><li class=\"li1\">Modern office space in a central city centre location<\/li><li class=\"li1\">Flexible working hours and home office options by arrangement<\/li><li class=\"li1\">A structured induction programme and short decision-making processes<\/li><\/ul><p class=\"p1\"><b>Application:<\/b><\/p><p class=\"p1\">If you recognise yourself here, we look forward to getting to know you.<br \/>Please send us your detailed application documents including your salary expectations by e-mail (PDF) to <a href=\"mailto:bewerbung@GWGL-Hamburg.de\">bewerbung@GWGL-Hamburg.de<\/a><\/p><p class=\"p1\">Your contacts are lawyer Kristin Winkler and lawyer Conrad Grau.<\/p>\t\t\t\t\t\t\t\t<\/div>\n\t\t\t\t<\/div>\n\t\t\t\t\t<\/details>\n\t\t\t\t\t<\/div>\n\t\t\t\t\t\t<\/div>\n\t\t\t\t<div class=\"elementor-element elementor-element-dac8ec5 elementor-widget elementor-widget-heading\" data-id=\"dac8ec5\" data-element_type=\"widget\" data-widget_type=\"heading.default\">\n\t\t\t\t\t<h3 class=\"elementor-heading-title elementor-size-default\">Office &amp; Administration<\/h3>\t\t\t\t<\/div>\n\t\t\t\t<div class=\"elementor-element elementor-element-6d7640e elementor-widget elementor-widget-n-accordion\" data-id=\"6d7640e\" data-element_type=\"widget\" data-settings=\"{&quot;default_state&quot;:&quot;all_collapsed&quot;,&quot;max_items_expended&quot;:&quot;one&quot;,&quot;n_accordion_animation_duration&quot;:{&quot;unit&quot;:&quot;ms&quot;,&quot;size&quot;:400,&quot;sizes&quot;:[]}}\" data-widget_type=\"nested-accordion.default\">\n\t\t\t\t\t\t\t<div class=\"e-n-accordion\" aria-label=\"Accordion. Open links with Enter or Space, close with Escape, and navigate with Arrow Keys\">\n\t\t\t\t\t\t<details id=\"e-n-accordion-item-1140\" class=\"e-n-accordion-item\" >\n\t\t\t\t<summary class=\"e-n-accordion-item-title\" data-accordion-index=\"1\" tabindex=\"0\" aria-expanded=\"false\" aria-controls=\"e-n-accordion-item-1140\" >\n\t\t\t\t\t<span class='e-n-accordion-item-title-header'><div class=\"e-n-accordion-item-title-text\"> Support in the reception and secretarial area (m\/f\/d) full-time, part-time or on a mini-job basis <\/div><\/span>\n\t\t\t\t\t\t\t<span class='e-n-accordion-item-title-icon'>\n\t\t\t<span class='e-opened' ><svg aria-hidden=\"true\" class=\"e-font-icon-svg e-fas-minus\" viewbox=\"0 0 448 512\" xmlns=\"http:\/\/www.w3.org\/2000\/svg\"><path d=\"M416 208H32c-17.67 0-32 14.33-32 32v32c0 17.67 14.33 32 32 32h384c17.67 0 32-14.33 32-32v-32c0-17.67-14.33-32-32-32z\"><\/path><\/svg><\/span>\n\t\t\t<span class='e-closed'><svg aria-hidden=\"true\" class=\"e-font-icon-svg e-fas-plus\" viewbox=\"0 0 448 512\" xmlns=\"http:\/\/www.w3.org\/2000\/svg\"><path d=\"M416 208H272V64c0-17.67-14.33-32-32-32h-32c-17.67 0-32 14.33-32 32v144H32c-17.67 0-32 14.33-32 32v32c0 17.67 14.33 32 32 32h144v144c0 17.67 14.33 32 32 32h32c17.67 0 32-14.33 32-32V304h144c17.67 0 32-14.33 32-32v-32c0-17.67-14.33-32-32-32z\"><\/path><\/svg><\/span>\n\t\t<\/span>\n\n\t\t\t\t\t\t<\/summary>\n\t\t\t\t<div role=\"region\" aria-labelledby=\"e-n-accordion-item-1140\" class=\"elementor-element elementor-element-49e60a2 e-con-full e-flex e-con e-child\" data-id=\"49e60a2\" data-element_type=\"container\">\n\t\t\t\t<div class=\"elementor-element elementor-element-3ccbbf8 elementor-widget elementor-widget-text-editor\" data-id=\"3ccbbf8\" data-element_type=\"widget\" data-widget_type=\"text-editor.default\">\n\t\t\t\t\t\t\t\t\t<p class=\"p1\">To strengthen our reception and secretarial team we are looking for <b>as soon as possible<\/b> a friendly and reliable person<b> (m\/f\/d)<\/b>, who supports our office on a long-term basis and enriches our team.<\/p><p class=\"p1\">We offer you a <b>Permanent employment contract<\/b> in a small, well-rehearsed and familiar team that places great value on respectful co-operation and reliability. You can expect a <b>Modern, bright working environment<\/b> with flat hierarchies, short decision-making processes and a central city centre location.<\/p><p class=\"p1\"><b>Your tasks:<\/b><b><\/b><\/p><ul class=\"ul1\"><li class=\"li1\">Friendly and professional reception of our clients and guests<\/li><li class=\"li1\">Telephone switchboard support and call forwarding<\/li><li class=\"li1\">Organisation of the reception area<\/li><li class=\"li1\">Processing incoming and outgoing mail and general office organisation<\/li><li class=\"li1\">Support with administrative tasks in the secretariat (e.g. filing, document maintenance, invoicing)<\/li><\/ul><p class=\"p1\"><b>Your profile:<\/b><b><\/b><\/p><ul class=\"ul1\"><li class=\"li1\">Professional experience in reception, secretarial or assistance work<\/li><li class=\"li1\">Very good written and spoken German, good English skills<\/li><li class=\"li1\">confident handling of MS Office applications<\/li><li class=\"li1\">Confident, friendly demeanour and cultivated manners<\/li><li class=\"li1\">Structured, careful and independent way of working<\/li><li class=\"li1\">The ability to work in a team, reliability and the desire for long-term cooperation are particularly important to us<\/li><\/ul><p class=\"p1\"><b>What we wish for:<\/b><br \/>We are looking for a personality who enjoys making a positive first impression on our company, taking on responsibility in the reception area and in the organisation of the office and making a long-term contribution.<span class=\"Apple-converted-space\">\u00a0 <\/span><br \/>We look forward to receiving your salary expectations, which reflect your qualifications and experience, so that we can find a suitable solution together.<\/p><p class=\"p1\"><b>We offer you:<\/b><b><\/b><\/p><ul class=\"ul1\"><li class=\"li1\">An open-ended employment contract with long-term prospects<\/li><li class=\"li1\">a collegial, appreciative team with clear processes<\/li><li class=\"li1\">Modern office space in a central location<\/li><li class=\"li1\">Structured familiarisation and short decision-making processes<\/li><\/ul><p class=\"p1\"><b>Are you interested?<\/b><br \/>Then we look forward to receiving your detailed application documents <b>including salary expectations<\/b> by e-mail (PDF) to <a href=\"mailto:bewerbung@gwgl-hamburg.de\"><b>bewerbung@gwgl-hamburg.de<\/b><\/a>.<br \/>Your contacts are lawyer Kristin Winkler and lawyer Conrad Grau<\/p>\t\t\t\t\t\t\t\t<\/div>\n\t\t\t\t<\/div>\n\t\t\t\t\t<\/details>\n\t\t\t\t\t\t<details id=\"e-n-accordion-item-1141\" class=\"e-n-accordion-item\" >\n\t\t\t\t<summary class=\"e-n-accordion-item-title\" data-accordion-index=\"2\" tabindex=\"-1\" aria-expanded=\"false\" aria-controls=\"e-n-accordion-item-1141\" >\n\t\t\t\t\t<span class='e-n-accordion-item-title-header'><div class=\"e-n-accordion-item-title-text\"> Student assistant (m\/f\/d) - Reception \/ Telephone service \/ Incoming mail <\/div><\/span>\n\t\t\t\t\t\t\t<span class='e-n-accordion-item-title-icon'>\n\t\t\t<span class='e-opened' ><svg aria-hidden=\"true\" class=\"e-font-icon-svg e-fas-minus\" viewbox=\"0 0 448 512\" xmlns=\"http:\/\/www.w3.org\/2000\/svg\"><path d=\"M416 208H32c-17.67 0-32 14.33-32 32v32c0 17.67 14.33 32 32 32h384c17.67 0 32-14.33 32-32v-32c0-17.67-14.33-32-32-32z\"><\/path><\/svg><\/span>\n\t\t\t<span class='e-closed'><svg aria-hidden=\"true\" class=\"e-font-icon-svg e-fas-plus\" viewbox=\"0 0 448 512\" xmlns=\"http:\/\/www.w3.org\/2000\/svg\"><path d=\"M416 208H272V64c0-17.67-14.33-32-32-32h-32c-17.67 0-32 14.33-32 32v144H32c-17.67 0-32 14.33-32 32v32c0 17.67 14.33 32 32 32h144v144c0 17.67 14.33 32 32 32h32c17.67 0 32-14.33 32-32V304h144c17.67 0 32-14.33 32-32v-32c0-17.67-14.33-32-32-32z\"><\/path><\/svg><\/span>\n\t\t<\/span>\n\n\t\t\t\t\t\t<\/summary>\n\t\t\t\t<div role=\"region\" aria-labelledby=\"e-n-accordion-item-1141\" class=\"elementor-element elementor-element-cc56981 e-con-full e-flex e-con e-child\" data-id=\"cc56981\" data-element_type=\"container\">\n\t\t\t\t<div class=\"elementor-element elementor-element-9bc1a1b elementor-widget elementor-widget-text-editor\" data-id=\"9bc1a1b\" data-element_type=\"widget\" data-widget_type=\"text-editor.default\">\n\t\t\t\t\t\t\t\t\t<p class=\"p1\"><b>Part-time \/ mini-job \/ working student position<\/b><b><\/b><\/p><p class=\"p1\">We are looking for <b>as soon as possible<\/b> a friendly and reliable support for our reception and secretarial team.<br \/>If you would like to gain practical experience in a modern office in a city centre location alongside your studies, we look forward to receiving your application!<\/p><p class=\"p1\"><b>What you can expect:<\/b><b><\/b><\/p><ul class=\"ul1\"><li class=\"li1\">a modern and bright working environment with a central location in the city centre and good accessibility<\/li><li class=\"li1\">a small, open-minded team with flat hierarchies and short decision-making processes<\/li><li class=\"li1\">a structured familiarisation with your tasks<\/li><li class=\"li1\">Flexible working hours within our office opening hours, which can be easily combined with your studies<\/li><\/ul><p class=\"p1\"><b>Your tasks:<\/b><b><\/b><\/p><ul class=\"ul1\"><li class=\"li1\">Friendly reception of guests and clients<\/li><li class=\"li1\">Telephone switchboard: answering and forwarding calls<\/li><li class=\"li1\">Processing incoming and outgoing mail<\/li><li class=\"li1\">Support with general office and organisational activities (e.g. filing, scanning, small administrative tasks)<\/li><\/ul><p class=\"p1\"><b>What you bring with you:<\/b><b><\/b><\/p><ul class=\"ul1\"><li class=\"li1\">Ongoing studies<\/li><li class=\"li1\">Very good written and spoken German, good English skills<\/li><li class=\"li1\">Friendly and well-groomed appearance and good manners<\/li><li class=\"li1\">Reliable, careful and team-orientated way of working<\/li><li class=\"li1\">Confident handling of common Office programmes (e.g. MS Word, Outlook)<\/li><\/ul><p class=\"p1\"><b>Interested?<\/b><br \/>Then we look forward to receiving your application by e-mail (PDF format) to <a href=\"mailto:bewerbung@GWGL-Hamburg.de\">bewerbung@GWGL-Hamburg.de<\/a>.<br \/>Please also indicate on which days and at which times you would mainly be available. <br \/>Your contact persons are Ms Kristin Winkler, lawyer, and Mr Conrad Grau, lawyer.<\/p>\t\t\t\t\t\t\t\t<\/div>\n\t\t\t\t<\/div>\n\t\t\t\t\t<\/details>\n\t\t\t\t\t<\/div>\n\t\t\t\t\t\t<\/div>\n\t\t\t\t\t<\/div>\n\t\t\t\t<\/div>\n\t\t\t\t<\/div>","protected":false},"excerpt":{"rendered":"<p>KARRIERE in der Kanzlei GWGL Wir sind eine auf Gesellschaftsrecht, Verm\u00f6gens- und Unternehmensnachfolge spezialisierte Boutique. Wir haben uns bewusst in einer kleinen Einheit zusammengeschlossen, um uns \u00fcber den reinen Broterwerb hinaus fachlich in unseren Interessengebieten zu verwirklichen. Gew\u00fcnschter Nebeneffekt ist die qualitativ hochwertige und motivierte Beratung unserer Mandanten (verm\u00f6gende Privatpersonen, mittelst\u00e4ndische Unternehmen, StartUps, Investoren). Dar\u00fcber [&hellip;]<\/p>\n","protected":false},"author":2,"featured_media":0,"parent":0,"menu_order":0,"comment_status":"closed","ping_status":"closed","template":"elementor_header_footer","meta":{"_acf_changed":false,"footnotes":""},"class_list":["post-3586","page","type-page","status-publish","hentry"],"acf":[],"_links":{"self":[{"href":"https:\/\/gwgl-hamburg.de\/en\/wp-json\/wp\/v2\/pages\/3586","targetHints":{"allow":["GET"]}}],"collection":[{"href":"https:\/\/gwgl-hamburg.de\/en\/wp-json\/wp\/v2\/pages"}],"about":[{"href":"https:\/\/gwgl-hamburg.de\/en\/wp-json\/wp\/v2\/types\/page"}],"author":[{"embeddable":true,"href":"https:\/\/gwgl-hamburg.de\/en\/wp-json\/wp\/v2\/users\/2"}],"replies":[{"embeddable":true,"href":"https:\/\/gwgl-hamburg.de\/en\/wp-json\/wp\/v2\/comments?post=3586"}],"version-history":[{"count":86,"href":"https:\/\/gwgl-hamburg.de\/en\/wp-json\/wp\/v2\/pages\/3586\/revisions"}],"predecessor-version":[{"id":4806,"href":"https:\/\/gwgl-hamburg.de\/en\/wp-json\/wp\/v2\/pages\/3586\/revisions\/4806"}],"wp:attachment":[{"href":"https:\/\/gwgl-hamburg.de\/en\/wp-json\/wp\/v2\/media?parent=3586"}],"curies":[{"name":"wp","href":"https:\/\/api.w.org\/{rel}","templated":true}]}}