{"id":3753,"date":"2025-10-02T11:20:06","date_gmt":"2025-10-02T09:20:06","guid":{"rendered":"https:\/\/gwgl-hamburg.de\/?page_id=3753"},"modified":"2026-03-20T10:46:59","modified_gmt":"2026-03-20T09:46:59","slug":"karola-haack","status":"publish","type":"page","link":"https:\/\/gwgl-hamburg.de\/en\/team\/karola-haack\/","title":{"rendered":"Karola Haack"},"content":{"rendered":"<div data-elementor-type=\"wp-page\" data-elementor-id=\"3753\" class=\"elementor elementor-3753\" data-elementor-post-type=\"page\">\n\t\t\t\t<div class=\"elementor-element elementor-element-ba7c7fa e-flex e-con-boxed e-con e-parent\" data-id=\"ba7c7fa\" data-element_type=\"container\" data-settings=\"{&quot;background_background&quot;:&quot;classic&quot;}\">\n\t\t\t\t\t<div class=\"e-con-inner\">\n\t\t\t\t<div class=\"elementor-element elementor-element-002788c elementor-widget elementor-widget-heading\" data-id=\"002788c\" data-element_type=\"widget\" data-widget_type=\"heading.default\">\n\t\t\t\t\t<h1 class=\"elementor-heading-title elementor-size-default\">Ein sch\u00f6nes Zitat f\u00fcr die <br>jeweiligen Mitarbeiter<br> oder allgemein zu Mitarbeitern.<\/h1>\t\t\t\t<\/div>\n\t\t\t\t<div class=\"elementor-element elementor-element-31cf5b1 elementor-widget elementor-widget-text-editor\" data-id=\"31cf5b1\" data-element_type=\"widget\" data-widget_type=\"text-editor.default\">\n\t\t\t\t\t\t\t\t\t<p>Grimme, Winkler and Grau<\/p>\t\t\t\t\t\t\t\t<\/div>\n\t\t\t\t\t<\/div>\n\t\t\t\t<\/div>\n\t\t<div class=\"elementor-element elementor-element-92ec6f4 smallscreenpadding e-flex e-con-boxed e-con e-parent\" data-id=\"92ec6f4\" data-element_type=\"container\">\n\t\t\t\t\t<div class=\"e-con-inner\">\n\t\t\t\t<div class=\"elementor-element elementor-element-0b41498 elementor-icon-list--layout-inline elementor-list-item-link-full_width elementor-widget elementor-widget-icon-list\" data-id=\"0b41498\" data-element_type=\"widget\" data-widget_type=\"icon-list.default\">\n\t\t\t\t\t\t\t<ul class=\"elementor-icon-list-items elementor-inline-items\">\n\t\t\t\t\t\t\t<li class=\"elementor-icon-list-item elementor-inline-item\">\n\t\t\t\t\t\t\t\t\t\t\t<a href=\"https:\/\/gwgl-hamburg.de\/en\/\">\n\n\t\t\t\t\t\t\t\t\t\t\t<span class=\"elementor-icon-list-text\">Home \u00bb<\/span>\n\t\t\t\t\t\t\t\t\t\t\t<\/a>\n\t\t\t\t\t\t\t\t\t<\/li>\n\t\t\t\t\t\t\t\t<li class=\"elementor-icon-list-item elementor-inline-item\">\n\t\t\t\t\t\t\t\t\t\t\t<a href=\"https:\/\/gwgl-hamburg.de\/en\/team\/\">\n\n\t\t\t\t\t\t\t\t\t\t\t<span class=\"elementor-icon-list-text\">Team \u00bb<\/span>\n\t\t\t\t\t\t\t\t\t\t\t<\/a>\n\t\t\t\t\t\t\t\t\t<\/li>\n\t\t\t\t\t\t\t\t<li class=\"elementor-icon-list-item elementor-inline-item\">\n\t\t\t\t\t\t\t\t\t\t<span class=\"elementor-icon-list-text\">Karola Haack<\/span>\n\t\t\t\t\t\t\t\t\t<\/li>\n\t\t\t\t\t\t<\/ul>\n\t\t\t\t\t\t<\/div>\n\t\t\t\t\t<\/div>\n\t\t\t\t<\/div>\n\t\t<div class=\"elementor-element elementor-element-3084bc2 smallscreenpadding e-flex e-con-boxed elementor-invisible e-con e-parent\" data-id=\"3084bc2\" data-element_type=\"container\" data-settings=\"{&quot;animation&quot;:&quot;fadeInUp&quot;}\">\n\t\t\t\t\t<div class=\"e-con-inner\">\n\t\t<div class=\"elementor-element elementor-element-feb1d39 e-con-full e-flex e-con e-child\" data-id=\"feb1d39\" data-element_type=\"container\">\n\t\t\t\t<div class=\"elementor-element elementor-element-190eb5a elementor-widget elementor-widget-image\" data-id=\"190eb5a\" data-element_type=\"widget\" data-widget_type=\"image.default\">\n\t\t\t\t\t\t\t\t\t\t\t\t\t\t\t<img fetchpriority=\"high\" decoding=\"async\" width=\"681\" height=\"526\" src=\"https:\/\/gwgl-hamburg.de\/wp-content\/uploads\/2025\/08\/karola-haack-assistenz-empfang-gwgl-kanzlei-hamburg-1.webp\" class=\"attachment-large size-large wp-image-3394\" alt=\"\" srcset=\"https:\/\/gwgl-hamburg.de\/wp-content\/uploads\/2025\/08\/karola-haack-assistenz-empfang-gwgl-kanzlei-hamburg-1.webp 681w, https:\/\/gwgl-hamburg.de\/wp-content\/uploads\/2025\/08\/karola-haack-assistenz-empfang-gwgl-kanzlei-hamburg-1-300x232.webp 300w\" sizes=\"(max-width: 681px) 100vw, 681px\" \/>\t\t\t\t\t\t\t\t\t\t\t\t\t\t\t<\/div>\n\t\t<div class=\"elementor-element elementor-element-eec9e21 e-con-full e-flex e-con e-child\" data-id=\"eec9e21\" data-element_type=\"container\">\n\t\t<div class=\"elementor-element elementor-element-d3f7244 e-con-full e-flex e-con e-child\" data-id=\"d3f7244\" data-element_type=\"container\">\n\t\t\t\t<div class=\"elementor-element elementor-element-cfb1ffe elementor-widget elementor-widget-heading\" data-id=\"cfb1ffe\" data-element_type=\"widget\" data-widget_type=\"heading.default\">\n\t\t\t\t\t<h2 class=\"elementor-heading-title elementor-size-default\">Karola Haack<\/h2>\t\t\t\t<\/div>\n\t\t\t\t<\/div>\n\t\t<div class=\"elementor-element elementor-element-3fc4abd e-con-full e-flex e-con e-child\" data-id=\"3fc4abd\" data-element_type=\"container\">\n\t\t\t\t<div class=\"elementor-element elementor-element-448b4cc elementor-widget elementor-widget-text-editor\" data-id=\"448b4cc\" data-element_type=\"widget\" data-widget_type=\"text-editor.default\">\n\t\t\t\t\t\t\t\t\t<p>Legal assistant, assistance,<br \/>Reception<\/p>\t\t\t\t\t\t\t\t<\/div>\n\t\t\t\t<\/div>\n\t\t\t\t<\/div>\n\t\t\t\t<\/div>\n\t\t<div class=\"elementor-element elementor-element-22cd054 e-con-full e-flex e-con e-child\" data-id=\"22cd054\" data-element_type=\"container\">\n\t\t\t\t<div class=\"elementor-element elementor-element-b8a103e elementor-widget elementor-widget-text-editor\" data-id=\"b8a103e\" data-element_type=\"widget\" data-widget_type=\"text-editor.default\">\n\t\t\t\t\t\t\t\t\t<p><span style=\"font-weight: 400;\">Frau Haack ist seit Gr\u00fcndung der Kanzlei im Jahre 2016 f\u00fcr GWGL t\u00e4tig.<\/span><\/p><p><span style=\"font-weight: 400;\">Sie ist gelernte Rechtsanwalts- und Notariatsfachangestellte und vor der Industrie- und Handelskammer staatlich gepr\u00fcfte Sekret\u00e4rin, zudem besitzt sie den Ausbilderschein f\u00fcr die Kauffrau\/den Kaufmann f\u00fcr B\u00fcrokommunikation. <\/span><\/p>\t\t\t\t\t\t\t\t<\/div>\n\t\t\t\t<\/div>\n\t\t\t\t\t<\/div>\n\t\t\t\t<\/div>\n\t\t<div class=\"elementor-element elementor-element-3645757 e-flex e-con-boxed e-con e-parent\" data-id=\"3645757\" data-element_type=\"container\" data-settings=\"{&quot;background_background&quot;:&quot;classic&quot;}\">\n\t\t\t\t\t<div class=\"e-con-inner\">\n\t\t<div class=\"elementor-element elementor-element-7029de7 e-con-full e-flex e-con e-child\" data-id=\"7029de7\" data-element_type=\"container\">\n\t\t\t\t<div class=\"elementor-element elementor-element-70fea06 elementor-widget elementor-widget-heading\" data-id=\"70fea06\" data-element_type=\"widget\" data-widget_type=\"heading.default\">\n\t\t\t\t\t<h2 class=\"elementor-heading-title elementor-size-default\">We are here for you <br>\n- on site in our office, by <br>\nBy phone, e-mail or video call.<\/h2>\t\t\t\t<\/div>\n\t\t\t\t<\/div>\n\t\t<div class=\"elementor-element elementor-element-da82f5b e-con-full e-flex e-con e-child\" data-id=\"da82f5b\" data-element_type=\"container\">\n\t\t\t\t<div class=\"elementor-element elementor-element-7039c9b pfeil-button elementor-mobile-align-justify elementor-widget elementor-widget-button\" data-id=\"7039c9b\" data-element_type=\"widget\" data-widget_type=\"button.default\">\n\t\t\t\t\t\t\t\t\t\t<a class=\"elementor-button elementor-button-link elementor-size-sm\" href=\"https:\/\/gwgl-hamburg.de\/en\/kontakt\/\">\n\t\t\t\t\t\t<span class=\"elementor-button-content-wrapper\">\n\t\t\t\t\t\t<span class=\"elementor-button-icon\">\n\t\t\t\t<svg xmlns=\"http:\/\/www.w3.org\/2000\/svg\" xmlns:xlink=\"http:\/\/www.w3.org\/1999\/xlink\" id=\"Ebene_1\" data-name=\"Ebene 1\" viewbox=\"0 0 40 20\"><defs><style>      .cls-1, .cls-2 {        fill: none;      }      .cls-2 {        stroke: aqua;      }      .cls-3 {        clip-path: url(#clippath);      }    <\/style><clippath id=\"clippath\"><rect class=\"cls-1\" x=\"1.31\" y=\".48\" width=\"38.18\" height=\"19.04\"><\/rect><\/clippath><\/defs><g class=\"cls-3\"><line class=\"cls-2\" x1=\"1.31\" y1=\"10.14\" x2=\"38.57\" y2=\"10.14\"><\/line><polyline class=\"cls-2\" points=\"30.1 .93 38.57 10.14 30.1 19.06\"><\/polyline><\/g><\/svg>\t\t\t<\/span>\n\t\t\t\t\t\t\t\t\t<span class=\"elementor-button-text\">Contact us<\/span>\n\t\t\t\t\t<\/span>\n\t\t\t\t\t<\/a>\n\t\t\t\t\t\t\t\t<\/div>\n\t\t\t\t<\/div>\n\t\t\t\t\t<\/div>\n\t\t\t\t<\/div>\n\t\t\t\t<\/div>","protected":false},"excerpt":{"rendered":"<p>Ein sch\u00f6nes Zitat f\u00fcr die jeweiligen Mitarbeiter oder allgemein zu Mitarbeitern. Grimme, Winkler und Grau Home \u00bb Team \u00bb Karola Haack Karola Haack Rechtsanwaltsfachangestellte, Assistenz,Empfang Frau Haack ist seit Gr\u00fcndung der Kanzlei im Jahre 2016 f\u00fcr GWGL t\u00e4tig. Sie ist gelernte Rechtsanwalts- und Notariatsfachangestellte und vor der Industrie- und Handelskammer staatlich gepr\u00fcfte Sekret\u00e4rin, zudem besitzt [&hellip;]<\/p>\n","protected":false},"author":2,"featured_media":0,"parent":292,"menu_order":0,"comment_status":"closed","ping_status":"closed","template":"elementor_header_footer","meta":{"_acf_changed":false,"footnotes":""},"class_list":["post-3753","page","type-page","status-publish","hentry"],"acf":[],"_links":{"self":[{"href":"https:\/\/gwgl-hamburg.de\/en\/wp-json\/wp\/v2\/pages\/3753","targetHints":{"allow":["GET"]}}],"collection":[{"href":"https:\/\/gwgl-hamburg.de\/en\/wp-json\/wp\/v2\/pages"}],"about":[{"href":"https:\/\/gwgl-hamburg.de\/en\/wp-json\/wp\/v2\/types\/page"}],"author":[{"embeddable":true,"href":"https:\/\/gwgl-hamburg.de\/en\/wp-json\/wp\/v2\/users\/2"}],"replies":[{"embeddable":true,"href":"https:\/\/gwgl-hamburg.de\/en\/wp-json\/wp\/v2\/comments?post=3753"}],"version-history":[{"count":13,"href":"https:\/\/gwgl-hamburg.de\/en\/wp-json\/wp\/v2\/pages\/3753\/revisions"}],"predecessor-version":[{"id":4650,"href":"https:\/\/gwgl-hamburg.de\/en\/wp-json\/wp\/v2\/pages\/3753\/revisions\/4650"}],"up":[{"embeddable":true,"href":"https:\/\/gwgl-hamburg.de\/en\/wp-json\/wp\/v2\/pages\/292"}],"wp:attachment":[{"href":"https:\/\/gwgl-hamburg.de\/en\/wp-json\/wp\/v2\/media?parent=3753"}],"curies":[{"name":"wp","href":"https:\/\/api.w.org\/{rel}","templated":true}]}}