{"id":3762,"date":"2025-10-02T11:29:11","date_gmt":"2025-10-02T09:29:11","guid":{"rendered":"https:\/\/gwgl-hamburg.de\/?page_id=3762"},"modified":"2026-03-20T10:45:59","modified_gmt":"2026-03-20T09:45:59","slug":"julian-mirow","status":"publish","type":"page","link":"https:\/\/gwgl-hamburg.de\/en\/team\/julian-mirow\/","title":{"rendered":"Julian Mirow"},"content":{"rendered":"<div data-elementor-type=\"wp-page\" data-elementor-id=\"3762\" class=\"elementor elementor-3762\" data-elementor-post-type=\"page\">\n\t\t\t\t<div class=\"elementor-element elementor-element-74ec5ac e-flex e-con-boxed e-con e-parent\" data-id=\"74ec5ac\" data-element_type=\"container\" data-settings=\"{&quot;background_background&quot;:&quot;classic&quot;}\">\n\t\t\t\t\t<div class=\"e-con-inner\">\n\t\t\t\t<div class=\"elementor-element elementor-element-d883ca7 elementor-widget elementor-widget-heading\" data-id=\"d883ca7\" data-element_type=\"widget\" data-widget_type=\"heading.default\">\n\t\t\t\t\t<h1 class=\"elementor-heading-title elementor-size-default\">Ein sch\u00f6nes Zitat f\u00fcr die <br>jeweiligen Mitarbeiter<br> oder allgemein zu Mitarbeitern.<\/h1>\t\t\t\t<\/div>\n\t\t\t\t<div class=\"elementor-element elementor-element-a9dd239 elementor-widget elementor-widget-text-editor\" data-id=\"a9dd239\" data-element_type=\"widget\" data-widget_type=\"text-editor.default\">\n\t\t\t\t\t\t\t\t\t<p>Grimme, Winkler and Grau<\/p>\t\t\t\t\t\t\t\t<\/div>\n\t\t\t\t\t<\/div>\n\t\t\t\t<\/div>\n\t\t<div class=\"elementor-element elementor-element-92ec6f4 smallscreenpadding e-flex e-con-boxed e-con e-parent\" data-id=\"92ec6f4\" data-element_type=\"container\">\n\t\t\t\t\t<div class=\"e-con-inner\">\n\t\t\t\t<div class=\"elementor-element elementor-element-0b41498 elementor-icon-list--layout-inline elementor-list-item-link-full_width elementor-widget elementor-widget-icon-list\" data-id=\"0b41498\" data-element_type=\"widget\" data-widget_type=\"icon-list.default\">\n\t\t\t\t\t\t\t<ul class=\"elementor-icon-list-items elementor-inline-items\">\n\t\t\t\t\t\t\t<li class=\"elementor-icon-list-item elementor-inline-item\">\n\t\t\t\t\t\t\t\t\t\t\t<a href=\"https:\/\/gwgl-hamburg.de\/en\/\">\n\n\t\t\t\t\t\t\t\t\t\t\t<span class=\"elementor-icon-list-text\">Home \u00bb<\/span>\n\t\t\t\t\t\t\t\t\t\t\t<\/a>\n\t\t\t\t\t\t\t\t\t<\/li>\n\t\t\t\t\t\t\t\t<li class=\"elementor-icon-list-item elementor-inline-item\">\n\t\t\t\t\t\t\t\t\t\t\t<a href=\"https:\/\/gwgl-hamburg.de\/en\/team\/\">\n\n\t\t\t\t\t\t\t\t\t\t\t<span class=\"elementor-icon-list-text\">Team \u00bb<\/span>\n\t\t\t\t\t\t\t\t\t\t\t<\/a>\n\t\t\t\t\t\t\t\t\t<\/li>\n\t\t\t\t\t\t\t\t<li class=\"elementor-icon-list-item elementor-inline-item\">\n\t\t\t\t\t\t\t\t\t\t<span class=\"elementor-icon-list-text\">Julian Mirow<\/span>\n\t\t\t\t\t\t\t\t\t<\/li>\n\t\t\t\t\t\t<\/ul>\n\t\t\t\t\t\t<\/div>\n\t\t\t\t\t<\/div>\n\t\t\t\t<\/div>\n\t\t<div class=\"elementor-element elementor-element-3084bc2 smallscreenpadding e-flex e-con-boxed elementor-invisible e-con e-parent\" data-id=\"3084bc2\" data-element_type=\"container\" data-settings=\"{&quot;animation&quot;:&quot;fadeInUp&quot;}\">\n\t\t\t\t\t<div class=\"e-con-inner\">\n\t\t<div class=\"elementor-element elementor-element-feb1d39 e-con-full e-flex e-con e-child\" data-id=\"feb1d39\" data-element_type=\"container\">\n\t\t\t\t<div class=\"elementor-element elementor-element-190eb5a elementor-widget elementor-widget-image\" data-id=\"190eb5a\" data-element_type=\"widget\" data-widget_type=\"image.default\">\n\t\t\t\t\t\t\t\t\t\t\t\t\t\t\t<img fetchpriority=\"high\" decoding=\"async\" width=\"600\" height=\"598\" src=\"https:\/\/gwgl-hamburg.de\/wp-content\/uploads\/2025\/08\/X2_web.webp\" class=\"attachment-large size-large wp-image-324\" alt=\"\" srcset=\"https:\/\/gwgl-hamburg.de\/wp-content\/uploads\/2025\/08\/X2_web.webp 600w, https:\/\/gwgl-hamburg.de\/wp-content\/uploads\/2025\/08\/X2_web-300x300.webp 300w, https:\/\/gwgl-hamburg.de\/wp-content\/uploads\/2025\/08\/X2_web-150x150.webp 150w\" sizes=\"(max-width: 600px) 100vw, 600px\" \/>\t\t\t\t\t\t\t\t\t\t\t\t\t\t\t<\/div>\n\t\t<div class=\"elementor-element elementor-element-eec9e21 e-con-full e-flex e-con e-child\" data-id=\"eec9e21\" data-element_type=\"container\">\n\t\t<div class=\"elementor-element elementor-element-d3f7244 e-con-full e-flex e-con e-child\" data-id=\"d3f7244\" data-element_type=\"container\">\n\t\t\t\t<div class=\"elementor-element elementor-element-cfb1ffe elementor-widget elementor-widget-heading\" data-id=\"cfb1ffe\" data-element_type=\"widget\" data-widget_type=\"heading.default\">\n\t\t\t\t\t<h2 class=\"elementor-heading-title elementor-size-default\">Julian Mirow<\/h2>\t\t\t\t<\/div>\n\t\t\t\t<\/div>\n\t\t<div class=\"elementor-element elementor-element-3fc4abd e-con-full e-flex e-con e-child\" data-id=\"3fc4abd\" data-element_type=\"container\">\n\t\t\t\t<div class=\"elementor-element elementor-element-448b4cc elementor-widget elementor-widget-text-editor\" data-id=\"448b4cc\" data-element_type=\"widget\" data-widget_type=\"text-editor.default\">\n\t\t\t\t\t\t\t\t\t<p>Employed lawyer<\/p>\t\t\t\t\t\t\t\t<\/div>\n\t\t\t\t<\/div>\n\t\t\t\t<\/div>\n\t\t\t\t<\/div>\n\t\t<div class=\"elementor-element elementor-element-22cd054 e-con-full e-flex e-con e-child\" data-id=\"22cd054\" data-element_type=\"container\">\n\t\t\t\t<div class=\"elementor-element elementor-element-b8a103e elementor-widget elementor-widget-text-editor\" data-id=\"b8a103e\" data-element_type=\"widget\" data-widget_type=\"text-editor.default\">\n\t\t\t\t\t\t\t\t\t<p><span style=\"font-weight: 400;\">Herr Mirow ist seit 2024 als Rechtsanwalt bei GWGL t\u00e4tig und ber\u00e4t unsere Mandanten in steuerrechtlichen und gesellschaftsrechtlichen Angelegenheiten. Zuvor war er vier Jahre lang f\u00fcr eine international aufgestellte Wirtschaftskanzlei in Hamburg t\u00e4tig. Die Beratungsschwerpunkte von Herrn Mirow liegen in den Bereichen Umwandlungssteuerrecht, Erbschaft- und Schenkungsteuerrecht, Nachfolgeplanung sowie der Beratung und der Vertretung unserer Mandanten in Gesellschafterstreitigkeiten sowie im allgemeinen Gesellschaftsrecht.<\/span><\/p><p><span style=\"font-weight: 400;\">Sprachen: Deutsch, Englisch<\/span><\/p>\t\t\t\t\t\t\t\t<\/div>\n\t\t\t\t<\/div>\n\t\t\t\t\t<\/div>\n\t\t\t\t<\/div>\n\t\t<div class=\"elementor-element elementor-element-9ee0be2 e-flex e-con-boxed e-con e-parent\" data-id=\"9ee0be2\" data-element_type=\"container\" data-settings=\"{&quot;background_background&quot;:&quot;classic&quot;}\">\n\t\t\t\t\t<div class=\"e-con-inner\">\n\t\t<div class=\"elementor-element elementor-element-ca3d7f1 e-con-full e-flex e-con e-child\" data-id=\"ca3d7f1\" data-element_type=\"container\">\n\t\t\t\t<div class=\"elementor-element elementor-element-f341e13 elementor-widget elementor-widget-heading\" data-id=\"f341e13\" data-element_type=\"widget\" data-widget_type=\"heading.default\">\n\t\t\t\t\t<h2 class=\"elementor-heading-title elementor-size-default\">We are here for you <br>\n- on site in our office, by <br>\nBy phone, e-mail or video call.<\/h2>\t\t\t\t<\/div>\n\t\t\t\t<\/div>\n\t\t<div class=\"elementor-element elementor-element-4066a3e e-con-full e-flex e-con e-child\" data-id=\"4066a3e\" data-element_type=\"container\">\n\t\t\t\t<div class=\"elementor-element elementor-element-4732100 pfeil-button elementor-mobile-align-justify elementor-widget elementor-widget-button\" data-id=\"4732100\" data-element_type=\"widget\" data-widget_type=\"button.default\">\n\t\t\t\t\t\t\t\t\t\t<a class=\"elementor-button elementor-button-link elementor-size-sm\" href=\"https:\/\/gwgl-hamburg.de\/en\/kontakt\/\">\n\t\t\t\t\t\t<span class=\"elementor-button-content-wrapper\">\n\t\t\t\t\t\t<span class=\"elementor-button-icon\">\n\t\t\t\t<svg xmlns=\"http:\/\/www.w3.org\/2000\/svg\" xmlns:xlink=\"http:\/\/www.w3.org\/1999\/xlink\" id=\"Ebene_1\" data-name=\"Ebene 1\" viewbox=\"0 0 40 20\"><defs><style>      .cls-1, .cls-2 {        fill: none;      }      .cls-2 {        stroke: aqua;      }      .cls-3 {        clip-path: url(#clippath);      }    <\/style><clippath id=\"clippath\"><rect class=\"cls-1\" x=\"1.31\" y=\".48\" width=\"38.18\" height=\"19.04\"><\/rect><\/clippath><\/defs><g class=\"cls-3\"><line class=\"cls-2\" x1=\"1.31\" y1=\"10.14\" x2=\"38.57\" y2=\"10.14\"><\/line><polyline class=\"cls-2\" points=\"30.1 .93 38.57 10.14 30.1 19.06\"><\/polyline><\/g><\/svg>\t\t\t<\/span>\n\t\t\t\t\t\t\t\t\t<span class=\"elementor-button-text\">Contact us<\/span>\n\t\t\t\t\t<\/span>\n\t\t\t\t\t<\/a>\n\t\t\t\t\t\t\t\t<\/div>\n\t\t\t\t<\/div>\n\t\t\t\t\t<\/div>\n\t\t\t\t<\/div>\n\t\t\t\t<\/div>","protected":false},"excerpt":{"rendered":"<p>Ein sch\u00f6nes Zitat f\u00fcr die jeweiligen Mitarbeiter oder allgemein zu Mitarbeitern. Grimme, Winkler und Grau Home \u00bb Team \u00bb Julian Mirow Julian Mirow Angestellter Rechtsanwalt Herr Mirow ist seit 2024 als Rechtsanwalt bei GWGL t\u00e4tig und ber\u00e4t unsere Mandanten in steuerrechtlichen und gesellschaftsrechtlichen Angelegenheiten. Zuvor war er vier Jahre lang f\u00fcr eine international aufgestellte Wirtschaftskanzlei [&hellip;]<\/p>\n","protected":false},"author":2,"featured_media":0,"parent":292,"menu_order":0,"comment_status":"closed","ping_status":"closed","template":"elementor_header_footer","meta":{"_acf_changed":false,"footnotes":""},"class_list":["post-3762","page","type-page","status-publish","hentry"],"acf":[],"_links":{"self":[{"href":"https:\/\/gwgl-hamburg.de\/en\/wp-json\/wp\/v2\/pages\/3762","targetHints":{"allow":["GET"]}}],"collection":[{"href":"https:\/\/gwgl-hamburg.de\/en\/wp-json\/wp\/v2\/pages"}],"about":[{"href":"https:\/\/gwgl-hamburg.de\/en\/wp-json\/wp\/v2\/types\/page"}],"author":[{"embeddable":true,"href":"https:\/\/gwgl-hamburg.de\/en\/wp-json\/wp\/v2\/users\/2"}],"replies":[{"embeddable":true,"href":"https:\/\/gwgl-hamburg.de\/en\/wp-json\/wp\/v2\/comments?post=3762"}],"version-history":[{"count":13,"href":"https:\/\/gwgl-hamburg.de\/en\/wp-json\/wp\/v2\/pages\/3762\/revisions"}],"predecessor-version":[{"id":4641,"href":"https:\/\/gwgl-hamburg.de\/en\/wp-json\/wp\/v2\/pages\/3762\/revisions\/4641"}],"up":[{"embeddable":true,"href":"https:\/\/gwgl-hamburg.de\/en\/wp-json\/wp\/v2\/pages\/292"}],"wp:attachment":[{"href":"https:\/\/gwgl-hamburg.de\/en\/wp-json\/wp\/v2\/media?parent=3762"}],"curies":[{"name":"wp","href":"https:\/\/api.w.org\/{rel}","templated":true}]}}