{"id":390,"date":"2025-08-19T15:33:07","date_gmt":"2025-08-19T13:33:07","guid":{"rendered":"https:\/\/gwgl-hamburg.de\/?page_id=390"},"modified":"2026-04-27T12:19:23","modified_gmt":"2026-04-27T10:19:23","slug":"impressum","status":"publish","type":"page","link":"https:\/\/gwgl-hamburg.de\/en\/impressum\/","title":{"rendered":"Imprint"},"content":{"rendered":"<div data-elementor-type=\"wp-page\" data-elementor-id=\"390\" class=\"elementor elementor-390\" data-elementor-post-type=\"page\">\n\t\t\t\t<div class=\"elementor-element elementor-element-90668a0 e-flex e-con-boxed e-con e-parent\" data-id=\"90668a0\" data-element_type=\"container\" data-settings=\"{&quot;background_background&quot;:&quot;classic&quot;}\">\n\t\t\t\t\t<div class=\"e-con-inner\">\n\t\t\t\t<div class=\"elementor-element elementor-element-a5fda2c elementor-widget elementor-widget-heading\" data-id=\"a5fda2c\" data-element_type=\"widget\" data-widget_type=\"heading.default\">\n\t\t\t\t\t<h1 class=\"elementor-heading-title elementor-size-default\">Imprint<\/h1>\t\t\t\t<\/div>\n\t\t\t\t\t<\/div>\n\t\t\t\t<\/div>\n\t\t<div class=\"elementor-element elementor-element-5209077 smallscreenpadding e-flex e-con-boxed e-con e-parent\" data-id=\"5209077\" data-element_type=\"container\">\n\t\t\t\t\t<div class=\"e-con-inner\">\n\t\t\t\t<div class=\"elementor-element elementor-element-9544a11 elementor-icon-list--layout-inline elementor-list-item-link-full_width elementor-widget elementor-widget-icon-list\" data-id=\"9544a11\" data-element_type=\"widget\" data-widget_type=\"icon-list.default\">\n\t\t\t\t\t\t\t<ul class=\"elementor-icon-list-items elementor-inline-items\">\n\t\t\t\t\t\t\t<li class=\"elementor-icon-list-item elementor-inline-item\">\n\t\t\t\t\t\t\t\t\t\t\t<a href=\"https:\/\/gwgl-hamburg.de\/en\/\">\n\n\t\t\t\t\t\t\t\t\t\t\t<span class=\"elementor-icon-list-text\">Home \u00bb<\/span>\n\t\t\t\t\t\t\t\t\t\t\t<\/a>\n\t\t\t\t\t\t\t\t\t<\/li>\n\t\t\t\t\t\t\t\t<li class=\"elementor-icon-list-item elementor-inline-item\">\n\t\t\t\t\t\t\t\t\t\t<span class=\"elementor-icon-list-text\">Imprint<\/span>\n\t\t\t\t\t\t\t\t\t<\/li>\n\t\t\t\t\t\t<\/ul>\n\t\t\t\t\t\t<\/div>\n\t\t\t\t\t<\/div>\n\t\t\t\t<\/div>\n\t\t<div class=\"elementor-element elementor-element-2162805 smallscreenpadding e-flex e-con-boxed e-con e-parent\" data-id=\"2162805\" data-element_type=\"container\">\n\t\t\t\t\t<div class=\"e-con-inner\">\n\t\t\t\t<div class=\"elementor-element elementor-element-e160a29 elementor-widget elementor-widget-heading\" data-id=\"e160a29\" data-element_type=\"widget\" data-widget_type=\"heading.default\">\n\t\t\t\t\t<h2 class=\"elementor-heading-title elementor-size-default\">Impressum der Kanzlei GWGL<\/h2>\t\t\t\t<\/div>\n\t\t\t\t<div class=\"elementor-element elementor-element-1bab25a elementor-widget elementor-widget-text-editor\" data-id=\"1bab25a\" data-element_type=\"widget\" data-widget_type=\"text-editor.default\">\n\t\t\t\t\t\t\t\t\t<p class=\"hyphenate\"><b>Angaben nach \u00a7 5\u00a0Digitale-Dienste-Gesetz\u00a0sowie nach \u00a7 2 DL-InfoV<\/b><\/p><p class=\"hyphenate\">GWGL Grimme Winkler Grau Legal<\/p><p class=\"hyphenate\">Rechtsanw\u00e4lte Fachanw\u00e4lte Steuerberater PartGmbB<\/p><p class=\"hyphenate\">Hohe Bleichen 5<\/p><p class=\"hyphenate\">20354 Hamburg<\/p><p class=\"hyphenate\">Tel.: +49 (0)40 \u2013 300 39 86-0<br \/>Fax: +49 (0)40 \u2013 300 39 86-66<br \/>E-Mail:\u00a0<a class=\"hyphenate\" href=\"mailto:Willkommen@GWGL-Hamburg.de\">Willkommen@GWGL-Hamburg.de<\/a><br \/>Internet:\u00a0<a class=\"hyphenate\" href=\"https:\/\/gwgl-hamburg.de\/en\/\">www.GWGL-Hamburg.de<\/a><\/p><p class=\"hyphenate\">Die Kanzlei ist als Partnerschaftsgesellschaft mit beschr\u00e4nkter Berufshaftung im Partnerschaftsregister des Amtsgerichts Hamburg unter PR1087 eingetragen.<\/p><p class=\"hyphenate\">Partner der Partnerschaftsgesellschaft sind:<\/p><ul><li>Rechtsanwalt und Steuerberater Matthias E. Grimme<\/li><li>Rechtsanw\u00e4ltin Kristin Winkler<\/li><li>Rechtsanwalt Dr. Conrad Grau<\/li><\/ul><p class=\"hyphenate\">Die Partnerschaftsgesellschaft wird durch jeden Partner einzeln vertreten.\u00a0Andere als die vorstehenden Personen, die auf diesen Webseiten aufgef\u00fchrt sind, sind keine Partner der Kanzlei im Sinnes des Partnerschaftsgesellschaftsges<wbr \/>etzes (PartGG).<\/p>\t\t\t\t\t\t\t\t<\/div>\n\t\t\t\t<div class=\"elementor-element elementor-element-4490d0d elementor-widget elementor-widget-heading\" data-id=\"4490d0d\" data-element_type=\"widget\" data-widget_type=\"heading.default\">\n\t\t\t\t\t<h2 class=\"elementor-heading-title elementor-size-default\">Umsatzsteueridentifikationsnummer<\/h2>\t\t\t\t<\/div>\n\t\t\t\t<div class=\"elementor-element elementor-element-4478f47 elementor-widget elementor-widget-text-editor\" data-id=\"4478f47\" data-element_type=\"widget\" data-widget_type=\"text-editor.default\">\n\t\t\t\t\t\t\t\t\t<p>Die Umsatzsteueridentifikationsnummer der Kanzlei lautet: DE308278111.<\/p>\t\t\t\t\t\t\t\t<\/div>\n\t\t\t\t<div class=\"elementor-element elementor-element-c5a7280 elementor-widget elementor-widget-heading\" data-id=\"c5a7280\" data-element_type=\"widget\" data-widget_type=\"heading.default\">\n\t\t\t\t\t<h2 class=\"elementor-heading-title elementor-size-default\">Zust\u00e4ndige Berufskammern<\/h2>\t\t\t\t<\/div>\n\t\t\t\t<div class=\"elementor-element elementor-element-e5d795e elementor-widget elementor-widget-text-editor\" data-id=\"e5d795e\" data-element_type=\"widget\" data-widget_type=\"text-editor.default\">\n\t\t\t\t\t\t\t\t\t<p class=\"hyphenate\">Die gesetzliche Berufsbezeichnung \u2018Rechtsanwalt\u2019 bzw. \u201aSteuerberater\u2018 wird einem so bezeichneten Berufstr\u00e4ger in der Bundesrepublik Deutschland verliehen.<\/p><p class=\"hyphenate\">Die zust\u00e4ndigen Berufskammern und Aufsichtsbeh\u00f6rden sind:<\/p><p class=\"hyphenate\">f\u00fcr\u00a0 Matthias E. Grimme, Kristin Winkler\u00a0 und Dr. Conrad Grau die Hanseatische Rechtsanwaltskammer Hamburg, Valentinskamp 88, 20355 Hamburg;<\/p><p class=\"hyphenate\">f\u00fcr\u00a0 Matthias E. Grimme zus\u00e4tzlich die Steuerberaterkammer Hamburg, Raboisen 32, 20095 Hamburg.<\/p>\t\t\t\t\t\t\t\t<\/div>\n\t\t\t\t<div class=\"elementor-element elementor-element-90a781f elementor-widget elementor-widget-heading\" data-id=\"90a781f\" data-element_type=\"widget\" data-widget_type=\"heading.default\">\n\t\t\t\t\t<h2 class=\"elementor-heading-title elementor-size-default\">Berufsrechtliche Regelungen<\/h2>\t\t\t\t<\/div>\n\t\t\t\t<div class=\"elementor-element elementor-element-49a76f4 elementor-widget elementor-widget-text-editor\" data-id=\"49a76f4\" data-element_type=\"widget\" data-widget_type=\"text-editor.default\">\n\t\t\t\t\t\t\t\t\t<ul><li>BRAO \u2013 Bundesrechtsanwaltsordnung<\/li><li>BORA \u2013 Berufsordnung f\u00fcr Rechtsanw\u00e4lte<\/li><li>RVG \u2013 Gesetz \u00fcber die Verg\u00fctung der Rechtsanw\u00e4ltinnen und Rechtsanw\u00e4lte<\/li><li>CCBE \u2013 Berufsregeln der Rechtsanw\u00e4lte der Europ\u00e4ischen Gemeinschaft<\/li><li>Gesetz \u00fcber die T\u00e4tigkeit europ\u00e4ischer Rechtsanw\u00e4lte in Deutschland<\/li><li>FAO \u2013 Fachanwaltsordnung<\/li><li>StBerG \u2013 Steuerberatungsgesetz<\/li><li>DVStB \u2013 Verordnung zur Durchf\u00fchrung der Vorschriften \u00fcber Steuerberater, Steuerbevollm\u00e4chtigte und Steuerberatungsgesellschaften<\/li><li>BOStB \u2013 Berufsordnung der Bundessteuerberaterkammer<\/li><li>StBGebV \u2013 Steuerberatergeb\u00fchrenverordnung<\/li><\/ul><p class=\"hyphenate\">Die vor\u00adste\u00adhen\u00adden Re\u00adge\u00adlun\u00adgen sowie Hin\u00adwei\u00adse hier\u00adzu sind auf der Home\u00adpage der Bun\u00addes\u00adrechts\u00adan\u00adwalts\u00adkam\u00admer unter www.\u200bbrak.\u200bde bzw. auf der Home\u00adpage der Bun\u00addes\u00adsteu\u00ader\u00adbe\u00adra\u00adter\u00adkam\u00admer unter www.\u200bbstbk.\u200bde ab\u00adruf\u00adbar.<\/p>\t\t\t\t\t\t\t\t<\/div>\n\t\t\t\t<div class=\"elementor-element elementor-element-8f9b33b elementor-widget elementor-widget-heading\" data-id=\"8f9b33b\" data-element_type=\"widget\" data-widget_type=\"heading.default\">\n\t\t\t\t\t<h2 class=\"elementor-heading-title elementor-size-default\">Berufshaftpflicht<\/h2>\t\t\t\t<\/div>\n\t\t\t\t<div class=\"elementor-element elementor-element-5250593 elementor-widget elementor-widget-text-editor\" data-id=\"5250593\" data-element_type=\"widget\" data-widget_type=\"text-editor.default\">\n\t\t\t\t\t\t\t\t\t<p>Die Berufshaftpflichtversicherung mit EU-weiter Geltung besteht \u00fcber die HDI Versicherung AG, HDI-Platz 1, 30659 Hannover<\/p>\t\t\t\t\t\t\t\t<\/div>\n\t\t\t\t<div class=\"elementor-element elementor-element-05685a2 elementor-widget elementor-widget-heading\" data-id=\"05685a2\" data-element_type=\"widget\" data-widget_type=\"heading.default\">\n\t\t\t\t\t<h2 class=\"elementor-heading-title elementor-size-default\">Hinweise zur alternativen Streitbeilegung nach der Online Dispute Resolution-Verordnung (ODR-VO) und nach dem Verbraucherstreitbeilegungsgesetz (VSBG)<\/h2>\t\t\t\t<\/div>\n\t\t\t\t<div class=\"elementor-element elementor-element-3c2edba elementor-widget elementor-widget-text-editor\" data-id=\"3c2edba\" data-element_type=\"widget\" data-widget_type=\"text-editor.default\">\n\t\t\t\t\t\t\t\t\t<p class=\"hyphenate\">Alternative Streitbeilegung gem. Art. 14 Abs. 1 ODR-VO:<br \/>Plattform der EU zur au\u00dfergerichtlichen Online-Streitbeilegung:\u00a0<a class=\"hyphenate\" href=\"https:\/\/ec.europa.eu\/consumers\/odr\" target=\"_blank\" rel=\"noopener nofollow\">https:\/\/ec.europa.eu\/consumers\/odr<\/a><\/p><p class=\"hyphenate\">Unsere E-Mail-Adresse lautet:\u00a0<a class=\"hyphenate\" href=\"mailto:Willkommen@GWGL-Hamburg.de\">Willkommen@GWGL-Hamburg.de<\/a><\/p><p class=\"hyphenate\">Allgemeine Informationspflichten gem. \u00a7 36 VBSG:<br \/>Wir sind nicht bereit und nicht verpflichtet, an einem Streitbeilegungsverfahren vor einer Verbraucherschlichtungsstelle teilzunehmen.<\/p>\t\t\t\t\t\t\t\t<\/div>\n\t\t\t\t<div class=\"elementor-element elementor-element-2f9eacc elementor-widget elementor-widget-heading\" data-id=\"2f9eacc\" data-element_type=\"widget\" data-widget_type=\"heading.default\">\n\t\t\t\t\t<h2 class=\"elementor-heading-title elementor-size-default\">Inhaltliche Verantwortlichkeit<\/h2>\t\t\t\t<\/div>\n\t\t\t\t<div class=\"elementor-element elementor-element-ec661eb elementor-widget elementor-widget-text-editor\" data-id=\"ec661eb\" data-element_type=\"widget\" data-widget_type=\"text-editor.default\">\n\t\t\t\t\t\t\t\t\t<p class=\"hyphenate\">Dr. Conrad Grau, c\/o GWGL PartGmbB, Hohe Bleichen 5, 20354 Hamburg ist Verantwortlicher f\u00fcr den redaktionellen Teil i.S.d. \u00a7 55 Abs. 2 RStV.<\/p><p class=\"hyphenate\"><strong>Website-Gestaltung, -Konzeption und -Umsetzung:<\/strong><br \/><a class=\"hyphenate\" href=\"https:\/\/www.mantau-agentur.de\/\" target=\"_blank\" rel=\"noopener\">mantau | Agentur f\u00fcr Web, Design &amp; Strategie<\/a><\/p><p class=\"hyphenate\">Bildquelle: Startupstockphotos \/ Pixabay<\/p>\t\t\t\t\t\t\t\t<\/div>\n\t\t\t\t\t<\/div>\n\t\t\t\t<\/div>\n\t\t<div class=\"elementor-element elementor-element-5cc43f6 smallscreenpadding e-flex e-con-boxed e-con e-parent\" data-id=\"5cc43f6\" data-element_type=\"container\" data-settings=\"{&quot;background_background&quot;:&quot;classic&quot;}\">\n\t\t\t\t\t<div class=\"e-con-inner\">\n\t\t<div class=\"elementor-element elementor-element-72d9480 e-con-full e-flex e-con e-child\" data-id=\"72d9480\" data-element_type=\"container\">\n\t\t\t\t<div class=\"elementor-element elementor-element-2ecaa7c elementor-widget elementor-widget-heading\" data-id=\"2ecaa7c\" data-element_type=\"widget\" data-widget_type=\"heading.default\">\n\t\t\t\t\t<h2 class=\"elementor-heading-title elementor-size-default\">We are here for you <br>\n- on site in our office, by <br>\nBy phone, e-mail or video call.<\/h2>\t\t\t\t<\/div>\n\t\t\t\t<\/div>\n\t\t<div class=\"elementor-element elementor-element-3310490 e-con-full e-flex e-con e-child\" data-id=\"3310490\" data-element_type=\"container\">\n\t\t\t\t<div class=\"elementor-element elementor-element-64a3603 feil-button elementor-mobile-align-justify elementor-widget elementor-widget-button\" data-id=\"64a3603\" data-element_type=\"widget\" data-widget_type=\"button.default\">\n\t\t\t\t\t\t\t\t\t\t<a class=\"elementor-button elementor-button-link elementor-size-sm\" href=\"https:\/\/gwgl-hamburg.de\/en\/kontakt\/\">\n\t\t\t\t\t\t<span class=\"elementor-button-content-wrapper\">\n\t\t\t\t\t\t<span class=\"elementor-button-icon\">\n\t\t\t\t<svg xmlns=\"http:\/\/www.w3.org\/2000\/svg\" xmlns:xlink=\"http:\/\/www.w3.org\/1999\/xlink\" id=\"Ebene_1\" data-name=\"Ebene 1\" viewbox=\"0 0 40 20\"><defs><style>      .cls-1, .cls-2 {        fill: none;      }      .cls-2 {        stroke: aqua;      }      .cls-3 {        clip-path: url(#clippath);      }    <\/style><clippath id=\"clippath\"><rect class=\"cls-1\" x=\"1.31\" y=\".48\" width=\"38.18\" height=\"19.04\"><\/rect><\/clippath><\/defs><g class=\"cls-3\"><line class=\"cls-2\" x1=\"1.31\" y1=\"10.14\" x2=\"38.57\" y2=\"10.14\"><\/line><polyline class=\"cls-2\" points=\"30.1 .93 38.57 10.14 30.1 19.06\"><\/polyline><\/g><\/svg>\t\t\t<\/span>\n\t\t\t\t\t\t\t\t\t<span class=\"elementor-button-text\">Contact us<\/span>\n\t\t\t\t\t<\/span>\n\t\t\t\t\t<\/a>\n\t\t\t\t\t\t\t\t<\/div>\n\t\t\t\t<\/div>\n\t\t\t\t\t<\/div>\n\t\t\t\t<\/div>\n\t\t\t\t<\/div>","protected":false},"excerpt":{"rendered":"<p>Impressum Home \u00bb Impressum Impressum der Kanzlei GWGL Angaben nach \u00a7 5\u00a0Digitale-Dienste-Gesetz\u00a0sowie nach \u00a7 2 DL-InfoV GWGL Grimme Winkler Grau Legal Rechtsanw\u00e4lte Fachanw\u00e4lte Steuerberater PartGmbB Hohe Bleichen 5 20354 Hamburg Tel.: +49 (0)40 \u2013 300 39 86-0Fax: +49 (0)40 \u2013 300 39 86-66E-Mail:\u00a0Willkommen@GWGL-Hamburg.deInternet:\u00a0www.GWGL-Hamburg.de Die Kanzlei ist als Partnerschaftsgesellschaft mit beschr\u00e4nkter Berufshaftung im Partnerschaftsregister des Amtsgerichts [&hellip;]<\/p>\n","protected":false},"author":2,"featured_media":0,"parent":0,"menu_order":0,"comment_status":"closed","ping_status":"closed","template":"elementor_header_footer","meta":{"_acf_changed":false,"footnotes":""},"class_list":["post-390","page","type-page","status-publish","hentry"],"acf":[],"_links":{"self":[{"href":"https:\/\/gwgl-hamburg.de\/en\/wp-json\/wp\/v2\/pages\/390","targetHints":{"allow":["GET"]}}],"collection":[{"href":"https:\/\/gwgl-hamburg.de\/en\/wp-json\/wp\/v2\/pages"}],"about":[{"href":"https:\/\/gwgl-hamburg.de\/en\/wp-json\/wp\/v2\/types\/page"}],"author":[{"embeddable":true,"href":"https:\/\/gwgl-hamburg.de\/en\/wp-json\/wp\/v2\/users\/2"}],"replies":[{"embeddable":true,"href":"https:\/\/gwgl-hamburg.de\/en\/wp-json\/wp\/v2\/comments?post=390"}],"version-history":[{"count":25,"href":"https:\/\/gwgl-hamburg.de\/en\/wp-json\/wp\/v2\/pages\/390\/revisions"}],"predecessor-version":[{"id":5191,"href":"https:\/\/gwgl-hamburg.de\/en\/wp-json\/wp\/v2\/pages\/390\/revisions\/5191"}],"wp:attachment":[{"href":"https:\/\/gwgl-hamburg.de\/en\/wp-json\/wp\/v2\/media?parent=390"}],"curies":[{"name":"wp","href":"https:\/\/api.w.org\/{rel}","templated":true}]}}