{"id":395,"date":"2025-08-19T15:37:44","date_gmt":"2025-08-19T13:37:44","guid":{"rendered":"https:\/\/gwgl-hamburg.de\/?page_id=395"},"modified":"2026-04-27T12:19:47","modified_gmt":"2026-04-27T10:19:47","slug":"nutzungsbedingungen","status":"publish","type":"page","link":"https:\/\/gwgl-hamburg.de\/en\/nutzungsbedingungen\/","title":{"rendered":"Terms of use"},"content":{"rendered":"<div data-elementor-type=\"wp-page\" data-elementor-id=\"395\" class=\"elementor elementor-395\" data-elementor-post-type=\"page\">\n\t\t\t\t<div class=\"elementor-element elementor-element-90668a0 e-flex e-con-boxed e-con e-parent\" data-id=\"90668a0\" data-element_type=\"container\" data-settings=\"{&quot;background_background&quot;:&quot;classic&quot;}\">\n\t\t\t\t\t<div class=\"e-con-inner\">\n\t\t\t\t<div class=\"elementor-element elementor-element-a5fda2c elementor-widget elementor-widget-heading\" data-id=\"a5fda2c\" data-element_type=\"widget\" data-widget_type=\"heading.default\">\n\t\t\t\t\t<h1 class=\"elementor-heading-title elementor-size-default\">Terms of use<\/h1>\t\t\t\t<\/div>\n\t\t\t\t\t<\/div>\n\t\t\t\t<\/div>\n\t\t<div class=\"elementor-element elementor-element-98da910 smallscreenpadding e-flex e-con-boxed e-con e-parent\" data-id=\"98da910\" data-element_type=\"container\">\n\t\t\t\t\t<div class=\"e-con-inner\">\n\t\t\t\t<div class=\"elementor-element elementor-element-da53e8a elementor-icon-list--layout-inline elementor-list-item-link-full_width elementor-widget elementor-widget-icon-list\" data-id=\"da53e8a\" data-element_type=\"widget\" data-widget_type=\"icon-list.default\">\n\t\t\t\t\t\t\t<ul class=\"elementor-icon-list-items elementor-inline-items\">\n\t\t\t\t\t\t\t<li class=\"elementor-icon-list-item elementor-inline-item\">\n\t\t\t\t\t\t\t\t\t\t\t<a href=\"https:\/\/gwgl-hamburg.de\/en\/\">\n\n\t\t\t\t\t\t\t\t\t\t\t<span class=\"elementor-icon-list-text\">Home \u00bb<\/span>\n\t\t\t\t\t\t\t\t\t\t\t<\/a>\n\t\t\t\t\t\t\t\t\t<\/li>\n\t\t\t\t\t\t\t\t<li class=\"elementor-icon-list-item elementor-inline-item\">\n\t\t\t\t\t\t\t\t\t\t<span class=\"elementor-icon-list-text\">Terms of use<\/span>\n\t\t\t\t\t\t\t\t\t<\/li>\n\t\t\t\t\t\t<\/ul>\n\t\t\t\t\t\t<\/div>\n\t\t\t\t\t<\/div>\n\t\t\t\t<\/div>\n\t\t<div class=\"elementor-element elementor-element-2162805 legalcontent smallscreenpadding e-flex e-con-boxed e-con e-parent\" data-id=\"2162805\" data-element_type=\"container\">\n\t\t\t\t\t<div class=\"e-con-inner\">\n\t\t\t\t<div class=\"elementor-element elementor-element-e160a29 elementor-widget elementor-widget-heading\" data-id=\"e160a29\" data-element_type=\"widget\" data-widget_type=\"heading.default\">\n\t\t\t\t\t<h2 class=\"elementor-heading-title elementor-size-default\">Nutzungsbedingungen \u2013 keine einzelfallbezogene Beratung<\/h2>\t\t\t\t<\/div>\n\t\t\t\t<div class=\"elementor-element elementor-element-1bab25a elementor-widget elementor-widget-text-editor\" data-id=\"1bab25a\" data-element_type=\"widget\" data-widget_type=\"text-editor.default\">\n\t\t\t\t\t\t\t\t\t<p class=\"hyphenate\"><b>Keine einzelfallbezogene Rechts- oder Steuerberatung<\/b><\/p><p class=\"hyphenate\">Die auf der Webseite\u00a0<a class=\"hyphenate\" title=\"zur Startseite der Kanzlei GWGL Rechtsanw\u00e4lte und Steuerberater in Hamburg\" href=\"https:\/\/gwgl-hamburg.de\/en\/\">www.GWGL-Hamburg.de<\/a>\u00a0ver\u00f6ffentlichen Inhalte, Beitr\u00e4ge und Informationen (zusammen die \u201eInhalte\u201c) dienen ausschlie\u00dflich der allgemeinen Information und zur eigenverantwortlichen Verwendung durch den Nutzer. Die Inhalte stellen in keinem Fall eine rechtliche oder steuerliche Beratung im Einzelfall dar. Es wird darauf hingewiesen, dass die Inhalte keinen Ersatz f\u00fcr die individuelle rechtliche oder steuerliche Beratung im Einzelfall bieten sollen.<\/p><p class=\"hyphenate\">Weder durch den Abruf und die Nutzung der Inhalte noch durch sonstige Kommunikation (inkl. Kommentaren) wird zwischen dem jeweiligen Nutzer und der Kanzlei GWGL Grimme Winkler Grau Legal PartGmbB (inkl. deren Partner und Mitarbeiter) oder etwaigen Gastautoren ein Mandatsverh\u00e4ltnis begr\u00fcndet.<\/p>\t\t\t\t\t\t\t\t<\/div>\n\t\t\t\t<div class=\"elementor-element elementor-element-4490d0d elementor-widget elementor-widget-heading\" data-id=\"4490d0d\" data-element_type=\"widget\" data-widget_type=\"heading.default\">\n\t\t\t\t\t<h2 class=\"elementor-heading-title elementor-size-default\">Haftungsausschluss<\/h2>\t\t\t\t<\/div>\n\t\t\t\t<div class=\"elementor-element elementor-element-4478f47 elementor-widget elementor-widget-text-editor\" data-id=\"4478f47\" data-element_type=\"widget\" data-widget_type=\"text-editor.default\">\n\t\t\t\t\t\t\t\t\t<p>Die Inhalte wurden mit gr\u00f6\u00dfter Sorgfalt erstellt. Gleichwohl \u00fcbernehmen weder die Kanzlei GWGL Grimme Winkler Grau Legal PartGmbB (inkl. deren Partner und Mitarbeiter) noch etwaige Gastautoren Gew\u00e4hr oder Haftung f\u00fcr die Richtigkeit oder Vollst\u00e4ndigkeit der Inhalte.<\/p>\t\t\t\t\t\t\t\t<\/div>\n\t\t\t\t<div class=\"elementor-element elementor-element-c5a7280 elementor-widget elementor-widget-heading\" data-id=\"c5a7280\" data-element_type=\"widget\" data-widget_type=\"heading.default\">\n\t\t\t\t\t<h2 class=\"elementor-heading-title elementor-size-default\">Urheberrechte<\/h2>\t\t\t\t<\/div>\n\t\t\t\t<div class=\"elementor-element elementor-element-e5d795e elementor-widget elementor-widget-text-editor\" data-id=\"e5d795e\" data-element_type=\"widget\" data-widget_type=\"text-editor.default\">\n\t\t\t\t\t\t\t\t\t<p class=\"hyphenate\">Soweit nicht anders gekennzeichnet, stehen der Kanzlei GWGL Grimme Winkler Grau Legal PartGmbB s\u00e4mtliche Urheber- und Nutzungsrechte an den Inhalten zu. Eine Vervielf\u00e4ltigung, Weiterverbreitung oder sonstige Nutzung der Inhalte ohne die Zustimmung der Kanzlei GWGL Grimme Winkler Grau L\u00fcbbert PartGmbB ist untersagt. Die Verlinkung, Kommentierung oder kontextbezogene Bezugnahme der Inhalte ist erlaubt.<\/p>\t\t\t\t\t\t\t\t<\/div>\n\t\t\t\t\t<\/div>\n\t\t\t\t<\/div>\n\t\t<div class=\"elementor-element elementor-element-764d5a2 smallscreenpadding e-flex e-con-boxed e-con e-parent\" data-id=\"764d5a2\" data-element_type=\"container\" data-settings=\"{&quot;background_background&quot;:&quot;classic&quot;}\">\n\t\t\t\t\t<div class=\"e-con-inner\">\n\t\t<div class=\"elementor-element elementor-element-aa0eaca e-con-full e-flex e-con e-child\" data-id=\"aa0eaca\" data-element_type=\"container\">\n\t\t\t\t<div class=\"elementor-element elementor-element-cbf93c9 elementor-widget elementor-widget-heading\" data-id=\"cbf93c9\" data-element_type=\"widget\" data-widget_type=\"heading.default\">\n\t\t\t\t\t<h2 class=\"elementor-heading-title elementor-size-default\">We are here for you <br>\n- on site in our office, by <br>\nBy phone, e-mail or video call.<\/h2>\t\t\t\t<\/div>\n\t\t\t\t<\/div>\n\t\t<div class=\"elementor-element elementor-element-47936c3 e-con-full e-flex e-con e-child\" data-id=\"47936c3\" data-element_type=\"container\">\n\t\t\t\t<div class=\"elementor-element elementor-element-facdf70 feil-button elementor-mobile-align-justify elementor-widget elementor-widget-button\" data-id=\"facdf70\" data-element_type=\"widget\" data-widget_type=\"button.default\">\n\t\t\t\t\t\t\t\t\t\t<a class=\"elementor-button elementor-button-link elementor-size-sm\" href=\"https:\/\/gwgl-hamburg.de\/en\/kontakt\/\">\n\t\t\t\t\t\t<span class=\"elementor-button-content-wrapper\">\n\t\t\t\t\t\t<span class=\"elementor-button-icon\">\n\t\t\t\t<svg xmlns=\"http:\/\/www.w3.org\/2000\/svg\" xmlns:xlink=\"http:\/\/www.w3.org\/1999\/xlink\" id=\"Ebene_1\" data-name=\"Ebene 1\" viewbox=\"0 0 40 20\"><defs><style>      .cls-1, .cls-2 {        fill: none;      }      .cls-2 {        stroke: aqua;      }      .cls-3 {        clip-path: url(#clippath);      }    <\/style><clippath id=\"clippath\"><rect class=\"cls-1\" x=\"1.31\" y=\".48\" width=\"38.18\" height=\"19.04\"><\/rect><\/clippath><\/defs><g class=\"cls-3\"><line class=\"cls-2\" x1=\"1.31\" y1=\"10.14\" x2=\"38.57\" y2=\"10.14\"><\/line><polyline class=\"cls-2\" points=\"30.1 .93 38.57 10.14 30.1 19.06\"><\/polyline><\/g><\/svg>\t\t\t<\/span>\n\t\t\t\t\t\t\t\t\t<span class=\"elementor-button-text\">Contact us<\/span>\n\t\t\t\t\t<\/span>\n\t\t\t\t\t<\/a>\n\t\t\t\t\t\t\t\t<\/div>\n\t\t\t\t<\/div>\n\t\t\t\t\t<\/div>\n\t\t\t\t<\/div>\n\t\t\t\t<\/div>","protected":false},"excerpt":{"rendered":"<p>Nutzungsbedingungen Home \u00bb Nutzungsbedingungen Nutzungsbedingungen \u2013 keine einzelfallbezogene Beratung Keine einzelfallbezogene Rechts- oder Steuerberatung Die auf der Webseite\u00a0www.GWGL-Hamburg.de\u00a0ver\u00f6ffentlichen Inhalte, Beitr\u00e4ge und Informationen (zusammen die \u201eInhalte\u201c) dienen ausschlie\u00dflich der allgemeinen Information und zur eigenverantwortlichen Verwendung durch den Nutzer. Die Inhalte stellen in keinem Fall eine rechtliche oder steuerliche Beratung im Einzelfall dar. Es wird darauf hingewiesen, [&hellip;]<\/p>\n","protected":false},"author":2,"featured_media":0,"parent":0,"menu_order":0,"comment_status":"closed","ping_status":"closed","template":"elementor_header_footer","meta":{"_acf_changed":false,"footnotes":""},"class_list":["post-395","page","type-page","status-publish","hentry"],"acf":[],"_links":{"self":[{"href":"https:\/\/gwgl-hamburg.de\/en\/wp-json\/wp\/v2\/pages\/395","targetHints":{"allow":["GET"]}}],"collection":[{"href":"https:\/\/gwgl-hamburg.de\/en\/wp-json\/wp\/v2\/pages"}],"about":[{"href":"https:\/\/gwgl-hamburg.de\/en\/wp-json\/wp\/v2\/types\/page"}],"author":[{"embeddable":true,"href":"https:\/\/gwgl-hamburg.de\/en\/wp-json\/wp\/v2\/users\/2"}],"replies":[{"embeddable":true,"href":"https:\/\/gwgl-hamburg.de\/en\/wp-json\/wp\/v2\/comments?post=395"}],"version-history":[{"count":37,"href":"https:\/\/gwgl-hamburg.de\/en\/wp-json\/wp\/v2\/pages\/395\/revisions"}],"predecessor-version":[{"id":5194,"href":"https:\/\/gwgl-hamburg.de\/en\/wp-json\/wp\/v2\/pages\/395\/revisions\/5194"}],"wp:attachment":[{"href":"https:\/\/gwgl-hamburg.de\/en\/wp-json\/wp\/v2\/media?parent=395"}],"curies":[{"name":"wp","href":"https:\/\/api.w.org\/{rel}","templated":true}]}}