{"id":4140,"date":"2026-02-02T13:58:59","date_gmt":"2026-02-02T12:58:59","guid":{"rendered":"https:\/\/gwgl-hamburg.de\/?page_id=4140"},"modified":"2026-02-02T13:58:59","modified_gmt":"2026-02-02T12:58:59","slug":"umwandlungen","status":"publish","type":"page","link":"https:\/\/gwgl-hamburg.de\/en\/rechtsgebiete\/gesellschaftsrecht\/umwandlungen\/","title":{"rendered":"Conversions"},"content":{"rendered":"<h1>Conversions<\/h1>\n<p class=\"p1\">Unternehmerische Entwicklungen, Wachstum oder Nachfolge\u00fcberlegungen machen h\u00e4ufig eine Anpassung der rechtlichen Struktur erforderlich. Umwandlungen und die Schaffung von Holding-Strukturen bieten vielf\u00e4ltige M\u00f6glichkeiten, Haftungsrisiken zu begrenzen, steuerliche und organisatorische Vorteile zu nutzen und Unternehmen zukunftsf\u00e4hig aufzustellen. Eine sorgf\u00e4ltige steuerliche und rechtliche Planung ist dabei unerl\u00e4sslich.<\/p>\n<p class=\"p1\">Wir beraten Unternehmen umfassend bei Umwandlungen und Strukturma\u00dfnahmen, insbesondere bei der \u00dcberf\u00fchrung von Einzelunternehmen in eine GmbH sowie bei der Errichtung und Gestaltung von Holding-Strukturen. Dabei legen wir besonderen Wert auf die fr\u00fchzeitige steuerliche Pr\u00fcfung und Konzeptionierung, um unerw\u00fcnschte steuerliche Belastungen zu vermeiden und Gestaltungsspielr\u00e4ume optimal zu nutzen.<\/p>\n<p class=\"p1\">Unsere Beratung umfasst die Analyse der bestehenden Unternehmensstruktur, die Entwicklung geeigneter Umwandlungs- und Beteiligungsmodelle sowie die rechtliche Umsetzung der geplanten Ma\u00dfnahmen. Steuerliche Auswirkungen werden hierbei von Beginn an ber\u00fccksichtigt und in ein gesamtheitliches Strukturkonzept eingebunden.<\/p>\n<p class=\"p1\">Wir unterst\u00fctzen unsere Mandanten unter anderem bei:<\/p>\n<ul class=\"ul1\">\n<li class=\"li3\">der rechtlichen und steuerlichen Strukturierung von Umwandlungen und Einbringungen<\/li>\n<li class=\"li3\">der \u00dcberf\u00fchrung von Einzelunternehmen in Kapitalgesellschaften, insbesondere GmbHs<\/li>\n<li class=\"li3\">der Konzeption und Umsetzung steuerlich sinnvoller Holding- und Beteiligungsstrukturen<\/li>\n<li class=\"li3\">der Anpassung von Gesellschaftsvertr\u00e4gen und Beteiligungsvereinbarungen<\/li>\n<li class=\"li3\">der Begleitung der Umsetzung einschlie\u00dflich der erforderlichen Beschlussfassungen<\/li>\n<\/ul>\n<p class=\"p4\"><span class=\"s1\">Unsere Beratung ist praxisnah, vorausschauend und l\u00f6sungsorientiert. Ziel ist es, rechtssichere und steuerlich durchdachte Unternehmensstrukturen zu schaffen, die den wirtschaftlichen und strategischen Anforderungen unserer Mandanten gerecht werden.<\/span><\/p>","protected":false},"excerpt":{"rendered":"<p>Umwandlungen Unternehmerische Entwicklungen, Wachstum oder Nachfolge\u00fcberlegungen machen h\u00e4ufig eine Anpassung der rechtlichen Struktur erforderlich. Umwandlungen und die Schaffung von Holding-Strukturen bieten vielf\u00e4ltige M\u00f6glichkeiten, Haftungsrisiken zu begrenzen, steuerliche und organisatorische Vorteile zu nutzen und Unternehmen zukunftsf\u00e4hig aufzustellen. Eine sorgf\u00e4ltige steuerliche und rechtliche Planung ist dabei unerl\u00e4sslich. Wir beraten Unternehmen umfassend bei Umwandlungen und Strukturma\u00dfnahmen, insbesondere bei [&hellip;]<\/p>\n","protected":false},"author":2,"featured_media":0,"parent":3231,"menu_order":0,"comment_status":"closed","ping_status":"closed","template":"","meta":{"_acf_changed":false,"footnotes":""},"class_list":["post-4140","page","type-page","status-publish","hentry"],"acf":[],"_links":{"self":[{"href":"https:\/\/gwgl-hamburg.de\/en\/wp-json\/wp\/v2\/pages\/4140","targetHints":{"allow":["GET"]}}],"collection":[{"href":"https:\/\/gwgl-hamburg.de\/en\/wp-json\/wp\/v2\/pages"}],"about":[{"href":"https:\/\/gwgl-hamburg.de\/en\/wp-json\/wp\/v2\/types\/page"}],"author":[{"embeddable":true,"href":"https:\/\/gwgl-hamburg.de\/en\/wp-json\/wp\/v2\/users\/2"}],"replies":[{"embeddable":true,"href":"https:\/\/gwgl-hamburg.de\/en\/wp-json\/wp\/v2\/comments?post=4140"}],"version-history":[{"count":2,"href":"https:\/\/gwgl-hamburg.de\/en\/wp-json\/wp\/v2\/pages\/4140\/revisions"}],"predecessor-version":[{"id":4155,"href":"https:\/\/gwgl-hamburg.de\/en\/wp-json\/wp\/v2\/pages\/4140\/revisions\/4155"}],"up":[{"embeddable":true,"href":"https:\/\/gwgl-hamburg.de\/en\/wp-json\/wp\/v2\/pages\/3231"}],"wp:attachment":[{"href":"https:\/\/gwgl-hamburg.de\/en\/wp-json\/wp\/v2\/media?parent=4140"}],"curies":[{"name":"wp","href":"https:\/\/api.w.org\/{rel}","templated":true}]}}