{"id":4142,"date":"2026-02-02T13:55:40","date_gmt":"2026-02-02T12:55:40","guid":{"rendered":"https:\/\/gwgl-hamburg.de\/?page_id=4142"},"modified":"2026-02-02T13:56:03","modified_gmt":"2026-02-02T12:56:03","slug":"laufende-betreuung-mittelstaendischer-unternehmen","status":"publish","type":"page","link":"https:\/\/gwgl-hamburg.de\/en\/rechtsgebiete\/gesellschaftsrecht\/laufende-betreuung-mittelstaendischer-unternehmen\/","title":{"rendered":"laufende Betreuung mittelst\u00e4ndischer Unternehmen"},"content":{"rendered":"<h1>Laufende Betreuung mittelst\u00e4ndischer Unternehmen<\/h1>\n<p class=\"p2\">Mittelst\u00e4ndische Unternehmen stehen im laufenden Gesch\u00e4ftsbetrieb vor vielf\u00e4ltigen rechtlichen Herausforderungen. Unternehmerische Entscheidungen m\u00fcssen h\u00e4ufig kurzfristig getroffen werden und zugleich rechtlich abgesichert sein. Eine kontinuierliche rechtliche Begleitung schafft dabei Sicherheit, entlastet interne Ressourcen und erm\u00f6glicht es, sich auf das Kerngesch\u00e4ft zu konzentrieren.<\/p>\n<p class=\"p2\">Wir beraten und begleiten mittelst\u00e4ndische Unternehmen fortlaufend in allen wesentlichen rechtlichen Fragestellungen ihres Gesch\u00e4ftsbetriebs. Unsere laufende Betreuung ist auf eine langfristige Zusammenarbeit ausgerichtet und bietet unseren Mandanten einen verl\u00e4sslichen rechtlichen Ansprechpartner, der die Strukturen, Prozesse und Ziele des Unternehmens kennt.<\/p>\n<p class=\"p2\">Im Rahmen der laufenden Betreuung unterst\u00fctzen wir unsere Mandanten insbesondere bei:<\/p>\n<ul class=\"ul1\">\n<li class=\"li1\">das rechtliche Sparring bei unternehmerischen Entscheidungen im Tagesgesch\u00e4ft<\/li>\n<li class=\"li1\">der Gestaltung, Pr\u00fcfung und Anpassung von Vertr\u00e4gen<\/li>\n<li class=\"li1\">Corporate Governance Themen<\/li>\n<li class=\"li1\">gesellschaftsrechtlichen Fragestellungen und Gesellschafterangelegenheiten<\/li>\n<li class=\"li1\">der Verhandlungen von konstruktiven L\u00f6sungen bei Konflikten<\/li>\n<\/ul>\n<p class=\"p3\"><span class=\"s1\">Unsere Beratung ist praxisorientiert, vorausschauend und l\u00f6sungsbezogen. Wir legen Wert auf klare, verst\u00e4ndliche Empfehlungen und entwickeln rechtssichere L\u00f6sungen, die den wirtschaftlichen Interessen unserer Mandanten Rechnung tragen und eine nachhaltige Unternehmensentwicklung unterst\u00fctzen.<\/span><\/p>","protected":false},"excerpt":{"rendered":"<p>Laufende Betreuung mittelst\u00e4ndischer Unternehmen Mittelst\u00e4ndische Unternehmen stehen im laufenden Gesch\u00e4ftsbetrieb vor vielf\u00e4ltigen rechtlichen Herausforderungen. Unternehmerische Entscheidungen m\u00fcssen h\u00e4ufig kurzfristig getroffen werden und zugleich rechtlich abgesichert sein. Eine kontinuierliche rechtliche Begleitung schafft dabei Sicherheit, entlastet interne Ressourcen und erm\u00f6glicht es, sich auf das Kerngesch\u00e4ft zu konzentrieren. Wir beraten und begleiten mittelst\u00e4ndische Unternehmen fortlaufend in allen wesentlichen [&hellip;]<\/p>\n","protected":false},"author":2,"featured_media":0,"parent":3231,"menu_order":0,"comment_status":"closed","ping_status":"closed","template":"","meta":{"_acf_changed":false,"footnotes":""},"class_list":["post-4142","page","type-page","status-publish","hentry"],"acf":[],"_links":{"self":[{"href":"https:\/\/gwgl-hamburg.de\/en\/wp-json\/wp\/v2\/pages\/4142","targetHints":{"allow":["GET"]}}],"collection":[{"href":"https:\/\/gwgl-hamburg.de\/en\/wp-json\/wp\/v2\/pages"}],"about":[{"href":"https:\/\/gwgl-hamburg.de\/en\/wp-json\/wp\/v2\/types\/page"}],"author":[{"embeddable":true,"href":"https:\/\/gwgl-hamburg.de\/en\/wp-json\/wp\/v2\/users\/2"}],"replies":[{"embeddable":true,"href":"https:\/\/gwgl-hamburg.de\/en\/wp-json\/wp\/v2\/comments?post=4142"}],"version-history":[{"count":2,"href":"https:\/\/gwgl-hamburg.de\/en\/wp-json\/wp\/v2\/pages\/4142\/revisions"}],"predecessor-version":[{"id":4153,"href":"https:\/\/gwgl-hamburg.de\/en\/wp-json\/wp\/v2\/pages\/4142\/revisions\/4153"}],"up":[{"embeddable":true,"href":"https:\/\/gwgl-hamburg.de\/en\/wp-json\/wp\/v2\/pages\/3231"}],"wp:attachment":[{"href":"https:\/\/gwgl-hamburg.de\/en\/wp-json\/wp\/v2\/media?parent=4142"}],"curies":[{"name":"wp","href":"https:\/\/api.w.org\/{rel}","templated":true}]}}