{"id":4144,"date":"2026-02-02T13:58:13","date_gmt":"2026-02-02T12:58:13","guid":{"rendered":"https:\/\/gwgl-hamburg.de\/?page_id=4144"},"modified":"2026-02-02T13:58:13","modified_gmt":"2026-02-02T12:58:13","slug":"beteiligungen-venture-capital","status":"publish","type":"page","link":"https:\/\/gwgl-hamburg.de\/en\/rechtsgebiete\/gesellschaftsrecht\/beteiligungen-venture-capital\/","title":{"rendered":"Investments, venture capital"},"content":{"rendered":"<h1>Investments, venture capital<\/h1>\n<p class=\"p2\">Beteiligungen und Venture-Capital-Investitionen sind zentrale Instrumente zur Finanzierung, zum Wachstum und zur strategischen Weiterentwicklung von Unternehmen. Sie erfordern eine sorgf\u00e4ltige rechtliche Strukturierung, um die Interessen aller Beteiligten ausgewogen zu ber\u00fccksichtigen und langfristige Rechtssicherheit zu schaffen.<\/p>\n<p class=\"p2\">Wir beraten sowohl Unternehmen als auch Investoren umfassend bei der Strukturierung, Umsetzung und Begleitung von Beteiligungen und Venture-Capital-Transaktionen. Dabei verbinden wir fundierte gesellschaftsrechtliche Expertise mit einem tiefen Verst\u00e4ndnis f\u00fcr wirtschaftliche Zielsetzungen und markttypische Investorenanforderungen.<\/p>\n<p class=\"p2\">Unsere Beratung umfasst insbesondere die Gestaltung und Verhandlung von Beteiligungsvertr\u00e4gen, die rechtliche Begleitung von Finanzierungsrunden sowie die Abstimmung von gesellschaftsrechtlichen und vertraglichen Regelungen. Wir begleiten unsere Mandanten von der ersten Struktur\u00fcberlegung bis zur rechtssicheren Umsetzung der Beteiligung \u2013 unabh\u00e4ngig davon, ob sie auf Unternehmens- oder Investorenseite stehen.<\/p>\n<p class=\"p4\">Dabei beraten wir unter anderem zu:<\/p>\n<ul class=\"ul1\">\n<li class=\"li1\">der Strukturierung von Beteiligungen und Investitionsmodellen, von Eigenkapitalzufuhr \u00fcber Wandeldarlehen bis stille Gesellschaften und Unterbeteiligungen<\/li>\n<li class=\"li1\">der Ausarbeitung und Pr\u00fcfung von Beteiligungs- und Gesellschaftervereinbarungen<\/li>\n<li class=\"li1\">Sonderrechten f\u00fcr Investoren (z.B. Erl\u00f6spr\u00e4ferenzen, Verw\u00e4sserungsschutz, etc.)<\/li>\n<li class=\"li1\">der Gestaltung von Regelungen zu Mitwirkungsrechten, Kontrollrechten und Exit-Szenarien<\/li>\n<li class=\"li1\">Konzeptionierung von Call-Optionen bzw. Put-Optionen<\/li>\n<li class=\"li1\">der Vorbereitung und Koordinierung von Kapitalma\u00dfnahmen und Finanzierungsrunden<\/li>\n<\/ul>\n<p class=\"p6\"><span class=\"s1\">Unsere Beratung ist strategisch, l\u00f6sungsorientiert und praxisnah. Ziel ist es, tragf\u00e4hige Beteiligungsstrukturen zu schaffen, die unternehmerische Entwicklung erm\u00f6glichen und zugleich rechtliche Klarheit f\u00fcr alle Beteiligten gew\u00e4hrleisten.<\/span><\/p>","protected":false},"excerpt":{"rendered":"<p>Beteiligungen, Venture Capital Beteiligungen und Venture-Capital-Investitionen sind zentrale Instrumente zur Finanzierung, zum Wachstum und zur strategischen Weiterentwicklung von Unternehmen. Sie erfordern eine sorgf\u00e4ltige rechtliche Strukturierung, um die Interessen aller Beteiligten ausgewogen zu ber\u00fccksichtigen und langfristige Rechtssicherheit zu schaffen. Wir beraten sowohl Unternehmen als auch Investoren umfassend bei der Strukturierung, Umsetzung und Begleitung von Beteiligungen und [&hellip;]<\/p>\n","protected":false},"author":2,"featured_media":0,"parent":3231,"menu_order":0,"comment_status":"closed","ping_status":"closed","template":"","meta":{"_acf_changed":false,"footnotes":""},"class_list":["post-4144","page","type-page","status-publish","hentry"],"acf":[],"_links":{"self":[{"href":"https:\/\/gwgl-hamburg.de\/en\/wp-json\/wp\/v2\/pages\/4144","targetHints":{"allow":["GET"]}}],"collection":[{"href":"https:\/\/gwgl-hamburg.de\/en\/wp-json\/wp\/v2\/pages"}],"about":[{"href":"https:\/\/gwgl-hamburg.de\/en\/wp-json\/wp\/v2\/types\/page"}],"author":[{"embeddable":true,"href":"https:\/\/gwgl-hamburg.de\/en\/wp-json\/wp\/v2\/users\/2"}],"replies":[{"embeddable":true,"href":"https:\/\/gwgl-hamburg.de\/en\/wp-json\/wp\/v2\/comments?post=4144"}],"version-history":[{"count":1,"href":"https:\/\/gwgl-hamburg.de\/en\/wp-json\/wp\/v2\/pages\/4144\/revisions"}],"predecessor-version":[{"id":4154,"href":"https:\/\/gwgl-hamburg.de\/en\/wp-json\/wp\/v2\/pages\/4144\/revisions\/4154"}],"up":[{"embeddable":true,"href":"https:\/\/gwgl-hamburg.de\/en\/wp-json\/wp\/v2\/pages\/3231"}],"wp:attachment":[{"href":"https:\/\/gwgl-hamburg.de\/en\/wp-json\/wp\/v2\/media?parent=4144"}],"curies":[{"name":"wp","href":"https:\/\/api.w.org\/{rel}","templated":true}]}}