{"id":4157,"date":"2026-02-02T14:05:52","date_gmt":"2026-02-02T13:05:52","guid":{"rendered":"https:\/\/gwgl-hamburg.de\/?page_id=4157"},"modified":"2026-03-04T17:25:32","modified_gmt":"2026-03-04T16:25:32","slug":"familien-pools-und-familiengesellschaften","status":"publish","type":"page","link":"https:\/\/gwgl-hamburg.de\/en\/rechtsgebiete\/gesellschaftsrecht\/familien-pools-und-familiengesellschaften\/","title":{"rendered":"Familien-Pools und Familiengesellschaften"},"content":{"rendered":"<h1>Familien-Pools und Familiengesellschaften<\/h1>\n<p class=\"p1\">Familien-Pools und Familiengesellschaften sind bew\u00e4hrte Instrumente zur B\u00fcndelung, Verwaltung und langfristigen Sicherung von Familienverm\u00f6gen. Sie dienen der strukturierten Verm\u00f6gensorganisation, der Regelung von Nachfolgefragen sowie der Wahrung famili\u00e4rer und wirtschaftlicher Interessen \u00fcber Generationen hinweg. Zugleich erm\u00f6glichen sie eine fr\u00fchzeitige und steuerlich optimierte \u00dcbertragung von Verm\u00f6genswerten auf nachfolgende Generationen. Eine sorgf\u00e4ltige rechtliche und steuerliche Gestaltung ist dabei von zentraler Bedeutung.<\/p>\n<p class=\"p1\">Wir beraten Familien und deren Gesellschaften umfassend bei der Errichtung, Strukturierung und laufenden Betreuung von Familien-Pools und Familiengesellschaften. Ziel ist es, Verm\u00f6genswerte effizient zu b\u00fcndeln, langfristig zu sichern und \u00dcbertragungen auf die n\u00e4chste Generation steuerlich sinnvoll zu gestalten. Dabei entwickeln wir ma\u00dfgeschneiderte L\u00f6sungen, die sowohl den rechtlichen Rahmenbedingungen als auch den individuellen famili\u00e4ren und wirtschaftlichen Zielsetzungen gerecht werden.<\/p>\n<p class=\"p1\">Unsere Beratung umfasst die Konzeption geeigneter Gesellschafts- und Beteiligungsstrukturen, die Gestaltung von Gesellschaftsvertr\u00e4gen sowie die Regelung von Mitwirkungs-, Verwaltungs- und Kontrollrechten. Besonderes Augenmerk legen wir auf Regelungen, die eine schrittweise, steuerlich optimierte Verm\u00f6gens\u00fcbertragung erm\u00f6glichen und zugleich den Fortbestand und die Handlungsf\u00e4higkeit der Gesellschaft sichern.<\/p>\n<p class=\"p1\">Wir unterst\u00fctzen unsere Mandanten unter anderem bei:<\/p>\n<ul class=\"ul1\">\n<li class=\"li2\">der rechtlichen und steuerlichen Strukturierung von Familien-Pools und Familiengesellschaften<\/li>\n<li class=\"li2\">der Gestaltung von Gesellschaftsvertr\u00e4gen und Poolvereinbarungen mit Blick auf Verm\u00f6gens\u00fcbertragungen<\/li>\n<li class=\"li2\">der Einbringung und \u00dcbertragung von Verm\u00f6genswerten innerhalb der Familie<\/li>\n<li class=\"li2\">der Entwicklung langfristiger Nachfolge- und Governance-Strukturen<\/li>\n<li class=\"li2\">der Begleitung von Gesellschafterversammlungen und Beschlussfassungen<\/li>\n<\/ul>\n<p class=\"p1\">Unsere Beratung ist vorausschauend, diskret und l\u00f6sungsorientiert. Ziel ist es, rechtssichere und steuerlich durchdachte Strukturen zu schaffen, die Verm\u00f6gen sch\u00fctzen, Generationenwechsel erleichtern und eine langfristige Stabilit\u00e4t der Familiengesellschaft gew\u00e4hrleisten.<\/p>","protected":false},"excerpt":{"rendered":"<p>Familien-Pools und Familiengesellschaften Familien-Pools und Familiengesellschaften sind bew\u00e4hrte Instrumente zur B\u00fcndelung, Verwaltung und langfristigen Sicherung von Familienverm\u00f6gen. Sie dienen der strukturierten Verm\u00f6gensorganisation, der Regelung von Nachfolgefragen sowie der Wahrung famili\u00e4rer und wirtschaftlicher Interessen \u00fcber Generationen hinweg. Zugleich erm\u00f6glichen sie eine fr\u00fchzeitige und steuerlich optimierte \u00dcbertragung von Verm\u00f6genswerten auf nachfolgende Generationen. Eine sorgf\u00e4ltige rechtliche und steuerliche [&hellip;]<\/p>\n","protected":false},"author":2,"featured_media":0,"parent":3231,"menu_order":0,"comment_status":"closed","ping_status":"closed","template":"","meta":{"_acf_changed":false,"footnotes":""},"class_list":["post-4157","page","type-page","status-publish","hentry"],"acf":[],"_links":{"self":[{"href":"https:\/\/gwgl-hamburg.de\/en\/wp-json\/wp\/v2\/pages\/4157","targetHints":{"allow":["GET"]}}],"collection":[{"href":"https:\/\/gwgl-hamburg.de\/en\/wp-json\/wp\/v2\/pages"}],"about":[{"href":"https:\/\/gwgl-hamburg.de\/en\/wp-json\/wp\/v2\/types\/page"}],"author":[{"embeddable":true,"href":"https:\/\/gwgl-hamburg.de\/en\/wp-json\/wp\/v2\/users\/2"}],"replies":[{"embeddable":true,"href":"https:\/\/gwgl-hamburg.de\/en\/wp-json\/wp\/v2\/comments?post=4157"}],"version-history":[{"count":2,"href":"https:\/\/gwgl-hamburg.de\/en\/wp-json\/wp\/v2\/pages\/4157\/revisions"}],"predecessor-version":[{"id":4192,"href":"https:\/\/gwgl-hamburg.de\/en\/wp-json\/wp\/v2\/pages\/4157\/revisions\/4192"}],"up":[{"embeddable":true,"href":"https:\/\/gwgl-hamburg.de\/en\/wp-json\/wp\/v2\/pages\/3231"}],"wp:attachment":[{"href":"https:\/\/gwgl-hamburg.de\/en\/wp-json\/wp\/v2\/media?parent=4157"}],"curies":[{"name":"wp","href":"https:\/\/api.w.org\/{rel}","templated":true}]}}