{"id":4161,"date":"2026-02-02T14:11:07","date_gmt":"2026-02-02T13:11:07","guid":{"rendered":"https:\/\/gwgl-hamburg.de\/?page_id=4161"},"modified":"2026-02-02T14:11:07","modified_gmt":"2026-02-02T13:11:07","slug":"gesellschafterversammlungen","status":"publish","type":"page","link":"https:\/\/gwgl-hamburg.de\/en\/rechtsgebiete\/gesellschaftsrecht\/gesellschafterversammlungen\/","title":{"rendered":"Shareholders' meetings"},"content":{"rendered":"<h1>Gesellschafterversammlungen<\/h1>\n<p class=\"p1\">Gesellschafterversammlungen sind ein zentrales Organ der Willensbildung in Gesellschaften. In ihnen werden grundlegende unternehmerische Entscheidungen getroffen, strategische Weichen gestellt und rechtlich verbindliche Beschl\u00fcsse gefasst. Eine ordnungsgem\u00e4\u00dfe Vorbereitung und Durchf\u00fchrung ist dabei entscheidend, um Anfechtungsrisiken zu vermeiden und Rechtssicherheit f\u00fcr Gesellschafter und Gesch\u00e4ftsf\u00fchrung zu gew\u00e4hrleisten.<\/p>\n<p class=\"p1\">Eine Gesellschafterversammlung ist oftmals auch das Forum bei Gesellschafterstreitigkeiten (siehe <span class=\"s1\">hier<\/span> [Link zu 15]). Die sehr formalistisch gepr\u00e4gten Regeln zur Einladung und Abhaltung von Gesellschafterversammlungen sind Einfallstor f\u00fcr Anfechtungen von Gesellschafterbeschl\u00fcssen, wenn sie nicht beachtet werden.<\/p>\n<p class=\"p1\">Wir beraten und begleiten Unternehmen umfassend bei der Vorbereitung, Durchf\u00fchrung und Nachbereitung von Gesellschafterversammlungen. Dabei ber\u00fccksichtigen wir sowohl die gesellschaftsrechtlichen Vorgaben als auch die individuellen Regelungen des Gesellschaftsvertrags und die konkreten Interessen der Beteiligten.<\/p>\n<p class=\"p1\">Unsere Beratung umfasst insbesondere die strukturierte Planung der Versammlung, die rechtssichere Formulierung von Einladungen und Tagesordnungen sowie die Ausarbeitung von Beschlussvorlagen. Wir achten darauf, dass formelle Anforderungen eingehalten und Beschl\u00fcsse klar, eindeutig und umsetzbar gefasst werden.<\/p>\n<p class=\"p1\">Dar\u00fcber hinaus unterst\u00fctzen wir unsere Mandanten bei:<\/p>\n<ul class=\"ul1\">\n<li class=\"li3\">der rechtlichen Vorbereitung ordentlicher und au\u00dferordentlicher Gesellschafterversammlungen<\/li>\n<li class=\"li3\">der Kl\u00e4rung von Stimmrechten, Mehrheitsverh\u00e4ltnissen und Beschlussfassungen<\/li>\n<li class=\"li3\">der Gestaltung und Pr\u00fcfung von Gesellschafterbeschl\u00fcssen<\/li>\n<li class=\"li3\">der Begleitung von Gesellschafterversammlungen, auch bei konflikttr\u00e4chtigen Konstellationen<\/li>\n<li class=\"li3\">der Nachbereitung und Dokumentation der Versammlung sowie der Umsetzung gefasster Beschl\u00fcsse<\/li>\n<\/ul>\n<p class=\"p4\"><span class=\"s2\">Unsere Beratung ist praxisnah, vorausschauend und l\u00f6sungsorientiert. Ziel ist es, Gesellschafterversammlungen rechtssicher zu gestalten, Entscheidungsprozesse zu strukturieren und die Handlungsf\u00e4higkeit der Gesellschaft nachhaltig zu sichern.<\/span><\/p>\n","protected":false},"excerpt":{"rendered":"<p>Gesellschafterversammlungen Gesellschafterversammlungen sind ein zentrales Organ der Willensbildung in Gesellschaften. In ihnen werden grundlegende unternehmerische Entscheidungen getroffen, strategische Weichen gestellt und rechtlich verbindliche Beschl\u00fcsse gefasst. Eine ordnungsgem\u00e4\u00dfe Vorbereitung und Durchf\u00fchrung ist dabei entscheidend, um Anfechtungsrisiken zu vermeiden und Rechtssicherheit f\u00fcr Gesellschafter und Gesch\u00e4ftsf\u00fchrung zu gew\u00e4hrleisten. Eine Gesellschafterversammlung ist oftmals auch das Forum bei Gesellschafterstreitigkeiten (siehe [&hellip;]<\/p>\n","protected":false},"author":2,"featured_media":0,"parent":3231,"menu_order":0,"comment_status":"closed","ping_status":"closed","template":"","meta":{"_acf_changed":false,"footnotes":""},"class_list":["post-4161","page","type-page","status-publish","hentry"],"acf":[],"_links":{"self":[{"href":"https:\/\/gwgl-hamburg.de\/en\/wp-json\/wp\/v2\/pages\/4161","targetHints":{"allow":["GET"]}}],"collection":[{"href":"https:\/\/gwgl-hamburg.de\/en\/wp-json\/wp\/v2\/pages"}],"about":[{"href":"https:\/\/gwgl-hamburg.de\/en\/wp-json\/wp\/v2\/types\/page"}],"author":[{"embeddable":true,"href":"https:\/\/gwgl-hamburg.de\/en\/wp-json\/wp\/v2\/users\/2"}],"replies":[{"embeddable":true,"href":"https:\/\/gwgl-hamburg.de\/en\/wp-json\/wp\/v2\/comments?post=4161"}],"version-history":[{"count":1,"href":"https:\/\/gwgl-hamburg.de\/en\/wp-json\/wp\/v2\/pages\/4161\/revisions"}],"predecessor-version":[{"id":4162,"href":"https:\/\/gwgl-hamburg.de\/en\/wp-json\/wp\/v2\/pages\/4161\/revisions\/4162"}],"up":[{"embeddable":true,"href":"https:\/\/gwgl-hamburg.de\/en\/wp-json\/wp\/v2\/pages\/3231"}],"wp:attachment":[{"href":"https:\/\/gwgl-hamburg.de\/en\/wp-json\/wp\/v2\/media?parent=4161"}],"curies":[{"name":"wp","href":"https:\/\/api.w.org\/{rel}","templated":true}]}}