{"id":428,"date":"2016-10-01T20:02:28","date_gmt":"2016-10-01T18:02:28","guid":{"rendered":"https:\/\/www.gwgl-hamburg.de\/?page_id=428"},"modified":"2025-10-02T12:03:03","modified_gmt":"2025-10-02T10:03:03","slug":"outbound-beratung-fuer-unternehmen","status":"publish","type":"page","link":"https:\/\/gwgl-hamburg.de\/en\/rechtsgebiete\/international-desk\/outbound-beratung-fuer-unternehmen\/","title":{"rendered":"Outbound consulting for companies"},"content":{"rendered":"<h1 class=\"title\">Outbound consulting for companies<\/h1>\n<p>Wir helfen Ihnen, Ihr <strong>Auslands-Engagement reibungslos und optimal zu gestalten<\/strong>. Bei Kapital- wie bei Personaleinsatz.<\/p>\n<h2>Unternehmensinvestitionen oder Direktgesch\u00e4fte im Ausland<\/h2>\n<p>Dank voranschreitender Technik und zusammenwachsender M\u00e4rkte bet\u00e4tigen sich inzwischen auch kleinere Unternehmen \u00fcber die Landesgrenzen hinaus. Oft ist der direkte Verkauf von Waren oder Dienstleistungen im Ausland der erste Schritt.<\/p>\n<p>Wenn sich die Gesch\u00e4fte intensivieren, ergibt sich oft die Gr\u00fcndung einer Betriebsst\u00e4tte oder Niederlassung im Ausland. Bei langfristigem Engagement steht danach meist die Gr\u00fcndung ausl\u00e4ndischer Tochtergesellschaften an. In diesem Kontext hei\u00dft es, Doppelbesteuerung zu vermeiden und zivil- und gesellschaftsrechtliche Fallstricke zu umgehen.<\/p>\n<p><strong>Wir stehen Ihnen bei folgenden Themen als Experten zur Seite:<\/strong><\/p>\n<ul>\n<li>Umsatzsteuer bei grenz\u00fcberschreitenden Dienstleistungen und Warenlieferungen, eCommerce<\/li>\n<li>innergemeinschaftliche Lieferungen<\/li>\n<li>Gr\u00fcndung von Tochtergesellschaften und Betriebsst\u00e4tten im Ausland<\/li>\n<li>Steueroptimale Gestaltung Ihres Auslandsengagements<\/li>\n<li>Fragen der Hinzurechnungsbesteuerung<\/li>\n<\/ul>\n<h2>Internationaler Mitarbeitereinsatz, Mitarbeiterentsendung, Expatriates:<\/h2>\n<p>Werden bereits Gesch\u00e4fte im Ausland get\u00e4tigt, dauert es meist nicht lange, bis Mitarbeiter ins Ausland entsendet werden. In diesem Zusammenhang stellen sich sowohl f\u00fcr den Mitarbeiter als auch das entsendende Unternehmen zahlreiche lohnsteuerliche, einkommensteuerliche und sozialversicherungsrechtliche Fragen.<\/p>\n<p><strong>Wir beraten Sie unter anderem zu folgenden Themen:<\/strong><\/p>\n<ul>\n<li>Wer ist wirtschaftlicher Arbeitgeber w\u00e4hrend der Entsendung?<\/li>\n<li>In welchem Land entsteht Lohnsteuer w\u00e4hrend der Entsendung?<\/li>\n<li>Wer schuldet die Lohnsteuer w\u00e4hrend der Entsendung?<\/li>\n<li>Welches Sozialversicherungsrecht greift f\u00fcr den Arbeitnehmer?<\/li>\n<li>Begr\u00fcndet die Entsendung unter Umst\u00e4nden eine Betriebsst\u00e4tte im Ausland?<\/li>\n<li>Welche steuerlichen Pflichten treffen den Arbeitnehmer?<\/li>\n<li>Wie gestaltet sich die Einkommensteuererkl\u00e4rung f\u00fcr den entsendeten Arbeitnehmer?<\/li>\n<\/ul>","protected":false},"excerpt":{"rendered":"<p>Outbound-Beratung f\u00fcr Unternehmen Wir helfen Ihnen, Ihr Auslands-Engagement reibungslos und optimal zu gestalten. Bei Kapital- wie bei Personaleinsatz. Unternehmensinvestitionen oder Direktgesch\u00e4fte im Ausland Dank voranschreitender Technik und zusammenwachsender M\u00e4rkte bet\u00e4tigen sich inzwischen auch kleinere Unternehmen \u00fcber die Landesgrenzen hinaus. Oft ist der direkte Verkauf von Waren oder Dienstleistungen im Ausland der erste Schritt. Wenn sich [&hellip;]<\/p>\n","protected":false},"author":6,"featured_media":0,"parent":3232,"menu_order":0,"comment_status":"closed","ping_status":"closed","template":"","meta":{"_acf_changed":false,"footnotes":""},"class_list":["post-428","page","type-page","status-publish","hentry"],"acf":[],"_links":{"self":[{"href":"https:\/\/gwgl-hamburg.de\/en\/wp-json\/wp\/v2\/pages\/428","targetHints":{"allow":["GET"]}}],"collection":[{"href":"https:\/\/gwgl-hamburg.de\/en\/wp-json\/wp\/v2\/pages"}],"about":[{"href":"https:\/\/gwgl-hamburg.de\/en\/wp-json\/wp\/v2\/types\/page"}],"author":[{"embeddable":true,"href":"https:\/\/gwgl-hamburg.de\/en\/wp-json\/wp\/v2\/users\/6"}],"replies":[{"embeddable":true,"href":"https:\/\/gwgl-hamburg.de\/en\/wp-json\/wp\/v2\/comments?post=428"}],"version-history":[{"count":3,"href":"https:\/\/gwgl-hamburg.de\/en\/wp-json\/wp\/v2\/pages\/428\/revisions"}],"predecessor-version":[{"id":3818,"href":"https:\/\/gwgl-hamburg.de\/en\/wp-json\/wp\/v2\/pages\/428\/revisions\/3818"}],"up":[{"embeddable":true,"href":"https:\/\/gwgl-hamburg.de\/en\/wp-json\/wp\/v2\/pages\/3232"}],"wp:attachment":[{"href":"https:\/\/gwgl-hamburg.de\/en\/wp-json\/wp\/v2\/media?parent=428"}],"curies":[{"name":"wp","href":"https:\/\/api.w.org\/{rel}","templated":true}]}}