{"id":431,"date":"2016-10-01T20:03:36","date_gmt":"2016-10-01T18:03:36","guid":{"rendered":"https:\/\/www.gwgl-hamburg.de\/?page_id=431"},"modified":"2025-10-02T12:02:21","modified_gmt":"2025-10-02T10:02:21","slug":"inbound-beratung-fuer-unternehmen","status":"publish","type":"page","link":"https:\/\/gwgl-hamburg.de\/en\/rechtsgebiete\/international-desk\/inbound-beratung-fuer-unternehmen\/","title":{"rendered":"Inbound consulting for companies"},"content":{"rendered":"<h1 class=\"title\">Inbound consulting for companies<\/h1>\n<p>You are a <strong>ausl\u00e4ndisches Unternehmen<\/strong> und m\u00f6chten <strong>in Deutschland investieren?<\/strong> Wir machen es Ihnen so einfach wie m\u00f6glich.<\/p>\n<p>Deutschland ist als Investitionsstandort beliebt. Ausl\u00e4ndische Firmen bet\u00e4tigen sich hier mittels Tochtergesellschaften oder Niederlassungen \u2013 und l\u00f6sen eine Vielzahl steuerlicher Pflichten aus. Aber auch bei schlichten Lieferungen oder Dienstleistungen ergeben sich m\u00f6glicherweise steuerliche Ankn\u00fcpfungspunkte im Inland.<\/p>\n<h2 class=\"title\">Unsere Leistungen f\u00fcr Unternehmen<\/h2>\n<p>Wir beraten <strong>ausl\u00e4ndische Unternehmen, die in Deutschland aktiv sind<\/strong> \u2013 auf folgenden Gebieten:<\/p>\n<ul>\n<li>Compliance: Erf\u00fcllung inl\u00e4ndischer Deklarationspflichten wie Buchhaltung, Lohnbuchhaltung, Jahresabschl\u00fcsse und Abgabe von Einkommensteuererkl\u00e4rungen, K\u00f6rperschaftsteuererkl\u00e4rungen und Umsatzsteuererkl\u00e4rungen<\/li>\n<li>Abgabe regelm\u00e4\u00dfiger Umsatzsteuervoranmeldungen f\u00fcr st\u00e4ndige Vertreter oder bei \u00dcberschreiten von Lieferschwellen und Erwerbsschwellen<\/li>\n<li>Gr\u00fcndung von Niederlassungen und Tochtergesellschaften im Inland<\/li>\n<li>Steueroptimale Gestaltung Ihrer Investition in Deutschland<\/li>\n<\/ul>","protected":false},"excerpt":{"rendered":"<p>Inbound-Beratung f\u00fcr Unternehmen Sie sind ein ausl\u00e4ndisches Unternehmen und m\u00f6chten in Deutschland investieren? Wir machen es Ihnen so einfach wie m\u00f6glich. Deutschland ist als Investitionsstandort beliebt. Ausl\u00e4ndische Firmen bet\u00e4tigen sich hier mittels Tochtergesellschaften oder Niederlassungen \u2013 und l\u00f6sen eine Vielzahl steuerlicher Pflichten aus. Aber auch bei schlichten Lieferungen oder Dienstleistungen ergeben sich m\u00f6glicherweise steuerliche Ankn\u00fcpfungspunkte [&hellip;]<\/p>\n","protected":false},"author":6,"featured_media":0,"parent":3232,"menu_order":0,"comment_status":"closed","ping_status":"closed","template":"","meta":{"_acf_changed":false,"footnotes":""},"class_list":["post-431","page","type-page","status-publish","hentry"],"acf":[],"_links":{"self":[{"href":"https:\/\/gwgl-hamburg.de\/en\/wp-json\/wp\/v2\/pages\/431","targetHints":{"allow":["GET"]}}],"collection":[{"href":"https:\/\/gwgl-hamburg.de\/en\/wp-json\/wp\/v2\/pages"}],"about":[{"href":"https:\/\/gwgl-hamburg.de\/en\/wp-json\/wp\/v2\/types\/page"}],"author":[{"embeddable":true,"href":"https:\/\/gwgl-hamburg.de\/en\/wp-json\/wp\/v2\/users\/6"}],"replies":[{"embeddable":true,"href":"https:\/\/gwgl-hamburg.de\/en\/wp-json\/wp\/v2\/comments?post=431"}],"version-history":[{"count":3,"href":"https:\/\/gwgl-hamburg.de\/en\/wp-json\/wp\/v2\/pages\/431\/revisions"}],"predecessor-version":[{"id":3815,"href":"https:\/\/gwgl-hamburg.de\/en\/wp-json\/wp\/v2\/pages\/431\/revisions\/3815"}],"up":[{"embeddable":true,"href":"https:\/\/gwgl-hamburg.de\/en\/wp-json\/wp\/v2\/pages\/3232"}],"wp:attachment":[{"href":"https:\/\/gwgl-hamburg.de\/en\/wp-json\/wp\/v2\/media?parent=431"}],"curies":[{"name":"wp","href":"https:\/\/api.w.org\/{rel}","templated":true}]}}